{"id":1314,"date":"2018-03-19T10:05:16","date_gmt":"2018-03-19T10:05:16","guid":{"rendered":"http:\/\/sucarnweb.com\/logistica\/"},"modified":"2025-01-21T08:57:22","modified_gmt":"2025-01-21T08:57:22","slug":"logistica","status":"publish","type":"page","link":"https:\/\/www.sucarn.es\/ca\/logistica\/","title":{"rendered":"Log\u00edstica"},"content":{"rendered":"\t\t<div data-elementor-type=\"wp-page\" data-elementor-id=\"1314\" class=\"elementor elementor-1314\" data-elementor-post-type=\"page\">\n\t\t\t\t\t\t<section class=\"elementor-section elementor-top-section elementor-element elementor-element-7cc9533a elementor-section-boxed elementor-section-height-default elementor-section-height-default\" data-id=\"7cc9533a\" data-element_type=\"section\" data-e-type=\"section\" data-settings=\"{&quot;background_background&quot;:&quot;classic&quot;}\">\n\t\t\t\t\t\t\t<div class=\"elementor-background-overlay\"><\/div>\n\t\t\t\t\t\t\t<div class=\"elementor-container elementor-column-gap-default\">\n\t\t\t\t\t<div class=\"elementor-column elementor-col-100 elementor-top-column elementor-element elementor-element-56d6e567\" data-id=\"56d6e567\" data-element_type=\"column\" data-e-type=\"column\" data-settings=\"{&quot;background_background&quot;:&quot;classic&quot;}\">\n\t\t\t<div class=\"elementor-widget-wrap elementor-element-populated\">\n\t\t\t\t\t\t<div class=\"elementor-element elementor-element-6ee811ae elementor-widget elementor-widget-spacer\" data-id=\"6ee811ae\" data-element_type=\"widget\" data-e-type=\"widget\" data-widget_type=\"spacer.default\">\n\t\t\t\t<div class=\"elementor-widget-container\">\n\t\t\t\t\t\t\t<div class=\"elementor-spacer\">\n\t\t\t<div class=\"elementor-spacer-inner\"><\/div>\n\t\t<\/div>\n\t\t\t\t\t\t<\/div>\n\t\t\t\t<\/div>\n\t\t\t\t<div class=\"elementor-element elementor-element-6ee5566f elementor-widget elementor-widget-heading\" data-id=\"6ee5566f\" data-element_type=\"widget\" data-e-type=\"widget\" data-widget_type=\"heading.default\">\n\t\t\t\t<div class=\"elementor-widget-container\">\n\t\t\t\t\t<h2 class=\"elementor-heading-title elementor-size-default\">Log\u00edstica<\/h2>\t\t\t\t<\/div>\n\t\t\t\t<\/div>\n\t\t\t\t<div class=\"elementor-element elementor-element-4be17a07 elementor-widget elementor-widget-spacer\" data-id=\"4be17a07\" data-element_type=\"widget\" data-e-type=\"widget\" data-widget_type=\"spacer.default\">\n\t\t\t\t<div class=\"elementor-widget-container\">\n\t\t\t\t\t\t\t<div class=\"elementor-spacer\">\n\t\t\t<div class=\"elementor-spacer-inner\"><\/div>\n\t\t<\/div>\n\t\t\t\t\t\t<\/div>\n\t\t\t\t<\/div>\n\t\t\t\t\t<\/div>\n\t\t<\/div>\n\t\t\t\t\t<\/div>\n\t\t<\/section>\n\t\t\t\t<section class=\"elementor-section elementor-top-section elementor-element elementor-element-330e3153 elementor-section-content-middle elementor-section-stretched elementor-section-boxed elementor-section-height-default elementor-section-height-default\" data-id=\"330e3153\" data-element_type=\"section\" data-e-type=\"section\" data-settings=\"{&quot;stretch_section&quot;:&quot;section-stretched&quot;}\">\n\t\t\t\t\t\t<div class=\"elementor-container elementor-column-gap-default\">\n\t\t\t\t\t<div class=\"elementor-column elementor-col-100 elementor-top-column elementor-element elementor-element-4e10e056\" data-id=\"4e10e056\" data-element_type=\"column\" data-e-type=\"column\">\n\t\t\t<div class=\"elementor-widget-wrap elementor-element-populated\">\n\t\t\t\t\t\t<div class=\"elementor-element elementor-element-77763afd elementor-widget elementor-widget-spacer\" data-id=\"77763afd\" data-element_type=\"widget\" data-e-type=\"widget\" data-widget_type=\"spacer.default\">\n\t\t\t\t<div class=\"elementor-widget-container\">\n\t\t\t\t\t\t\t<div class=\"elementor-spacer\">\n\t\t\t<div class=\"elementor-spacer-inner\"><\/div>\n\t\t<\/div>\n\t\t\t\t\t\t<\/div>\n\t\t\t\t<\/div>\n\t\t\t\t<div class=\"elementor-element elementor-element-9d3030b elementor-widget elementor-widget-heading\" data-id=\"9d3030b\" data-element_type=\"widget\" data-e-type=\"widget\" data-widget_type=\"heading.default\">\n\t\t\t\t<div class=\"elementor-widget-container\">\n\t\t\t\t\t<h3 class=\"elementor-heading-title elementor-size-default\">Log\u00edstica<\/h3>\t\t\t\t<\/div>\n\t\t\t\t<\/div>\n\t\t\t\t<div class=\"elementor-element elementor-element-1ccf5bc1 elementor-widget elementor-widget-spacer\" data-id=\"1ccf5bc1\" data-element_type=\"widget\" data-e-type=\"widget\" data-widget_type=\"spacer.default\">\n\t\t\t\t<div class=\"elementor-widget-container\">\n\t\t\t\t\t\t\t<div class=\"elementor-spacer\">\n\t\t\t<div class=\"elementor-spacer-inner\"><\/div>\n\t\t<\/div>\n\t\t\t\t\t\t<\/div>\n\t\t\t\t<\/div>\n\t\t\t\t<div class=\"elementor-element elementor-element-74e92381 elementor-widget elementor-widget-text-editor\" data-id=\"74e92381\" data-element_type=\"widget\" data-e-type=\"widget\" data-widget_type=\"text-editor.default\">\n\t\t\t\t<div class=\"elementor-widget-container\">\n\t\t\t\t\t\t\t\t\t<p>La log\u00edstica es un element esencial a SUCARN degut al gran volum de productes que produ\u00efm i comercialitzem. Estigui on estigui SEMPRE ESTEM AL SEU COSTAT amb les nostres delegacions repartides arreu d\u2019Espanya i la millor xarxa log\u00edstica. Oferim un servei regular i setmanal a tot l\u2019Estat i a tot al m\u00f3n amb transports especialitzats amb un escrupol\u00f3s control de la temperatura per a que la carn arribi puntual i en perfectes condicions. <br \/>Comencialitzem regularment amb productes de m\u00e9s de vint-i-cinc pa\u00efsos arreu del m\u00f3n i actualment exportem a dotze d\u2019ells.<\/p>\t\t\t\t\t\t\t\t<\/div>\n\t\t\t\t<\/div>\n\t\t\t\t<div class=\"elementor-element elementor-element-555776db elementor-widget-divider--view-line elementor-widget elementor-widget-divider\" data-id=\"555776db\" data-element_type=\"widget\" data-e-type=\"widget\" data-widget_type=\"divider.default\">\n\t\t\t\t<div class=\"elementor-widget-container\">\n\t\t\t\t\t\t\t<div class=\"elementor-divider\">\n\t\t\t<span class=\"elementor-divider-separator\">\n\t\t\t\t\t\t<\/span>\n\t\t<\/div>\n\t\t\t\t\t\t<\/div>\n\t\t\t\t<\/div>\n\t\t\t\t<div class=\"elementor-element elementor-element-35327aff elementor-widget elementor-widget-spacer\" data-id=\"35327aff\" data-element_type=\"widget\" data-e-type=\"widget\" data-widget_type=\"spacer.default\">\n\t\t\t\t<div class=\"elementor-widget-container\">\n\t\t\t\t\t\t\t<div class=\"elementor-spacer\">\n\t\t\t<div class=\"elementor-spacer-inner\"><\/div>\n\t\t<\/div>\n\t\t\t\t\t\t<\/div>\n\t\t\t\t<\/div>\n\t\t\t\t\t<\/div>\n\t\t<\/div>\n\t\t\t\t\t<\/div>\n\t\t<\/section>\n\t\t\t\t<\/div>\n\t\t","protected":false},"excerpt":{"rendered":"<p>Log\u00edstica Log\u00edstica La log\u00edstica es un element esencial a SUCARN degut al gran volum de productes que produ\u00efm i comercialitzem. Estigui on estigui SEMPRE ESTEM AL SEU COSTAT amb les nostres delegacions repartides arreu d\u2019Espanya i la millor xarxa log\u00edstica. Oferim un servei regular i setmanal a tot l\u2019Estat i a tot al m\u00f3n amb &hellip;<\/p>\n<p class=\"read-more\"> <a class=\"\" href=\"https:\/\/www.sucarn.es\/ca\/logistica\/\"> <span class=\"screen-reader-text\">Log\u00edstica<\/span> Read More \u00bb<\/a><\/p>\n","protected":false},"author":1,"featured_media":0,"parent":0,"menu_order":0,"comment_status":"closed","ping_status":"closed","template":"elementor_theme","meta":{"footnotes":""},"class_list":["post-1314","page","type-page","status-publish","hentry","align-left","box-shadow-0","box-shadow-0-hover","ast-product-gallery-layout-horizontal","ast-product-gallery-with-no-image","ast-product-tabs-layout-horizontal"],"yoast_head":"<!-- This site is optimized with the Yoast SEO plugin v27.3 - https:\/\/yoast.com\/product\/yoast-seo-wordpress\/ -->\n<title>Log\u00edstica - Bienvenido<\/title>\n<meta name=\"robots\" content=\"index, follow, max-snippet:-1, max-image-preview:large, max-video-preview:-1\" \/>\n<link rel=\"canonical\" href=\"https:\/\/www.sucarn.es\/ca\/logistica-2\/\" \/>\n<meta property=\"og:locale\" content=\"ca_ES\" \/>\n<meta property=\"og:type\" content=\"article\" \/>\n<meta property=\"og:title\" content=\"Log\u00edstica - Bienvenido\" \/>\n<meta property=\"og:description\" content=\"Log\u00edstica Log\u00edstica La log\u00edstica es un element esencial a SUCARN degut al gran volum de productes que produ\u00efm i comercialitzem. Estigui on estigui SEMPRE ESTEM AL SEU COSTAT amb les nostres delegacions repartides arreu d\u2019Espanya i la millor xarxa log\u00edstica. Oferim un servei regular i setmanal a tot l\u2019Estat i a tot al m\u00f3n amb &hellip; Log\u00edstica Read More \u00bb\" \/>\n<meta property=\"og:url\" content=\"https:\/\/www.sucarn.es\/logistica-2\/\" \/>\n<meta property=\"og:site_name\" content=\"Bienvenido\" \/>\n<meta property=\"article:modified_time\" content=\"2025-01-21T08:57:22+00:00\" \/>\n<meta name=\"twitter:card\" content=\"summary_large_image\" \/>\n<meta name=\"twitter:label1\" content=\"Temps estimat de lectura\" \/>\n\t<meta name=\"twitter:data1\" content=\"1 minut\" \/>\n<script type=\"application\/ld+json\" class=\"yoast-schema-graph\">{\"@context\":\"https:\\\/\\\/schema.org\",\"@graph\":[{\"@type\":\"WebPage\",\"@id\":\"https:\\\/\\\/www.sucarn.es\\\/logistica-2\\\/\",\"url\":\"https:\\\/\\\/www.sucarn.es\\\/logistica-2\\\/\",\"name\":\"Log\u00edstica - Bienvenido\",\"isPartOf\":{\"@id\":\"https:\\\/\\\/www.sucarn.es\\\/#website\"},\"datePublished\":\"2018-03-19T10:05:16+00:00\",\"dateModified\":\"2025-01-21T08:57:22+00:00\",\"breadcrumb\":{\"@id\":\"https:\\\/\\\/www.sucarn.es\\\/logistica-2\\\/#breadcrumb\"},\"inLanguage\":\"ca\",\"potentialAction\":[{\"@type\":\"ReadAction\",\"target\":[\"https:\\\/\\\/www.sucarn.es\\\/logistica-2\\\/\"]}]},{\"@type\":\"BreadcrumbList\",\"@id\":\"https:\\\/\\\/www.sucarn.es\\\/logistica-2\\\/#breadcrumb\",\"itemListElement\":[{\"@type\":\"ListItem\",\"position\":1,\"name\":\"Home\",\"item\":\"https:\\\/\\\/www.sucarn.es\\\/ca\\\/\"},{\"@type\":\"ListItem\",\"position\":2,\"name\":\"Log\u00edstica\"}]},{\"@type\":\"WebSite\",\"@id\":\"https:\\\/\\\/www.sucarn.es\\\/#website\",\"url\":\"https:\\\/\\\/www.sucarn.es\\\/\",\"name\":\"Sucarn\",\"description\":\"Sucarn\",\"publisher\":{\"@id\":\"https:\\\/\\\/www.sucarn.es\\\/#organization\"},\"potentialAction\":[{\"@type\":\"SearchAction\",\"target\":{\"@type\":\"EntryPoint\",\"urlTemplate\":\"https:\\\/\\\/www.sucarn.es\\\/?s={search_term_string}\"},\"query-input\":{\"@type\":\"PropertyValueSpecification\",\"valueRequired\":true,\"valueName\":\"search_term_string\"}}],\"inLanguage\":\"ca\"},{\"@type\":\"Organization\",\"@id\":\"https:\\\/\\\/www.sucarn.es\\\/#organization\",\"name\":\"Sucarn\",\"url\":\"https:\\\/\\\/www.sucarn.es\\\/\",\"logo\":{\"@type\":\"ImageObject\",\"inLanguage\":\"ca\",\"@id\":\"https:\\\/\\\/www.sucarn.es\\\/#\\\/schema\\\/logo\\\/image\\\/\",\"url\":\"https:\\\/\\\/www.sucarn.es\\\/wp-content\\\/uploads\\\/2018\\\/03\\\/LOGO_SUCARN.png\",\"contentUrl\":\"https:\\\/\\\/www.sucarn.es\\\/wp-content\\\/uploads\\\/2018\\\/03\\\/LOGO_SUCARN.png\",\"width\":300,\"height\":93,\"caption\":\"Sucarn\"},\"image\":{\"@id\":\"https:\\\/\\\/www.sucarn.es\\\/#\\\/schema\\\/logo\\\/image\\\/\"}}]}<\/script>\n<!-- \/ Yoast SEO plugin. -->","yoast_head_json":{"title":"Log\u00edstica - Bienvenido","robots":{"index":"index","follow":"follow","max-snippet":"max-snippet:-1","max-image-preview":"max-image-preview:large","max-video-preview":"max-video-preview:-1"},"canonical":"https:\/\/www.sucarn.es\/ca\/logistica-2\/","og_locale":"ca_ES","og_type":"article","og_title":"Log\u00edstica - Bienvenido","og_description":"Log\u00edstica Log\u00edstica La log\u00edstica es un element esencial a SUCARN degut al gran volum de productes que produ\u00efm i comercialitzem. Estigui on estigui SEMPRE ESTEM AL SEU COSTAT amb les nostres delegacions repartides arreu d\u2019Espanya i la millor xarxa log\u00edstica. Oferim un servei regular i setmanal a tot l\u2019Estat i a tot al m\u00f3n amb &hellip; Log\u00edstica Read More \u00bb","og_url":"https:\/\/www.sucarn.es\/logistica-2\/","og_site_name":"Bienvenido","article_modified_time":"2025-01-21T08:57:22+00:00","twitter_card":"summary_large_image","twitter_misc":{"Temps estimat de lectura":"1 minut"},"schema":{"@context":"https:\/\/schema.org","@graph":[{"@type":"WebPage","@id":"https:\/\/www.sucarn.es\/logistica-2\/","url":"https:\/\/www.sucarn.es\/logistica-2\/","name":"Log\u00edstica - Bienvenido","isPartOf":{"@id":"https:\/\/www.sucarn.es\/#website"},"datePublished":"2018-03-19T10:05:16+00:00","dateModified":"2025-01-21T08:57:22+00:00","breadcrumb":{"@id":"https:\/\/www.sucarn.es\/logistica-2\/#breadcrumb"},"inLanguage":"ca","potentialAction":[{"@type":"ReadAction","target":["https:\/\/www.sucarn.es\/logistica-2\/"]}]},{"@type":"BreadcrumbList","@id":"https:\/\/www.sucarn.es\/logistica-2\/#breadcrumb","itemListElement":[{"@type":"ListItem","position":1,"name":"Home","item":"https:\/\/www.sucarn.es\/ca\/"},{"@type":"ListItem","position":2,"name":"Log\u00edstica"}]},{"@type":"WebSite","@id":"https:\/\/www.sucarn.es\/#website","url":"https:\/\/www.sucarn.es\/","name":"Sucarn","description":"Sucarn","publisher":{"@id":"https:\/\/www.sucarn.es\/#organization"},"potentialAction":[{"@type":"SearchAction","target":{"@type":"EntryPoint","urlTemplate":"https:\/\/www.sucarn.es\/?s={search_term_string}"},"query-input":{"@type":"PropertyValueSpecification","valueRequired":true,"valueName":"search_term_string"}}],"inLanguage":"ca"},{"@type":"Organization","@id":"https:\/\/www.sucarn.es\/#organization","name":"Sucarn","url":"https:\/\/www.sucarn.es\/","logo":{"@type":"ImageObject","inLanguage":"ca","@id":"https:\/\/www.sucarn.es\/#\/schema\/logo\/image\/","url":"https:\/\/www.sucarn.es\/wp-content\/uploads\/2018\/03\/LOGO_SUCARN.png","contentUrl":"https:\/\/www.sucarn.es\/wp-content\/uploads\/2018\/03\/LOGO_SUCARN.png","width":300,"height":93,"caption":"Sucarn"},"image":{"@id":"https:\/\/www.sucarn.es\/#\/schema\/logo\/image\/"}}]}},"_links":{"self":[{"href":"https:\/\/www.sucarn.es\/ca\/wp-json\/wp\/v2\/pages\/1314","targetHints":{"allow":["GET"]}}],"collection":[{"href":"https:\/\/www.sucarn.es\/ca\/wp-json\/wp\/v2\/pages"}],"about":[{"href":"https:\/\/www.sucarn.es\/ca\/wp-json\/wp\/v2\/types\/page"}],"author":[{"embeddable":true,"href":"https:\/\/www.sucarn.es\/ca\/wp-json\/wp\/v2\/users\/1"}],"replies":[{"embeddable":true,"href":"https:\/\/www.sucarn.es\/ca\/wp-json\/wp\/v2\/comments?post=1314"}],"version-history":[{"count":21,"href":"https:\/\/www.sucarn.es\/ca\/wp-json\/wp\/v2\/pages\/1314\/revisions"}],"predecessor-version":[{"id":5226,"href":"https:\/\/www.sucarn.es\/ca\/wp-json\/wp\/v2\/pages\/1314\/revisions\/5226"}],"wp:attachment":[{"href":"https:\/\/www.sucarn.es\/ca\/wp-json\/wp\/v2\/media?parent=1314"}],"curies":[{"name":"wp","href":"https:\/\/api.w.org\/{rel}","templated":true}]}}