{"id":2591,"date":"2018-08-13T11:36:13","date_gmt":"2018-08-13T11:36:13","guid":{"rendered":"https:\/\/www.sucarn.es\/product\/salsitxa-anglesa-cong-454kg-2\/"},"modified":"2020-05-28T20:35:47","modified_gmt":"2020-05-28T20:35:47","slug":"salsitxa-anglesa-cong-454kg","status":"publish","type":"product","link":"https:\/\/www.sucarn.es\/ca\/product\/salsitxa-anglesa-cong-454kg\/","title":{"rendered":"SALSITXA ANGLESA CONG. 4\u201954Kg"},"content":{"rendered":"","protected":false},"excerpt":{"rendered":"<h5><u>DESCRIPCI\u00d3 T\u00c8CNICA<\/u><\/h5>\n<p>Preparat carni de porc i pollastre, embotit en budell sint\u00e8tic.<br \/>\n<strong>ESP\u00c8CIE<\/strong>: Porc\/Pollastre.<br \/>\n<strong>ORIGEN<\/strong>: Anglaterra, etc.<br \/>\n<strong>TIPUS D&#8217;ENVASAT<\/strong>: Bosses de salsitxes de 2\u201927 Kg.<br \/>\n<strong>CADUCITAT<\/strong>: 18 mesos des de producci\u00f3.<br \/>\n<strong>UNITAT MIN. COMANDA<\/strong>: 1 Caixa \u2013 2 bosses de 2\u201927 kg, cadascuna.<br \/>\n<strong>TEMPERATURA<\/strong>: Conservar a -18\u00baC.<\/p>\n<h5><u>CARACTER\u00cdSTIQUES<\/u><\/h5>\n<p>Embotit en budell de vedella: col\u00b7lagen, cel\u00b7lulosa, aigua, oli vegetal, Aigua, porc (17%), pollastre (16%), pa rallat (farina de blat, sal acidulant E503, escor\u00e7a de porc, greix de pollastre, greix de porc, pell de pollastre, prote\u00efnes de soia, sal, estabilitzant (difosfats), dextrosa, esp\u00e8cies (pebre, nou moscada), conservant E221, saboritzants (extracte de llevat, malto dextrina, aromatitzants, oli vegetal), extracte de s\u00e0lvia, colorant E120, extracte de coriandre, nitrits, nitrats.<\/p>\n<h5><u>UTILITATS<\/u><\/h5>\n<p>Fregir en oli calent a 160-170 \u00b0C durant 6-10 minuts.<\/p>\n","protected":false},"featured_media":2592,"template":"","meta":[],"product_brand":[],"product_cat":[184],"product_tag":[],"class_list":{"0":"post-2591","1":"product","2":"type-product","3":"status-publish","4":"has-post-thumbnail","6":"product_cat-sense-categoria","7":"align-left","8":"box-shadow-0","9":"box-shadow-0-hover","10":"ast-product-gallery-layout-horizontal","11":"ast-product-gallery-with-no-image","12":"ast-product-tabs-layout-horizontal","14":"first","15":"instock","16":"taxable","17":"shipping-taxable","18":"product-type-simple"},"yoast_head":"<!-- This site is optimized with the Yoast SEO plugin v27.3 - https:\/\/yoast.com\/product\/yoast-seo-wordpress\/ -->\n<title>SALSITXA ANGLESA CONG. 4\u201954Kg - Bienvenido<\/title>\n<meta name=\"robots\" content=\"index, follow, max-snippet:-1, max-image-preview:large, max-video-preview:-1\" \/>\n<link rel=\"canonical\" href=\"https:\/\/www.sucarn.es\/ca\/product\/salchicha-inglesa-cong-454kg\/\" \/>\n<meta property=\"og:locale\" content=\"ca_ES\" \/>\n<meta property=\"og:type\" content=\"article\" \/>\n<meta property=\"og:title\" content=\"SALSITXA ANGLESA CONG. 4\u201954Kg - Bienvenido\" \/>\n<meta property=\"og:description\" content=\"DESCRIPCI\u00d3 T\u00c8CNICA Preparat carni de porc i pollastre, embotit en budell sint\u00e8tic. ESP\u00c8CIE: Porc\/Pollastre. ORIGEN: Anglaterra, etc. TIPUS D&#039;ENVASAT: Bosses de salsitxes de 2\u201927 Kg. CADUCITAT: 18 mesos des de producci\u00f3. UNITAT MIN. COMANDA: 1 Caixa \u2013 2 bosses de 2\u201927 kg, cadascuna. TEMPERATURA: Conservar a -18\u00baC. CARACTER\u00cdSTIQUES Embotit en budell de vedella: col\u00b7lagen, cel\u00b7lulosa, aigua, oli vegetal, Aigua, porc (17%), pollastre (16%), pa rallat (farina de blat, sal acidulant E503, escor\u00e7a de porc, greix de pollastre, greix de porc, pell de pollastre, prote\u00efnes de soia, sal, estabilitzant (difosfats), dextrosa, esp\u00e8cies (pebre, nou moscada), conservant E221, saboritzants (extracte de llevat, malto dextrina, aromatitzants, oli vegetal), extracte de s\u00e0lvia, colorant E120, extracte de coriandre, nitrits, nitrats. UTILITATS Fregir en oli calent a 160-170 \u00b0C durant 6-10 minuts.\" \/>\n<meta property=\"og:url\" content=\"https:\/\/www.sucarn.es\/product\/salchicha-inglesa-cong-454kg\/\" \/>\n<meta property=\"og:site_name\" content=\"Bienvenido\" \/>\n<meta property=\"article:modified_time\" content=\"2020-05-28T20:35:47+00:00\" \/>\n<meta property=\"og:image\" content=\"https:\/\/www.sucarn.es\/wp-content\/uploads\/2018\/08\/image055.jpg\" \/>\n\t<meta property=\"og:image:width\" content=\"446\" \/>\n\t<meta property=\"og:image:height\" content=\"465\" \/>\n\t<meta property=\"og:image:type\" content=\"image\/jpeg\" \/>\n<meta name=\"twitter:card\" content=\"summary_large_image\" \/>\n<script type=\"application\/ld+json\" class=\"yoast-schema-graph\">{\"@context\":\"https:\\\/\\\/schema.org\",\"@graph\":[{\"@type\":\"WebPage\",\"@id\":\"https:\\\/\\\/www.sucarn.es\\\/product\\\/salchicha-inglesa-cong-454kg\\\/\",\"url\":\"https:\\\/\\\/www.sucarn.es\\\/product\\\/salchicha-inglesa-cong-454kg\\\/\",\"name\":\"SALSITXA ANGLESA CONG. 4\u201954Kg - Bienvenido\",\"isPartOf\":{\"@id\":\"https:\\\/\\\/www.sucarn.es\\\/#website\"},\"primaryImageOfPage\":{\"@id\":\"https:\\\/\\\/www.sucarn.es\\\/product\\\/salchicha-inglesa-cong-454kg\\\/#primaryimage\"},\"image\":{\"@id\":\"https:\\\/\\\/www.sucarn.es\\\/product\\\/salchicha-inglesa-cong-454kg\\\/#primaryimage\"},\"thumbnailUrl\":\"https:\\\/\\\/www.sucarn.es\\\/wp-content\\\/uploads\\\/2018\\\/08\\\/image055.jpg\",\"datePublished\":\"2018-08-13T11:36:13+00:00\",\"dateModified\":\"2020-05-28T20:35:47+00:00\",\"breadcrumb\":{\"@id\":\"https:\\\/\\\/www.sucarn.es\\\/product\\\/salchicha-inglesa-cong-454kg\\\/#breadcrumb\"},\"inLanguage\":\"ca\",\"potentialAction\":[{\"@type\":\"ReadAction\",\"target\":[\"https:\\\/\\\/www.sucarn.es\\\/product\\\/salchicha-inglesa-cong-454kg\\\/\"]}]},{\"@type\":\"ImageObject\",\"inLanguage\":\"ca\",\"@id\":\"https:\\\/\\\/www.sucarn.es\\\/product\\\/salchicha-inglesa-cong-454kg\\\/#primaryimage\",\"url\":\"https:\\\/\\\/www.sucarn.es\\\/wp-content\\\/uploads\\\/2018\\\/08\\\/image055.jpg\",\"contentUrl\":\"https:\\\/\\\/www.sucarn.es\\\/wp-content\\\/uploads\\\/2018\\\/08\\\/image055.jpg\",\"width\":446,\"height\":465},{\"@type\":\"BreadcrumbList\",\"@id\":\"https:\\\/\\\/www.sucarn.es\\\/product\\\/salchicha-inglesa-cong-454kg\\\/#breadcrumb\",\"itemListElement\":[{\"@type\":\"ListItem\",\"position\":1,\"name\":\"Home\",\"item\":\"https:\\\/\\\/www.sucarn.es\\\/ca\\\/\"},{\"@type\":\"ListItem\",\"position\":2,\"name\":\"Shop\",\"item\":\"https:\\\/\\\/www.sucarn.es\\\/?page_id=2354\"},{\"@type\":\"ListItem\",\"position\":3,\"name\":\"SALSITXA ANGLESA CONG. 4\u201954Kg\"}]},{\"@type\":\"WebSite\",\"@id\":\"https:\\\/\\\/www.sucarn.es\\\/#website\",\"url\":\"https:\\\/\\\/www.sucarn.es\\\/\",\"name\":\"Sucarn\",\"description\":\"Sucarn\",\"publisher\":{\"@id\":\"https:\\\/\\\/www.sucarn.es\\\/#organization\"},\"potentialAction\":[{\"@type\":\"SearchAction\",\"target\":{\"@type\":\"EntryPoint\",\"urlTemplate\":\"https:\\\/\\\/www.sucarn.es\\\/?s={search_term_string}\"},\"query-input\":{\"@type\":\"PropertyValueSpecification\",\"valueRequired\":true,\"valueName\":\"search_term_string\"}}],\"inLanguage\":\"ca\"},{\"@type\":\"Organization\",\"@id\":\"https:\\\/\\\/www.sucarn.es\\\/#organization\",\"name\":\"Sucarn\",\"url\":\"https:\\\/\\\/www.sucarn.es\\\/\",\"logo\":{\"@type\":\"ImageObject\",\"inLanguage\":\"ca\",\"@id\":\"https:\\\/\\\/www.sucarn.es\\\/#\\\/schema\\\/logo\\\/image\\\/\",\"url\":\"https:\\\/\\\/www.sucarn.es\\\/wp-content\\\/uploads\\\/2018\\\/03\\\/LOGO_SUCARN.png\",\"contentUrl\":\"https:\\\/\\\/www.sucarn.es\\\/wp-content\\\/uploads\\\/2018\\\/03\\\/LOGO_SUCARN.png\",\"width\":300,\"height\":93,\"caption\":\"Sucarn\"},\"image\":{\"@id\":\"https:\\\/\\\/www.sucarn.es\\\/#\\\/schema\\\/logo\\\/image\\\/\"}}]}<\/script>\n<!-- \/ Yoast SEO plugin. -->","yoast_head_json":{"title":"SALSITXA ANGLESA CONG. 4\u201954Kg - Bienvenido","robots":{"index":"index","follow":"follow","max-snippet":"max-snippet:-1","max-image-preview":"max-image-preview:large","max-video-preview":"max-video-preview:-1"},"canonical":"https:\/\/www.sucarn.es\/ca\/product\/salchicha-inglesa-cong-454kg\/","og_locale":"ca_ES","og_type":"article","og_title":"SALSITXA ANGLESA CONG. 4\u201954Kg - Bienvenido","og_description":"DESCRIPCI\u00d3 T\u00c8CNICA Preparat carni de porc i pollastre, embotit en budell sint\u00e8tic. ESP\u00c8CIE: Porc\/Pollastre. ORIGEN: Anglaterra, etc. TIPUS D'ENVASAT: Bosses de salsitxes de 2\u201927 Kg. CADUCITAT: 18 mesos des de producci\u00f3. UNITAT MIN. COMANDA: 1 Caixa \u2013 2 bosses de 2\u201927 kg, cadascuna. TEMPERATURA: Conservar a -18\u00baC. CARACTER\u00cdSTIQUES Embotit en budell de vedella: col\u00b7lagen, cel\u00b7lulosa, aigua, oli vegetal, Aigua, porc (17%), pollastre (16%), pa rallat (farina de blat, sal acidulant E503, escor\u00e7a de porc, greix de pollastre, greix de porc, pell de pollastre, prote\u00efnes de soia, sal, estabilitzant (difosfats), dextrosa, esp\u00e8cies (pebre, nou moscada), conservant E221, saboritzants (extracte de llevat, malto dextrina, aromatitzants, oli vegetal), extracte de s\u00e0lvia, colorant E120, extracte de coriandre, nitrits, nitrats. UTILITATS Fregir en oli calent a 160-170 \u00b0C durant 6-10 minuts.","og_url":"https:\/\/www.sucarn.es\/product\/salchicha-inglesa-cong-454kg\/","og_site_name":"Bienvenido","article_modified_time":"2020-05-28T20:35:47+00:00","og_image":[{"width":446,"height":465,"url":"https:\/\/www.sucarn.es\/wp-content\/uploads\/2018\/08\/image055.jpg","type":"image\/jpeg"}],"twitter_card":"summary_large_image","schema":{"@context":"https:\/\/schema.org","@graph":[{"@type":"WebPage","@id":"https:\/\/www.sucarn.es\/product\/salchicha-inglesa-cong-454kg\/","url":"https:\/\/www.sucarn.es\/product\/salchicha-inglesa-cong-454kg\/","name":"SALSITXA ANGLESA CONG. 4\u201954Kg - Bienvenido","isPartOf":{"@id":"https:\/\/www.sucarn.es\/#website"},"primaryImageOfPage":{"@id":"https:\/\/www.sucarn.es\/product\/salchicha-inglesa-cong-454kg\/#primaryimage"},"image":{"@id":"https:\/\/www.sucarn.es\/product\/salchicha-inglesa-cong-454kg\/#primaryimage"},"thumbnailUrl":"https:\/\/www.sucarn.es\/wp-content\/uploads\/2018\/08\/image055.jpg","datePublished":"2018-08-13T11:36:13+00:00","dateModified":"2020-05-28T20:35:47+00:00","breadcrumb":{"@id":"https:\/\/www.sucarn.es\/product\/salchicha-inglesa-cong-454kg\/#breadcrumb"},"inLanguage":"ca","potentialAction":[{"@type":"ReadAction","target":["https:\/\/www.sucarn.es\/product\/salchicha-inglesa-cong-454kg\/"]}]},{"@type":"ImageObject","inLanguage":"ca","@id":"https:\/\/www.sucarn.es\/product\/salchicha-inglesa-cong-454kg\/#primaryimage","url":"https:\/\/www.sucarn.es\/wp-content\/uploads\/2018\/08\/image055.jpg","contentUrl":"https:\/\/www.sucarn.es\/wp-content\/uploads\/2018\/08\/image055.jpg","width":446,"height":465},{"@type":"BreadcrumbList","@id":"https:\/\/www.sucarn.es\/product\/salchicha-inglesa-cong-454kg\/#breadcrumb","itemListElement":[{"@type":"ListItem","position":1,"name":"Home","item":"https:\/\/www.sucarn.es\/ca\/"},{"@type":"ListItem","position":2,"name":"Shop","item":"https:\/\/www.sucarn.es\/?page_id=2354"},{"@type":"ListItem","position":3,"name":"SALSITXA ANGLESA CONG. 4\u201954Kg"}]},{"@type":"WebSite","@id":"https:\/\/www.sucarn.es\/#website","url":"https:\/\/www.sucarn.es\/","name":"Sucarn","description":"Sucarn","publisher":{"@id":"https:\/\/www.sucarn.es\/#organization"},"potentialAction":[{"@type":"SearchAction","target":{"@type":"EntryPoint","urlTemplate":"https:\/\/www.sucarn.es\/?s={search_term_string}"},"query-input":{"@type":"PropertyValueSpecification","valueRequired":true,"valueName":"search_term_string"}}],"inLanguage":"ca"},{"@type":"Organization","@id":"https:\/\/www.sucarn.es\/#organization","name":"Sucarn","url":"https:\/\/www.sucarn.es\/","logo":{"@type":"ImageObject","inLanguage":"ca","@id":"https:\/\/www.sucarn.es\/#\/schema\/logo\/image\/","url":"https:\/\/www.sucarn.es\/wp-content\/uploads\/2018\/03\/LOGO_SUCARN.png","contentUrl":"https:\/\/www.sucarn.es\/wp-content\/uploads\/2018\/03\/LOGO_SUCARN.png","width":300,"height":93,"caption":"Sucarn"},"image":{"@id":"https:\/\/www.sucarn.es\/#\/schema\/logo\/image\/"}}]}},"_links":{"self":[{"href":"https:\/\/www.sucarn.es\/ca\/wp-json\/wp\/v2\/product\/2591","targetHints":{"allow":["GET"]}}],"collection":[{"href":"https:\/\/www.sucarn.es\/ca\/wp-json\/wp\/v2\/product"}],"about":[{"href":"https:\/\/www.sucarn.es\/ca\/wp-json\/wp\/v2\/types\/product"}],"wp:featuredmedia":[{"embeddable":true,"href":"https:\/\/www.sucarn.es\/ca\/wp-json\/wp\/v2\/media\/2592"}],"wp:attachment":[{"href":"https:\/\/www.sucarn.es\/ca\/wp-json\/wp\/v2\/media?parent=2591"}],"wp:term":[{"taxonomy":"product_brand","embeddable":true,"href":"https:\/\/www.sucarn.es\/ca\/wp-json\/wp\/v2\/product_brand?post=2591"},{"taxonomy":"product_cat","embeddable":true,"href":"https:\/\/www.sucarn.es\/ca\/wp-json\/wp\/v2\/product_cat?post=2591"},{"taxonomy":"product_tag","embeddable":true,"href":"https:\/\/www.sucarn.es\/ca\/wp-json\/wp\/v2\/product_tag?post=2591"}],"curies":[{"name":"wp","href":"https:\/\/api.w.org\/{rel}","templated":true}]}}