{"id":2593,"date":"2018-08-13T11:32:29","date_gmt":"2018-08-13T11:32:29","guid":{"rendered":"https:\/\/www.sucarn.es\/product\/llom-sense-os-congelat-2\/"},"modified":"2020-05-28T20:36:00","modified_gmt":"2020-05-28T20:36:00","slug":"llom-sense-os-congelat","status":"publish","type":"product","link":"https:\/\/www.sucarn.es\/ca\/product\/llom-sense-os-congelat\/","title":{"rendered":"LLOM SENSE OS CONGELAT"},"content":{"rendered":"","protected":false},"excerpt":{"rendered":"<h5><u>DESCRIPCI\u00d3 T\u00c8CNICA<\/u><\/h5>\n<p>\u00c9s el llom sencer desossat compr\u00e8n tant llom alt com llom baix.<br \/>\n<strong>ESP\u00c8CIE<\/strong>: Cangur.<br \/>\n<strong>ORIGEN<\/strong>: Austr\u00e0lia.<br \/>\n<strong>TIPUS D&#8217;ENVASAT<\/strong>: Al buit\u00a0 3\u00d71 o 2\u00d71.<br \/>\n<strong>CADUCITAT<\/strong>: 2\u00a0anys des de producci\u00f3.<br \/>\n<strong>UNITAT MIN. COMANDA<\/strong>: 1 Caixa \u2013 10 kg, aproximadament.<br \/>\n<strong>TEMPERATURA<\/strong>: Conservar a -18\u00baC.<\/p>\n<h5><u>CARACTER\u00cdSTIQUES<\/u><\/h5>\n<p>Es tracta d&#8217;una carn de textura suau i tendra, el seu sabor es similar al de la carn de bou i a les carns de ca\u00e7a. A m\u00e9s de la connotaci\u00f3 d&#8217;ex\u00f2tic, la carn de cangur posseeix una gran quantitat de propietats que fan que el seu consum sigui saludable.<\/p>\n<h5><u>UTILITATS<\/u><\/h5>\n<p>\u00c9s rica\u00a0en ferro, Zinc, \u00e0cid linoleic, omega 3 i 6, amb molt poc greix.<br \/>\nTamb\u00e9 \u00e9s una carn ideal per a guisats o, fins i tot, a la planxa. Ideal tamb\u00e9 per fer unes hamburgueses exquisides. Es una bona pe\u00e7a per presentar com a\u00a0turned\u00f3.<\/p>\n","protected":false},"featured_media":2594,"template":"","meta":[],"product_brand":[],"product_cat":[183],"product_tag":[],"class_list":{"0":"post-2593","1":"product","2":"type-product","3":"status-publish","4":"has-post-thumbnail","6":"product_cat-marsupial-cangur","7":"align-left","8":"box-shadow-0","9":"box-shadow-0-hover","10":"ast-product-gallery-layout-horizontal","11":"ast-product-gallery-with-no-image","12":"ast-product-tabs-layout-horizontal","14":"first","15":"instock","16":"taxable","17":"shipping-taxable","18":"product-type-simple"},"yoast_head":"<!-- This site is optimized with the Yoast SEO plugin v27.3 - https:\/\/yoast.com\/product\/yoast-seo-wordpress\/ -->\n<title>LLOM SENSE OS CONGELAT - Bienvenido<\/title>\n<meta name=\"robots\" content=\"index, follow, max-snippet:-1, max-image-preview:large, max-video-preview:-1\" \/>\n<link rel=\"canonical\" href=\"https:\/\/www.sucarn.es\/ca\/product\/lomo-sin-hueso-congelado\/\" \/>\n<meta property=\"og:locale\" content=\"ca_ES\" \/>\n<meta property=\"og:type\" content=\"article\" \/>\n<meta property=\"og:title\" content=\"LLOM SENSE OS CONGELAT - Bienvenido\" \/>\n<meta property=\"og:description\" content=\"DESCRIPCI\u00d3 T\u00c8CNICA \u00c9s el llom sencer desossat compr\u00e8n tant llom alt com llom baix. ESP\u00c8CIE: Cangur. ORIGEN: Austr\u00e0lia. TIPUS D&#039;ENVASAT: Al buit\u00a0 3\u00d71 o 2\u00d71. CADUCITAT: 2\u00a0anys des de producci\u00f3. UNITAT MIN. COMANDA: 1 Caixa \u2013 10 kg, aproximadament. TEMPERATURA: Conservar a -18\u00baC. CARACTER\u00cdSTIQUES Es tracta d&#039;una carn de textura suau i tendra, el seu sabor es similar al de la carn de bou i a les carns de ca\u00e7a. A m\u00e9s de la connotaci\u00f3 d&#039;ex\u00f2tic, la carn de cangur posseeix una gran quantitat de propietats que fan que el seu consum sigui saludable. UTILITATS \u00c9s rica\u00a0en ferro, Zinc, \u00e0cid linoleic, omega 3 i 6, amb molt poc greix. Tamb\u00e9 \u00e9s una carn ideal per a guisats o, fins i tot, a la planxa. Ideal tamb\u00e9 per fer unes hamburgueses exquisides. Es una bona pe\u00e7a per presentar com a\u00a0turned\u00f3.\" \/>\n<meta property=\"og:url\" content=\"https:\/\/www.sucarn.es\/product\/lomo-sin-hueso-congelado\/\" \/>\n<meta property=\"og:site_name\" content=\"Bienvenido\" \/>\n<meta property=\"article:modified_time\" content=\"2020-05-28T20:36:00+00:00\" \/>\n<meta property=\"og:image\" content=\"https:\/\/www.sucarn.es\/wp-content\/uploads\/2018\/08\/image054.jpg\" \/>\n\t<meta property=\"og:image:width\" content=\"646\" \/>\n\t<meta property=\"og:image:height\" content=\"454\" \/>\n\t<meta property=\"og:image:type\" content=\"image\/jpeg\" \/>\n<meta name=\"twitter:card\" content=\"summary_large_image\" \/>\n<script type=\"application\/ld+json\" class=\"yoast-schema-graph\">{\"@context\":\"https:\\\/\\\/schema.org\",\"@graph\":[{\"@type\":\"WebPage\",\"@id\":\"https:\\\/\\\/www.sucarn.es\\\/product\\\/lomo-sin-hueso-congelado\\\/\",\"url\":\"https:\\\/\\\/www.sucarn.es\\\/product\\\/lomo-sin-hueso-congelado\\\/\",\"name\":\"LLOM SENSE OS CONGELAT - Bienvenido\",\"isPartOf\":{\"@id\":\"https:\\\/\\\/www.sucarn.es\\\/#website\"},\"primaryImageOfPage\":{\"@id\":\"https:\\\/\\\/www.sucarn.es\\\/product\\\/lomo-sin-hueso-congelado\\\/#primaryimage\"},\"image\":{\"@id\":\"https:\\\/\\\/www.sucarn.es\\\/product\\\/lomo-sin-hueso-congelado\\\/#primaryimage\"},\"thumbnailUrl\":\"https:\\\/\\\/www.sucarn.es\\\/wp-content\\\/uploads\\\/2018\\\/08\\\/image054.jpg\",\"datePublished\":\"2018-08-13T11:32:29+00:00\",\"dateModified\":\"2020-05-28T20:36:00+00:00\",\"breadcrumb\":{\"@id\":\"https:\\\/\\\/www.sucarn.es\\\/product\\\/lomo-sin-hueso-congelado\\\/#breadcrumb\"},\"inLanguage\":\"ca\",\"potentialAction\":[{\"@type\":\"ReadAction\",\"target\":[\"https:\\\/\\\/www.sucarn.es\\\/product\\\/lomo-sin-hueso-congelado\\\/\"]}]},{\"@type\":\"ImageObject\",\"inLanguage\":\"ca\",\"@id\":\"https:\\\/\\\/www.sucarn.es\\\/product\\\/lomo-sin-hueso-congelado\\\/#primaryimage\",\"url\":\"https:\\\/\\\/www.sucarn.es\\\/wp-content\\\/uploads\\\/2018\\\/08\\\/image054.jpg\",\"contentUrl\":\"https:\\\/\\\/www.sucarn.es\\\/wp-content\\\/uploads\\\/2018\\\/08\\\/image054.jpg\",\"width\":646,\"height\":454},{\"@type\":\"BreadcrumbList\",\"@id\":\"https:\\\/\\\/www.sucarn.es\\\/product\\\/lomo-sin-hueso-congelado\\\/#breadcrumb\",\"itemListElement\":[{\"@type\":\"ListItem\",\"position\":1,\"name\":\"Home\",\"item\":\"https:\\\/\\\/www.sucarn.es\\\/ca\\\/\"},{\"@type\":\"ListItem\",\"position\":2,\"name\":\"Shop\",\"item\":\"https:\\\/\\\/www.sucarn.es\\\/?page_id=2354\"},{\"@type\":\"ListItem\",\"position\":3,\"name\":\"LLOM SENSE OS CONGELAT\"}]},{\"@type\":\"WebSite\",\"@id\":\"https:\\\/\\\/www.sucarn.es\\\/#website\",\"url\":\"https:\\\/\\\/www.sucarn.es\\\/\",\"name\":\"Sucarn\",\"description\":\"Sucarn\",\"publisher\":{\"@id\":\"https:\\\/\\\/www.sucarn.es\\\/#organization\"},\"potentialAction\":[{\"@type\":\"SearchAction\",\"target\":{\"@type\":\"EntryPoint\",\"urlTemplate\":\"https:\\\/\\\/www.sucarn.es\\\/?s={search_term_string}\"},\"query-input\":{\"@type\":\"PropertyValueSpecification\",\"valueRequired\":true,\"valueName\":\"search_term_string\"}}],\"inLanguage\":\"ca\"},{\"@type\":\"Organization\",\"@id\":\"https:\\\/\\\/www.sucarn.es\\\/#organization\",\"name\":\"Sucarn\",\"url\":\"https:\\\/\\\/www.sucarn.es\\\/\",\"logo\":{\"@type\":\"ImageObject\",\"inLanguage\":\"ca\",\"@id\":\"https:\\\/\\\/www.sucarn.es\\\/#\\\/schema\\\/logo\\\/image\\\/\",\"url\":\"https:\\\/\\\/www.sucarn.es\\\/wp-content\\\/uploads\\\/2018\\\/03\\\/LOGO_SUCARN.png\",\"contentUrl\":\"https:\\\/\\\/www.sucarn.es\\\/wp-content\\\/uploads\\\/2018\\\/03\\\/LOGO_SUCARN.png\",\"width\":300,\"height\":93,\"caption\":\"Sucarn\"},\"image\":{\"@id\":\"https:\\\/\\\/www.sucarn.es\\\/#\\\/schema\\\/logo\\\/image\\\/\"}}]}<\/script>\n<!-- \/ Yoast SEO plugin. -->","yoast_head_json":{"title":"LLOM SENSE OS CONGELAT - Bienvenido","robots":{"index":"index","follow":"follow","max-snippet":"max-snippet:-1","max-image-preview":"max-image-preview:large","max-video-preview":"max-video-preview:-1"},"canonical":"https:\/\/www.sucarn.es\/ca\/product\/lomo-sin-hueso-congelado\/","og_locale":"ca_ES","og_type":"article","og_title":"LLOM SENSE OS CONGELAT - Bienvenido","og_description":"DESCRIPCI\u00d3 T\u00c8CNICA \u00c9s el llom sencer desossat compr\u00e8n tant llom alt com llom baix. ESP\u00c8CIE: Cangur. ORIGEN: Austr\u00e0lia. TIPUS D'ENVASAT: Al buit\u00a0 3\u00d71 o 2\u00d71. CADUCITAT: 2\u00a0anys des de producci\u00f3. UNITAT MIN. COMANDA: 1 Caixa \u2013 10 kg, aproximadament. TEMPERATURA: Conservar a -18\u00baC. CARACTER\u00cdSTIQUES Es tracta d'una carn de textura suau i tendra, el seu sabor es similar al de la carn de bou i a les carns de ca\u00e7a. A m\u00e9s de la connotaci\u00f3 d'ex\u00f2tic, la carn de cangur posseeix una gran quantitat de propietats que fan que el seu consum sigui saludable. UTILITATS \u00c9s rica\u00a0en ferro, Zinc, \u00e0cid linoleic, omega 3 i 6, amb molt poc greix. Tamb\u00e9 \u00e9s una carn ideal per a guisats o, fins i tot, a la planxa. Ideal tamb\u00e9 per fer unes hamburgueses exquisides. Es una bona pe\u00e7a per presentar com a\u00a0turned\u00f3.","og_url":"https:\/\/www.sucarn.es\/product\/lomo-sin-hueso-congelado\/","og_site_name":"Bienvenido","article_modified_time":"2020-05-28T20:36:00+00:00","og_image":[{"width":646,"height":454,"url":"https:\/\/www.sucarn.es\/wp-content\/uploads\/2018\/08\/image054.jpg","type":"image\/jpeg"}],"twitter_card":"summary_large_image","schema":{"@context":"https:\/\/schema.org","@graph":[{"@type":"WebPage","@id":"https:\/\/www.sucarn.es\/product\/lomo-sin-hueso-congelado\/","url":"https:\/\/www.sucarn.es\/product\/lomo-sin-hueso-congelado\/","name":"LLOM SENSE OS CONGELAT - Bienvenido","isPartOf":{"@id":"https:\/\/www.sucarn.es\/#website"},"primaryImageOfPage":{"@id":"https:\/\/www.sucarn.es\/product\/lomo-sin-hueso-congelado\/#primaryimage"},"image":{"@id":"https:\/\/www.sucarn.es\/product\/lomo-sin-hueso-congelado\/#primaryimage"},"thumbnailUrl":"https:\/\/www.sucarn.es\/wp-content\/uploads\/2018\/08\/image054.jpg","datePublished":"2018-08-13T11:32:29+00:00","dateModified":"2020-05-28T20:36:00+00:00","breadcrumb":{"@id":"https:\/\/www.sucarn.es\/product\/lomo-sin-hueso-congelado\/#breadcrumb"},"inLanguage":"ca","potentialAction":[{"@type":"ReadAction","target":["https:\/\/www.sucarn.es\/product\/lomo-sin-hueso-congelado\/"]}]},{"@type":"ImageObject","inLanguage":"ca","@id":"https:\/\/www.sucarn.es\/product\/lomo-sin-hueso-congelado\/#primaryimage","url":"https:\/\/www.sucarn.es\/wp-content\/uploads\/2018\/08\/image054.jpg","contentUrl":"https:\/\/www.sucarn.es\/wp-content\/uploads\/2018\/08\/image054.jpg","width":646,"height":454},{"@type":"BreadcrumbList","@id":"https:\/\/www.sucarn.es\/product\/lomo-sin-hueso-congelado\/#breadcrumb","itemListElement":[{"@type":"ListItem","position":1,"name":"Home","item":"https:\/\/www.sucarn.es\/ca\/"},{"@type":"ListItem","position":2,"name":"Shop","item":"https:\/\/www.sucarn.es\/?page_id=2354"},{"@type":"ListItem","position":3,"name":"LLOM SENSE OS CONGELAT"}]},{"@type":"WebSite","@id":"https:\/\/www.sucarn.es\/#website","url":"https:\/\/www.sucarn.es\/","name":"Sucarn","description":"Sucarn","publisher":{"@id":"https:\/\/www.sucarn.es\/#organization"},"potentialAction":[{"@type":"SearchAction","target":{"@type":"EntryPoint","urlTemplate":"https:\/\/www.sucarn.es\/?s={search_term_string}"},"query-input":{"@type":"PropertyValueSpecification","valueRequired":true,"valueName":"search_term_string"}}],"inLanguage":"ca"},{"@type":"Organization","@id":"https:\/\/www.sucarn.es\/#organization","name":"Sucarn","url":"https:\/\/www.sucarn.es\/","logo":{"@type":"ImageObject","inLanguage":"ca","@id":"https:\/\/www.sucarn.es\/#\/schema\/logo\/image\/","url":"https:\/\/www.sucarn.es\/wp-content\/uploads\/2018\/03\/LOGO_SUCARN.png","contentUrl":"https:\/\/www.sucarn.es\/wp-content\/uploads\/2018\/03\/LOGO_SUCARN.png","width":300,"height":93,"caption":"Sucarn"},"image":{"@id":"https:\/\/www.sucarn.es\/#\/schema\/logo\/image\/"}}]}},"_links":{"self":[{"href":"https:\/\/www.sucarn.es\/ca\/wp-json\/wp\/v2\/product\/2593","targetHints":{"allow":["GET"]}}],"collection":[{"href":"https:\/\/www.sucarn.es\/ca\/wp-json\/wp\/v2\/product"}],"about":[{"href":"https:\/\/www.sucarn.es\/ca\/wp-json\/wp\/v2\/types\/product"}],"wp:featuredmedia":[{"embeddable":true,"href":"https:\/\/www.sucarn.es\/ca\/wp-json\/wp\/v2\/media\/2594"}],"wp:attachment":[{"href":"https:\/\/www.sucarn.es\/ca\/wp-json\/wp\/v2\/media?parent=2593"}],"wp:term":[{"taxonomy":"product_brand","embeddable":true,"href":"https:\/\/www.sucarn.es\/ca\/wp-json\/wp\/v2\/product_brand?post=2593"},{"taxonomy":"product_cat","embeddable":true,"href":"https:\/\/www.sucarn.es\/ca\/wp-json\/wp\/v2\/product_cat?post=2593"},{"taxonomy":"product_tag","embeddable":true,"href":"https:\/\/www.sucarn.es\/ca\/wp-json\/wp\/v2\/product_tag?post=2593"}],"curies":[{"name":"wp","href":"https:\/\/api.w.org\/{rel}","templated":true}]}}