{"id":2595,"date":"2018-08-13T11:18:37","date_gmt":"2018-08-13T11:18:37","guid":{"rendered":"https:\/\/www.sucarn.es\/product\/anec-pekin-cong-2\/"},"modified":"2020-05-28T20:36:12","modified_gmt":"2020-05-28T20:36:12","slug":"anec-pekin-cong","status":"publish","type":"product","link":"https:\/\/www.sucarn.es\/ca\/product\/anec-pekin-cong\/","title":{"rendered":"\u00c0NEC PEKIN CONG"},"content":{"rendered":"","protected":false},"excerpt":{"rendered":"<h5><u>DESCRIPCI\u00d3N T\u00c8CNICA<\/u><\/h5>\n<p>Canal d&#8217;\u00e0nec sense freixures.<br \/>\n<strong>RA\u00c7A<\/strong>: \u00c0nec Pequ\u00edn.<br \/>\n<strong>ORIGEN<\/strong>: Hongria.<br \/>\n<strong>TIPUS D&#8217;ENVASAT<\/strong>: Bosses x 1.<br \/>\n<strong>CADUCITAT<\/strong>: 24\u00a0mesos des de producci\u00f3.<br \/>\n<strong>UNITAT MIN. COMANDA<\/strong>: 1 Caixa \u2013 6 unitats. Entre 1&#8217;9 &#8211; 2&#8217;2 kg\/Unitat.<br \/>\n<strong>TEMPERATURA<\/strong>: Conservar a -18\u00baC.<\/p>\n<h5><u>CARACTER\u00cdSTIQUES<\/u><\/h5>\n<p>Sol ser una carn melosa recoberta amb una pell molt grassa.<br \/>\nCuina tradicional xinesa encara que avui dia es pot trobar en qualsevol part del m\u00f3n.<\/p>\n<h5><u>UTILITATS<\/u><\/h5>\n<p>Aquesta carn sol fer-se al forn, tradicionalment en forn de llenya. La pell sol quedar cruixent i encara que la presentaci\u00f3 pugui ser variada, el m\u00e9s habitual \u00e9s que es faci un plat amb la carn desossada, pancakes i verdures tallades a tires per a fer un rotlle al costat d&#8217;una salsa agredol\u00e7a. Un plat exquisit.<\/p>\n","protected":false},"featured_media":2596,"template":"","meta":[],"product_brand":[],"product_cat":[182],"product_tag":[],"class_list":{"0":"post-2595","1":"product","2":"type-product","3":"status-publish","4":"has-post-thumbnail","6":"product_cat-anade-anec","7":"align-left","8":"box-shadow-0","9":"box-shadow-0-hover","10":"ast-product-gallery-layout-horizontal","11":"ast-product-gallery-with-no-image","12":"ast-product-tabs-layout-horizontal","14":"first","15":"instock","16":"taxable","17":"shipping-taxable","18":"product-type-simple"},"yoast_head":"<!-- This site is optimized with the Yoast SEO plugin v27.2 - https:\/\/yoast.com\/product\/yoast-seo-wordpress\/ -->\n<title>\u00c0NEC PEKIN CONG - Bienvenido<\/title>\n<meta name=\"robots\" content=\"index, follow, max-snippet:-1, max-image-preview:large, max-video-preview:-1\" \/>\n<link rel=\"canonical\" href=\"https:\/\/www.sucarn.es\/ca\/product\/pato-pekin-cong\/\" \/>\n<meta property=\"og:locale\" content=\"ca_ES\" \/>\n<meta property=\"og:type\" content=\"article\" \/>\n<meta property=\"og:title\" content=\"\u00c0NEC PEKIN CONG - Bienvenido\" \/>\n<meta property=\"og:description\" content=\"DESCRIPCI\u00d3N T\u00c8CNICA Canal d&#039;\u00e0nec sense freixures. RA\u00c7A: \u00c0nec Pequ\u00edn. ORIGEN: Hongria. TIPUS D&#039;ENVASAT: Bosses x 1. CADUCITAT: 24\u00a0mesos des de producci\u00f3. UNITAT MIN. COMANDA: 1 Caixa \u2013 6 unitats. Entre 1&#039;9 - 2&#039;2 kg\/Unitat. TEMPERATURA: Conservar a -18\u00baC. CARACTER\u00cdSTIQUES Sol ser una carn melosa recoberta amb una pell molt grassa. Cuina tradicional xinesa encara que avui dia es pot trobar en qualsevol part del m\u00f3n. UTILITATS Aquesta carn sol fer-se al forn, tradicionalment en forn de llenya. La pell sol quedar cruixent i encara que la presentaci\u00f3 pugui ser variada, el m\u00e9s habitual \u00e9s que es faci un plat amb la carn desossada, pancakes i verdures tallades a tires per a fer un rotlle al costat d&#039;una salsa agredol\u00e7a. Un plat exquisit.\" \/>\n<meta property=\"og:url\" content=\"https:\/\/www.sucarn.es\/product\/pato-pekin-cong\/\" \/>\n<meta property=\"og:site_name\" content=\"Bienvenido\" \/>\n<meta property=\"article:modified_time\" content=\"2020-05-28T20:36:12+00:00\" \/>\n<meta property=\"og:image\" content=\"https:\/\/www.sucarn.es\/wp-content\/uploads\/2018\/08\/image053.jpg\" \/>\n\t<meta property=\"og:image:width\" content=\"609\" \/>\n\t<meta property=\"og:image:height\" content=\"462\" \/>\n\t<meta property=\"og:image:type\" content=\"image\/jpeg\" \/>\n<meta name=\"twitter:card\" content=\"summary_large_image\" \/>\n<script type=\"application\/ld+json\" class=\"yoast-schema-graph\">{\"@context\":\"https:\/\/schema.org\",\"@graph\":[{\"@type\":\"WebPage\",\"@id\":\"https:\/\/www.sucarn.es\/product\/pato-pekin-cong\/\",\"url\":\"https:\/\/www.sucarn.es\/product\/pato-pekin-cong\/\",\"name\":\"\u00c0NEC PEKIN CONG - Bienvenido\",\"isPartOf\":{\"@id\":\"https:\/\/www.sucarn.es\/#website\"},\"primaryImageOfPage\":{\"@id\":\"https:\/\/www.sucarn.es\/product\/pato-pekin-cong\/#primaryimage\"},\"image\":{\"@id\":\"https:\/\/www.sucarn.es\/product\/pato-pekin-cong\/#primaryimage\"},\"thumbnailUrl\":\"https:\/\/www.sucarn.es\/wp-content\/uploads\/2018\/08\/image053.jpg\",\"datePublished\":\"2018-08-13T11:18:37+00:00\",\"dateModified\":\"2020-05-28T20:36:12+00:00\",\"breadcrumb\":{\"@id\":\"https:\/\/www.sucarn.es\/product\/pato-pekin-cong\/#breadcrumb\"},\"inLanguage\":\"ca\",\"potentialAction\":[{\"@type\":\"ReadAction\",\"target\":[\"https:\/\/www.sucarn.es\/product\/pato-pekin-cong\/\"]}]},{\"@type\":\"ImageObject\",\"inLanguage\":\"ca\",\"@id\":\"https:\/\/www.sucarn.es\/product\/pato-pekin-cong\/#primaryimage\",\"url\":\"https:\/\/www.sucarn.es\/wp-content\/uploads\/2018\/08\/image053.jpg\",\"contentUrl\":\"https:\/\/www.sucarn.es\/wp-content\/uploads\/2018\/08\/image053.jpg\",\"width\":609,\"height\":462},{\"@type\":\"BreadcrumbList\",\"@id\":\"https:\/\/www.sucarn.es\/product\/pato-pekin-cong\/#breadcrumb\",\"itemListElement\":[{\"@type\":\"ListItem\",\"position\":1,\"name\":\"Home\",\"item\":\"https:\/\/www.sucarn.es\/ca\/\"},{\"@type\":\"ListItem\",\"position\":2,\"name\":\"Shop\",\"item\":\"https:\/\/www.sucarn.es\/?page_id=2354\"},{\"@type\":\"ListItem\",\"position\":3,\"name\":\"\u00c0NEC PEKIN CONG\"}]},{\"@type\":\"WebSite\",\"@id\":\"https:\/\/www.sucarn.es\/#website\",\"url\":\"https:\/\/www.sucarn.es\/\",\"name\":\"Sucarn\",\"description\":\"Sucarn\",\"publisher\":{\"@id\":\"https:\/\/www.sucarn.es\/#organization\"},\"potentialAction\":[{\"@type\":\"SearchAction\",\"target\":{\"@type\":\"EntryPoint\",\"urlTemplate\":\"https:\/\/www.sucarn.es\/?s={search_term_string}\"},\"query-input\":{\"@type\":\"PropertyValueSpecification\",\"valueRequired\":true,\"valueName\":\"search_term_string\"}}],\"inLanguage\":\"ca\"},{\"@type\":\"Organization\",\"@id\":\"https:\/\/www.sucarn.es\/#organization\",\"name\":\"Sucarn\",\"url\":\"https:\/\/www.sucarn.es\/\",\"logo\":{\"@type\":\"ImageObject\",\"inLanguage\":\"ca\",\"@id\":\"https:\/\/www.sucarn.es\/#\/schema\/logo\/image\/\",\"url\":\"https:\/\/www.sucarn.es\/wp-content\/uploads\/2018\/03\/LOGO_SUCARN.png\",\"contentUrl\":\"https:\/\/www.sucarn.es\/wp-content\/uploads\/2018\/03\/LOGO_SUCARN.png\",\"width\":300,\"height\":93,\"caption\":\"Sucarn\"},\"image\":{\"@id\":\"https:\/\/www.sucarn.es\/#\/schema\/logo\/image\/\"}}]}<\/script>\n<!-- \/ Yoast SEO plugin. -->","yoast_head_json":{"title":"\u00c0NEC PEKIN CONG - Bienvenido","robots":{"index":"index","follow":"follow","max-snippet":"max-snippet:-1","max-image-preview":"max-image-preview:large","max-video-preview":"max-video-preview:-1"},"canonical":"https:\/\/www.sucarn.es\/ca\/product\/pato-pekin-cong\/","og_locale":"ca_ES","og_type":"article","og_title":"\u00c0NEC PEKIN CONG - Bienvenido","og_description":"DESCRIPCI\u00d3N T\u00c8CNICA Canal d'\u00e0nec sense freixures. RA\u00c7A: \u00c0nec Pequ\u00edn. ORIGEN: Hongria. TIPUS D'ENVASAT: Bosses x 1. CADUCITAT: 24\u00a0mesos des de producci\u00f3. UNITAT MIN. COMANDA: 1 Caixa \u2013 6 unitats. Entre 1'9 - 2'2 kg\/Unitat. TEMPERATURA: Conservar a -18\u00baC. CARACTER\u00cdSTIQUES Sol ser una carn melosa recoberta amb una pell molt grassa. Cuina tradicional xinesa encara que avui dia es pot trobar en qualsevol part del m\u00f3n. UTILITATS Aquesta carn sol fer-se al forn, tradicionalment en forn de llenya. La pell sol quedar cruixent i encara que la presentaci\u00f3 pugui ser variada, el m\u00e9s habitual \u00e9s que es faci un plat amb la carn desossada, pancakes i verdures tallades a tires per a fer un rotlle al costat d'una salsa agredol\u00e7a. Un plat exquisit.","og_url":"https:\/\/www.sucarn.es\/product\/pato-pekin-cong\/","og_site_name":"Bienvenido","article_modified_time":"2020-05-28T20:36:12+00:00","og_image":[{"width":609,"height":462,"url":"https:\/\/www.sucarn.es\/wp-content\/uploads\/2018\/08\/image053.jpg","type":"image\/jpeg"}],"twitter_card":"summary_large_image","schema":{"@context":"https:\/\/schema.org","@graph":[{"@type":"WebPage","@id":"https:\/\/www.sucarn.es\/product\/pato-pekin-cong\/","url":"https:\/\/www.sucarn.es\/product\/pato-pekin-cong\/","name":"\u00c0NEC PEKIN CONG - Bienvenido","isPartOf":{"@id":"https:\/\/www.sucarn.es\/#website"},"primaryImageOfPage":{"@id":"https:\/\/www.sucarn.es\/product\/pato-pekin-cong\/#primaryimage"},"image":{"@id":"https:\/\/www.sucarn.es\/product\/pato-pekin-cong\/#primaryimage"},"thumbnailUrl":"https:\/\/www.sucarn.es\/wp-content\/uploads\/2018\/08\/image053.jpg","datePublished":"2018-08-13T11:18:37+00:00","dateModified":"2020-05-28T20:36:12+00:00","breadcrumb":{"@id":"https:\/\/www.sucarn.es\/product\/pato-pekin-cong\/#breadcrumb"},"inLanguage":"ca","potentialAction":[{"@type":"ReadAction","target":["https:\/\/www.sucarn.es\/product\/pato-pekin-cong\/"]}]},{"@type":"ImageObject","inLanguage":"ca","@id":"https:\/\/www.sucarn.es\/product\/pato-pekin-cong\/#primaryimage","url":"https:\/\/www.sucarn.es\/wp-content\/uploads\/2018\/08\/image053.jpg","contentUrl":"https:\/\/www.sucarn.es\/wp-content\/uploads\/2018\/08\/image053.jpg","width":609,"height":462},{"@type":"BreadcrumbList","@id":"https:\/\/www.sucarn.es\/product\/pato-pekin-cong\/#breadcrumb","itemListElement":[{"@type":"ListItem","position":1,"name":"Home","item":"https:\/\/www.sucarn.es\/ca\/"},{"@type":"ListItem","position":2,"name":"Shop","item":"https:\/\/www.sucarn.es\/?page_id=2354"},{"@type":"ListItem","position":3,"name":"\u00c0NEC PEKIN CONG"}]},{"@type":"WebSite","@id":"https:\/\/www.sucarn.es\/#website","url":"https:\/\/www.sucarn.es\/","name":"Sucarn","description":"Sucarn","publisher":{"@id":"https:\/\/www.sucarn.es\/#organization"},"potentialAction":[{"@type":"SearchAction","target":{"@type":"EntryPoint","urlTemplate":"https:\/\/www.sucarn.es\/?s={search_term_string}"},"query-input":{"@type":"PropertyValueSpecification","valueRequired":true,"valueName":"search_term_string"}}],"inLanguage":"ca"},{"@type":"Organization","@id":"https:\/\/www.sucarn.es\/#organization","name":"Sucarn","url":"https:\/\/www.sucarn.es\/","logo":{"@type":"ImageObject","inLanguage":"ca","@id":"https:\/\/www.sucarn.es\/#\/schema\/logo\/image\/","url":"https:\/\/www.sucarn.es\/wp-content\/uploads\/2018\/03\/LOGO_SUCARN.png","contentUrl":"https:\/\/www.sucarn.es\/wp-content\/uploads\/2018\/03\/LOGO_SUCARN.png","width":300,"height":93,"caption":"Sucarn"},"image":{"@id":"https:\/\/www.sucarn.es\/#\/schema\/logo\/image\/"}}]}},"_links":{"self":[{"href":"https:\/\/www.sucarn.es\/ca\/wp-json\/wp\/v2\/product\/2595","targetHints":{"allow":["GET"]}}],"collection":[{"href":"https:\/\/www.sucarn.es\/ca\/wp-json\/wp\/v2\/product"}],"about":[{"href":"https:\/\/www.sucarn.es\/ca\/wp-json\/wp\/v2\/types\/product"}],"wp:featuredmedia":[{"embeddable":true,"href":"https:\/\/www.sucarn.es\/ca\/wp-json\/wp\/v2\/media\/2596"}],"wp:attachment":[{"href":"https:\/\/www.sucarn.es\/ca\/wp-json\/wp\/v2\/media?parent=2595"}],"wp:term":[{"taxonomy":"product_brand","embeddable":true,"href":"https:\/\/www.sucarn.es\/ca\/wp-json\/wp\/v2\/product_brand?post=2595"},{"taxonomy":"product_cat","embeddable":true,"href":"https:\/\/www.sucarn.es\/ca\/wp-json\/wp\/v2\/product_cat?post=2595"},{"taxonomy":"product_tag","embeddable":true,"href":"https:\/\/www.sucarn.es\/ca\/wp-json\/wp\/v2\/product_tag?post=2595"}],"curies":[{"name":"wp","href":"https:\/\/api.w.org\/{rel}","templated":true}]}}