{"id":2604,"date":"2018-08-13T11:00:55","date_gmt":"2018-08-13T11:00:55","guid":{"rendered":"https:\/\/www.sucarn.es\/product\/llonza-8-cost-c-culata-cong-2\/"},"modified":"2020-05-28T20:36:45","modified_gmt":"2020-05-28T20:36:45","slug":"llonza-8-cost-c-culata-cong","status":"publish","type":"product","link":"https:\/\/www.sucarn.es\/ca\/product\/llonza-8-cost-c-culata-cong\/","title":{"rendered":"LLONZA 8 Cost. C\/CULATA\u00a0CONG"},"content":{"rendered":"","protected":false},"excerpt":{"rendered":"<h5><u>DESCRIPCI\u00d3 T\u00c8CNICA<\/u><\/h5>\n<p>Com el seu nom indica s\u00f3n les costelles del xai.<br \/>\n<strong>ESP\u00c8CIE<\/strong>: Xai.<br \/>\n<strong>ORIGEN<\/strong>: Nova Zelanda.<br \/>\n<strong>TIPUS D&#8217;ENVASAT<\/strong>: Peces envasades al buit 1\u00d71.<br \/>\n<strong>CADUCITAT<\/strong>: 24\u00a0mesos des de producci\u00f3.<br \/>\n<strong>UNITAT MIN. COMANDA<\/strong>: 1 Caixa \u2013 15 a 20 kg, segons prove\u00efdor.<br \/>\n<strong>TEMPERATURA<\/strong>: Conservar a -18\u00baC.<\/p>\n<h5><u>CARACTER\u00cdSTIQUES<\/u><\/h5>\n<p>Les costelles van amb la carn, el greix i el teixit conjuntiu que les recobreix. Es troba el tros amb el pal de la costella i el que va sense costella, nom\u00e9s amb l&#8217;os de l&#8217;espinada. Trobem les costelles d&#8217;agulla, les costelles de centre (els pals) i les costelles de ronyonada (sense pal).<br \/>\nEs considera categoria Extra.<\/p>\n<h5><u>UTILITATS<\/u><\/h5>\n<p>Encara que en algunes zones d&#8217;Espanya \u00e9s t\u00edpic el rostit de xai, la forma m\u00e9s habitual de menjar les costelles de xai \u00e9s a la brasa o a la planxa. Sol ser la part m\u00e9s benvolguda per a menjar d&#8217;aquesta forma.<\/p>\n","protected":false},"featured_media":2605,"template":"","meta":[],"product_brand":[],"product_cat":[181],"product_tag":[],"class_list":{"0":"post-2604","1":"product","2":"type-product","3":"status-publish","4":"has-post-thumbnail","6":"product_cat-ovina-xai","7":"align-left","8":"box-shadow-0","9":"box-shadow-0-hover","10":"ast-product-gallery-layout-horizontal","11":"ast-product-gallery-with-no-image","12":"ast-product-tabs-layout-horizontal","14":"first","15":"instock","16":"taxable","17":"shipping-taxable","18":"product-type-simple"},"yoast_head":"<!-- This site is optimized with the Yoast SEO plugin v27.3 - https:\/\/yoast.com\/product\/yoast-seo-wordpress\/ -->\n<title>LLONZA 8 Cost. C\/CULATA\u00a0CONG - Bienvenido<\/title>\n<meta name=\"robots\" content=\"index, follow, max-snippet:-1, max-image-preview:large, max-video-preview:-1\" \/>\n<link rel=\"canonical\" href=\"https:\/\/www.sucarn.es\/ca\/product\/chuletero-8-cost-c-cadera-cong\/\" \/>\n<meta property=\"og:locale\" content=\"ca_ES\" \/>\n<meta property=\"og:type\" content=\"article\" \/>\n<meta property=\"og:title\" content=\"LLONZA 8 Cost. C\/CULATA\u00a0CONG - Bienvenido\" \/>\n<meta property=\"og:description\" content=\"DESCRIPCI\u00d3 T\u00c8CNICA Com el seu nom indica s\u00f3n les costelles del xai. ESP\u00c8CIE: Xai. ORIGEN: Nova Zelanda. TIPUS D&#039;ENVASAT: Peces envasades al buit 1\u00d71. CADUCITAT: 24\u00a0mesos des de producci\u00f3. UNITAT MIN. COMANDA: 1 Caixa \u2013 15 a 20 kg, segons prove\u00efdor. TEMPERATURA: Conservar a -18\u00baC. CARACTER\u00cdSTIQUES Les costelles van amb la carn, el greix i el teixit conjuntiu que les recobreix. Es troba el tros amb el pal de la costella i el que va sense costella, nom\u00e9s amb l&#039;os de l&#039;espinada. Trobem les costelles d&#039;agulla, les costelles de centre (els pals) i les costelles de ronyonada (sense pal). Es considera categoria Extra. UTILITATS Encara que en algunes zones d&#039;Espanya \u00e9s t\u00edpic el rostit de xai, la forma m\u00e9s habitual de menjar les costelles de xai \u00e9s a la brasa o a la planxa. Sol ser la part m\u00e9s benvolguda per a menjar d&#039;aquesta forma.\" \/>\n<meta property=\"og:url\" content=\"https:\/\/www.sucarn.es\/product\/chuletero-8-cost-c-cadera-cong\/\" \/>\n<meta property=\"og:site_name\" content=\"Bienvenido\" \/>\n<meta property=\"article:modified_time\" content=\"2020-05-28T20:36:45+00:00\" \/>\n<meta property=\"og:image\" content=\"https:\/\/www.sucarn.es\/wp-content\/uploads\/2018\/08\/image049.jpg\" \/>\n\t<meta property=\"og:image:width\" content=\"631\" \/>\n\t<meta property=\"og:image:height\" content=\"384\" \/>\n\t<meta property=\"og:image:type\" content=\"image\/jpeg\" \/>\n<meta name=\"twitter:card\" content=\"summary_large_image\" \/>\n<script type=\"application\/ld+json\" class=\"yoast-schema-graph\">{\"@context\":\"https:\\\/\\\/schema.org\",\"@graph\":[{\"@type\":\"WebPage\",\"@id\":\"https:\\\/\\\/www.sucarn.es\\\/product\\\/chuletero-8-cost-c-cadera-cong\\\/\",\"url\":\"https:\\\/\\\/www.sucarn.es\\\/product\\\/chuletero-8-cost-c-cadera-cong\\\/\",\"name\":\"LLONZA 8 Cost. C\\\/CULATA\u00a0CONG - Bienvenido\",\"isPartOf\":{\"@id\":\"https:\\\/\\\/www.sucarn.es\\\/#website\"},\"primaryImageOfPage\":{\"@id\":\"https:\\\/\\\/www.sucarn.es\\\/product\\\/chuletero-8-cost-c-cadera-cong\\\/#primaryimage\"},\"image\":{\"@id\":\"https:\\\/\\\/www.sucarn.es\\\/product\\\/chuletero-8-cost-c-cadera-cong\\\/#primaryimage\"},\"thumbnailUrl\":\"https:\\\/\\\/www.sucarn.es\\\/wp-content\\\/uploads\\\/2018\\\/08\\\/image049.jpg\",\"datePublished\":\"2018-08-13T11:00:55+00:00\",\"dateModified\":\"2020-05-28T20:36:45+00:00\",\"breadcrumb\":{\"@id\":\"https:\\\/\\\/www.sucarn.es\\\/product\\\/chuletero-8-cost-c-cadera-cong\\\/#breadcrumb\"},\"inLanguage\":\"ca\",\"potentialAction\":[{\"@type\":\"ReadAction\",\"target\":[\"https:\\\/\\\/www.sucarn.es\\\/product\\\/chuletero-8-cost-c-cadera-cong\\\/\"]}]},{\"@type\":\"ImageObject\",\"inLanguage\":\"ca\",\"@id\":\"https:\\\/\\\/www.sucarn.es\\\/product\\\/chuletero-8-cost-c-cadera-cong\\\/#primaryimage\",\"url\":\"https:\\\/\\\/www.sucarn.es\\\/wp-content\\\/uploads\\\/2018\\\/08\\\/image049.jpg\",\"contentUrl\":\"https:\\\/\\\/www.sucarn.es\\\/wp-content\\\/uploads\\\/2018\\\/08\\\/image049.jpg\",\"width\":631,\"height\":384},{\"@type\":\"BreadcrumbList\",\"@id\":\"https:\\\/\\\/www.sucarn.es\\\/product\\\/chuletero-8-cost-c-cadera-cong\\\/#breadcrumb\",\"itemListElement\":[{\"@type\":\"ListItem\",\"position\":1,\"name\":\"Home\",\"item\":\"https:\\\/\\\/www.sucarn.es\\\/ca\\\/\"},{\"@type\":\"ListItem\",\"position\":2,\"name\":\"Shop\",\"item\":\"https:\\\/\\\/www.sucarn.es\\\/?page_id=2354\"},{\"@type\":\"ListItem\",\"position\":3,\"name\":\"LLONZA 8 Cost. C\\\/CULATA\u00a0CONG\"}]},{\"@type\":\"WebSite\",\"@id\":\"https:\\\/\\\/www.sucarn.es\\\/#website\",\"url\":\"https:\\\/\\\/www.sucarn.es\\\/\",\"name\":\"Sucarn\",\"description\":\"Sucarn\",\"publisher\":{\"@id\":\"https:\\\/\\\/www.sucarn.es\\\/#organization\"},\"potentialAction\":[{\"@type\":\"SearchAction\",\"target\":{\"@type\":\"EntryPoint\",\"urlTemplate\":\"https:\\\/\\\/www.sucarn.es\\\/?s={search_term_string}\"},\"query-input\":{\"@type\":\"PropertyValueSpecification\",\"valueRequired\":true,\"valueName\":\"search_term_string\"}}],\"inLanguage\":\"ca\"},{\"@type\":\"Organization\",\"@id\":\"https:\\\/\\\/www.sucarn.es\\\/#organization\",\"name\":\"Sucarn\",\"url\":\"https:\\\/\\\/www.sucarn.es\\\/\",\"logo\":{\"@type\":\"ImageObject\",\"inLanguage\":\"ca\",\"@id\":\"https:\\\/\\\/www.sucarn.es\\\/#\\\/schema\\\/logo\\\/image\\\/\",\"url\":\"https:\\\/\\\/www.sucarn.es\\\/wp-content\\\/uploads\\\/2018\\\/03\\\/LOGO_SUCARN.png\",\"contentUrl\":\"https:\\\/\\\/www.sucarn.es\\\/wp-content\\\/uploads\\\/2018\\\/03\\\/LOGO_SUCARN.png\",\"width\":300,\"height\":93,\"caption\":\"Sucarn\"},\"image\":{\"@id\":\"https:\\\/\\\/www.sucarn.es\\\/#\\\/schema\\\/logo\\\/image\\\/\"}}]}<\/script>\n<!-- \/ Yoast SEO plugin. -->","yoast_head_json":{"title":"LLONZA 8 Cost. C\/CULATA\u00a0CONG - Bienvenido","robots":{"index":"index","follow":"follow","max-snippet":"max-snippet:-1","max-image-preview":"max-image-preview:large","max-video-preview":"max-video-preview:-1"},"canonical":"https:\/\/www.sucarn.es\/ca\/product\/chuletero-8-cost-c-cadera-cong\/","og_locale":"ca_ES","og_type":"article","og_title":"LLONZA 8 Cost. C\/CULATA\u00a0CONG - Bienvenido","og_description":"DESCRIPCI\u00d3 T\u00c8CNICA Com el seu nom indica s\u00f3n les costelles del xai. ESP\u00c8CIE: Xai. ORIGEN: Nova Zelanda. TIPUS D'ENVASAT: Peces envasades al buit 1\u00d71. CADUCITAT: 24\u00a0mesos des de producci\u00f3. UNITAT MIN. COMANDA: 1 Caixa \u2013 15 a 20 kg, segons prove\u00efdor. TEMPERATURA: Conservar a -18\u00baC. CARACTER\u00cdSTIQUES Les costelles van amb la carn, el greix i el teixit conjuntiu que les recobreix. Es troba el tros amb el pal de la costella i el que va sense costella, nom\u00e9s amb l'os de l'espinada. Trobem les costelles d'agulla, les costelles de centre (els pals) i les costelles de ronyonada (sense pal). Es considera categoria Extra. UTILITATS Encara que en algunes zones d'Espanya \u00e9s t\u00edpic el rostit de xai, la forma m\u00e9s habitual de menjar les costelles de xai \u00e9s a la brasa o a la planxa. Sol ser la part m\u00e9s benvolguda per a menjar d'aquesta forma.","og_url":"https:\/\/www.sucarn.es\/product\/chuletero-8-cost-c-cadera-cong\/","og_site_name":"Bienvenido","article_modified_time":"2020-05-28T20:36:45+00:00","og_image":[{"width":631,"height":384,"url":"https:\/\/www.sucarn.es\/wp-content\/uploads\/2018\/08\/image049.jpg","type":"image\/jpeg"}],"twitter_card":"summary_large_image","schema":{"@context":"https:\/\/schema.org","@graph":[{"@type":"WebPage","@id":"https:\/\/www.sucarn.es\/product\/chuletero-8-cost-c-cadera-cong\/","url":"https:\/\/www.sucarn.es\/product\/chuletero-8-cost-c-cadera-cong\/","name":"LLONZA 8 Cost. C\/CULATA\u00a0CONG - Bienvenido","isPartOf":{"@id":"https:\/\/www.sucarn.es\/#website"},"primaryImageOfPage":{"@id":"https:\/\/www.sucarn.es\/product\/chuletero-8-cost-c-cadera-cong\/#primaryimage"},"image":{"@id":"https:\/\/www.sucarn.es\/product\/chuletero-8-cost-c-cadera-cong\/#primaryimage"},"thumbnailUrl":"https:\/\/www.sucarn.es\/wp-content\/uploads\/2018\/08\/image049.jpg","datePublished":"2018-08-13T11:00:55+00:00","dateModified":"2020-05-28T20:36:45+00:00","breadcrumb":{"@id":"https:\/\/www.sucarn.es\/product\/chuletero-8-cost-c-cadera-cong\/#breadcrumb"},"inLanguage":"ca","potentialAction":[{"@type":"ReadAction","target":["https:\/\/www.sucarn.es\/product\/chuletero-8-cost-c-cadera-cong\/"]}]},{"@type":"ImageObject","inLanguage":"ca","@id":"https:\/\/www.sucarn.es\/product\/chuletero-8-cost-c-cadera-cong\/#primaryimage","url":"https:\/\/www.sucarn.es\/wp-content\/uploads\/2018\/08\/image049.jpg","contentUrl":"https:\/\/www.sucarn.es\/wp-content\/uploads\/2018\/08\/image049.jpg","width":631,"height":384},{"@type":"BreadcrumbList","@id":"https:\/\/www.sucarn.es\/product\/chuletero-8-cost-c-cadera-cong\/#breadcrumb","itemListElement":[{"@type":"ListItem","position":1,"name":"Home","item":"https:\/\/www.sucarn.es\/ca\/"},{"@type":"ListItem","position":2,"name":"Shop","item":"https:\/\/www.sucarn.es\/?page_id=2354"},{"@type":"ListItem","position":3,"name":"LLONZA 8 Cost. C\/CULATA\u00a0CONG"}]},{"@type":"WebSite","@id":"https:\/\/www.sucarn.es\/#website","url":"https:\/\/www.sucarn.es\/","name":"Sucarn","description":"Sucarn","publisher":{"@id":"https:\/\/www.sucarn.es\/#organization"},"potentialAction":[{"@type":"SearchAction","target":{"@type":"EntryPoint","urlTemplate":"https:\/\/www.sucarn.es\/?s={search_term_string}"},"query-input":{"@type":"PropertyValueSpecification","valueRequired":true,"valueName":"search_term_string"}}],"inLanguage":"ca"},{"@type":"Organization","@id":"https:\/\/www.sucarn.es\/#organization","name":"Sucarn","url":"https:\/\/www.sucarn.es\/","logo":{"@type":"ImageObject","inLanguage":"ca","@id":"https:\/\/www.sucarn.es\/#\/schema\/logo\/image\/","url":"https:\/\/www.sucarn.es\/wp-content\/uploads\/2018\/03\/LOGO_SUCARN.png","contentUrl":"https:\/\/www.sucarn.es\/wp-content\/uploads\/2018\/03\/LOGO_SUCARN.png","width":300,"height":93,"caption":"Sucarn"},"image":{"@id":"https:\/\/www.sucarn.es\/#\/schema\/logo\/image\/"}}]}},"_links":{"self":[{"href":"https:\/\/www.sucarn.es\/ca\/wp-json\/wp\/v2\/product\/2604","targetHints":{"allow":["GET"]}}],"collection":[{"href":"https:\/\/www.sucarn.es\/ca\/wp-json\/wp\/v2\/product"}],"about":[{"href":"https:\/\/www.sucarn.es\/ca\/wp-json\/wp\/v2\/types\/product"}],"wp:featuredmedia":[{"embeddable":true,"href":"https:\/\/www.sucarn.es\/ca\/wp-json\/wp\/v2\/media\/2605"}],"wp:attachment":[{"href":"https:\/\/www.sucarn.es\/ca\/wp-json\/wp\/v2\/media?parent=2604"}],"wp:term":[{"taxonomy":"product_brand","embeddable":true,"href":"https:\/\/www.sucarn.es\/ca\/wp-json\/wp\/v2\/product_brand?post=2604"},{"taxonomy":"product_cat","embeddable":true,"href":"https:\/\/www.sucarn.es\/ca\/wp-json\/wp\/v2\/product_cat?post=2604"},{"taxonomy":"product_tag","embeddable":true,"href":"https:\/\/www.sucarn.es\/ca\/wp-json\/wp\/v2\/product_tag?post=2604"}],"curies":[{"name":"wp","href":"https:\/\/api.w.org\/{rel}","templated":true}]}}