{"id":2606,"date":"2018-08-13T10:56:56","date_gmt":"2018-08-13T10:56:56","guid":{"rendered":"https:\/\/www.sucarn.es\/product\/french-racks-cong-2\/"},"modified":"2020-05-28T20:36:53","modified_gmt":"2020-05-28T20:36:53","slug":"french-racks-cong","status":"publish","type":"product","link":"https:\/\/www.sucarn.es\/ca\/product\/french-racks-cong\/","title":{"rendered":"FRENCH-RACKS CONG"},"content":{"rendered":"","protected":false},"excerpt":{"rendered":"<h5><u>DESCRIPCI\u00d3 T\u00c8CNICA<\/u><\/h5>\n<p>S\u00f3n les costelles de l&#8217;animal, nom\u00e9s la zona del\u00a0costellam (costelles de pal).<br \/>\n<strong>ESP\u00c8CIE<\/strong>: Xai.<br \/>\n<strong>ORIGEN<\/strong>: Nova Zelanda.<br \/>\n<strong>TIPUS D&#8217;ENVASAT<\/strong>: Peces al buit\u00a01\u00d71.<br \/>\n<strong>CADUCITAT<\/strong>: 24\u00a0mesos des de producci\u00f3.<br \/>\n<strong>UNITAT MIN. COMANDA<\/strong>: 1 Caixa \u2013 10 a 15\u00a0kg\u00a0\u00a0Segons\u00a0prove\u00efdor.<br \/>\n<strong>TEMPERATURA<\/strong>: Conservar a -18\u00baC.<\/p>\n<h5><u>CARACTER\u00cdSTIQUES<\/u><\/h5>\n<p>El\u00a0french-rack,\u00a0com el seu nom indica, \u00e9s el tipus de tall franc\u00e8s que s&#8217;ha fet per a l&#8217;alta cuina francesa durant molts anys i que despr\u00e9s s&#8217;ha exportat a la resta del m\u00f3n. Les costelles porten tota la carn de l&#8217;os aixecada, presentant uns pals nets que fa possible manipular la pe\u00e7a sense problemes.<\/p>\n<h5><u>UTILITATS<\/u><\/h5>\n<p>La manera m\u00e9s habitual de fer el\u00a0french\u00a0rack\u00a0\u00e9s rostit, encara que tamb\u00e9 es pot fer a la brasa, fregit, etc. \u00c9s un plat que podem trobar en molts restaurants d&#8217;alta cuina.<\/p>\n","protected":false},"featured_media":2607,"template":"","meta":[],"product_brand":[],"product_cat":[181],"product_tag":[],"class_list":{"0":"post-2606","1":"product","2":"type-product","3":"status-publish","4":"has-post-thumbnail","6":"product_cat-ovina-xai","7":"align-left","8":"box-shadow-0","9":"box-shadow-0-hover","10":"ast-product-gallery-layout-horizontal","11":"ast-product-gallery-with-no-image","12":"ast-product-tabs-layout-horizontal","14":"first","15":"instock","16":"taxable","17":"shipping-taxable","18":"product-type-simple"},"yoast_head":"<!-- This site is optimized with the Yoast SEO plugin v27.3 - https:\/\/yoast.com\/product\/yoast-seo-wordpress\/ -->\n<title>FRENCH-RACKS CONG - Bienvenido<\/title>\n<meta name=\"robots\" content=\"index, follow, max-snippet:-1, max-image-preview:large, max-video-preview:-1\" \/>\n<link rel=\"canonical\" href=\"https:\/\/www.sucarn.es\/ca\/product\/french-racks-cong\/\" \/>\n<meta property=\"og:locale\" content=\"ca_ES\" \/>\n<meta property=\"og:type\" content=\"article\" \/>\n<meta property=\"og:title\" content=\"FRENCH-RACKS CONG - Bienvenido\" \/>\n<meta property=\"og:description\" content=\"DESCRIPCI\u00d3 T\u00c8CNICA S\u00f3n les costelles de l&#039;animal, nom\u00e9s la zona del\u00a0costellam (costelles de pal). ESP\u00c8CIE: Xai. ORIGEN: Nova Zelanda. TIPUS D&#039;ENVASAT: Peces al buit\u00a01\u00d71. CADUCITAT: 24\u00a0mesos des de producci\u00f3. UNITAT MIN. COMANDA: 1 Caixa \u2013 10 a 15\u00a0kg\u00a0\u00a0Segons\u00a0prove\u00efdor. TEMPERATURA: Conservar a -18\u00baC. CARACTER\u00cdSTIQUES El\u00a0french-rack,\u00a0com el seu nom indica, \u00e9s el tipus de tall franc\u00e8s que s&#039;ha fet per a l&#039;alta cuina francesa durant molts anys i que despr\u00e9s s&#039;ha exportat a la resta del m\u00f3n. Les costelles porten tota la carn de l&#039;os aixecada, presentant uns pals nets que fa possible manipular la pe\u00e7a sense problemes. UTILITATS La manera m\u00e9s habitual de fer el\u00a0french\u00a0rack\u00a0\u00e9s rostit, encara que tamb\u00e9 es pot fer a la brasa, fregit, etc. \u00c9s un plat que podem trobar en molts restaurants d&#039;alta cuina.\" \/>\n<meta property=\"og:url\" content=\"https:\/\/www.sucarn.es\/product\/french-racks-cong\/\" \/>\n<meta property=\"og:site_name\" content=\"Bienvenido\" \/>\n<meta property=\"article:modified_time\" content=\"2020-05-28T20:36:53+00:00\" \/>\n<meta property=\"og:image\" content=\"https:\/\/www.sucarn.es\/wp-content\/uploads\/2018\/08\/image048.jpg\" \/>\n\t<meta property=\"og:image:width\" content=\"498\" \/>\n\t<meta property=\"og:image:height\" content=\"428\" \/>\n\t<meta property=\"og:image:type\" content=\"image\/jpeg\" \/>\n<meta name=\"twitter:card\" content=\"summary_large_image\" \/>\n<script type=\"application\/ld+json\" class=\"yoast-schema-graph\">{\"@context\":\"https:\\\/\\\/schema.org\",\"@graph\":[{\"@type\":\"WebPage\",\"@id\":\"https:\\\/\\\/www.sucarn.es\\\/product\\\/french-racks-cong\\\/\",\"url\":\"https:\\\/\\\/www.sucarn.es\\\/product\\\/french-racks-cong\\\/\",\"name\":\"FRENCH-RACKS CONG - Bienvenido\",\"isPartOf\":{\"@id\":\"https:\\\/\\\/www.sucarn.es\\\/#website\"},\"primaryImageOfPage\":{\"@id\":\"https:\\\/\\\/www.sucarn.es\\\/product\\\/french-racks-cong\\\/#primaryimage\"},\"image\":{\"@id\":\"https:\\\/\\\/www.sucarn.es\\\/product\\\/french-racks-cong\\\/#primaryimage\"},\"thumbnailUrl\":\"https:\\\/\\\/www.sucarn.es\\\/wp-content\\\/uploads\\\/2018\\\/08\\\/image048.jpg\",\"datePublished\":\"2018-08-13T10:56:56+00:00\",\"dateModified\":\"2020-05-28T20:36:53+00:00\",\"breadcrumb\":{\"@id\":\"https:\\\/\\\/www.sucarn.es\\\/product\\\/french-racks-cong\\\/#breadcrumb\"},\"inLanguage\":\"ca\",\"potentialAction\":[{\"@type\":\"ReadAction\",\"target\":[\"https:\\\/\\\/www.sucarn.es\\\/product\\\/french-racks-cong\\\/\"]}]},{\"@type\":\"ImageObject\",\"inLanguage\":\"ca\",\"@id\":\"https:\\\/\\\/www.sucarn.es\\\/product\\\/french-racks-cong\\\/#primaryimage\",\"url\":\"https:\\\/\\\/www.sucarn.es\\\/wp-content\\\/uploads\\\/2018\\\/08\\\/image048.jpg\",\"contentUrl\":\"https:\\\/\\\/www.sucarn.es\\\/wp-content\\\/uploads\\\/2018\\\/08\\\/image048.jpg\",\"width\":498,\"height\":428},{\"@type\":\"BreadcrumbList\",\"@id\":\"https:\\\/\\\/www.sucarn.es\\\/product\\\/french-racks-cong\\\/#breadcrumb\",\"itemListElement\":[{\"@type\":\"ListItem\",\"position\":1,\"name\":\"Home\",\"item\":\"https:\\\/\\\/www.sucarn.es\\\/ca\\\/\"},{\"@type\":\"ListItem\",\"position\":2,\"name\":\"Shop\",\"item\":\"https:\\\/\\\/www.sucarn.es\\\/?page_id=2354\"},{\"@type\":\"ListItem\",\"position\":3,\"name\":\"FRENCH-RACKS CONG\"}]},{\"@type\":\"WebSite\",\"@id\":\"https:\\\/\\\/www.sucarn.es\\\/#website\",\"url\":\"https:\\\/\\\/www.sucarn.es\\\/\",\"name\":\"Sucarn\",\"description\":\"Sucarn\",\"publisher\":{\"@id\":\"https:\\\/\\\/www.sucarn.es\\\/#organization\"},\"potentialAction\":[{\"@type\":\"SearchAction\",\"target\":{\"@type\":\"EntryPoint\",\"urlTemplate\":\"https:\\\/\\\/www.sucarn.es\\\/?s={search_term_string}\"},\"query-input\":{\"@type\":\"PropertyValueSpecification\",\"valueRequired\":true,\"valueName\":\"search_term_string\"}}],\"inLanguage\":\"ca\"},{\"@type\":\"Organization\",\"@id\":\"https:\\\/\\\/www.sucarn.es\\\/#organization\",\"name\":\"Sucarn\",\"url\":\"https:\\\/\\\/www.sucarn.es\\\/\",\"logo\":{\"@type\":\"ImageObject\",\"inLanguage\":\"ca\",\"@id\":\"https:\\\/\\\/www.sucarn.es\\\/#\\\/schema\\\/logo\\\/image\\\/\",\"url\":\"https:\\\/\\\/www.sucarn.es\\\/wp-content\\\/uploads\\\/2018\\\/03\\\/LOGO_SUCARN.png\",\"contentUrl\":\"https:\\\/\\\/www.sucarn.es\\\/wp-content\\\/uploads\\\/2018\\\/03\\\/LOGO_SUCARN.png\",\"width\":300,\"height\":93,\"caption\":\"Sucarn\"},\"image\":{\"@id\":\"https:\\\/\\\/www.sucarn.es\\\/#\\\/schema\\\/logo\\\/image\\\/\"}}]}<\/script>\n<!-- \/ Yoast SEO plugin. -->","yoast_head_json":{"title":"FRENCH-RACKS CONG - Bienvenido","robots":{"index":"index","follow":"follow","max-snippet":"max-snippet:-1","max-image-preview":"max-image-preview:large","max-video-preview":"max-video-preview:-1"},"canonical":"https:\/\/www.sucarn.es\/ca\/product\/french-racks-cong\/","og_locale":"ca_ES","og_type":"article","og_title":"FRENCH-RACKS CONG - Bienvenido","og_description":"DESCRIPCI\u00d3 T\u00c8CNICA S\u00f3n les costelles de l'animal, nom\u00e9s la zona del\u00a0costellam (costelles de pal). ESP\u00c8CIE: Xai. ORIGEN: Nova Zelanda. TIPUS D'ENVASAT: Peces al buit\u00a01\u00d71. CADUCITAT: 24\u00a0mesos des de producci\u00f3. UNITAT MIN. COMANDA: 1 Caixa \u2013 10 a 15\u00a0kg\u00a0\u00a0Segons\u00a0prove\u00efdor. TEMPERATURA: Conservar a -18\u00baC. CARACTER\u00cdSTIQUES El\u00a0french-rack,\u00a0com el seu nom indica, \u00e9s el tipus de tall franc\u00e8s que s'ha fet per a l'alta cuina francesa durant molts anys i que despr\u00e9s s'ha exportat a la resta del m\u00f3n. Les costelles porten tota la carn de l'os aixecada, presentant uns pals nets que fa possible manipular la pe\u00e7a sense problemes. UTILITATS La manera m\u00e9s habitual de fer el\u00a0french\u00a0rack\u00a0\u00e9s rostit, encara que tamb\u00e9 es pot fer a la brasa, fregit, etc. \u00c9s un plat que podem trobar en molts restaurants d'alta cuina.","og_url":"https:\/\/www.sucarn.es\/product\/french-racks-cong\/","og_site_name":"Bienvenido","article_modified_time":"2020-05-28T20:36:53+00:00","og_image":[{"width":498,"height":428,"url":"https:\/\/www.sucarn.es\/wp-content\/uploads\/2018\/08\/image048.jpg","type":"image\/jpeg"}],"twitter_card":"summary_large_image","schema":{"@context":"https:\/\/schema.org","@graph":[{"@type":"WebPage","@id":"https:\/\/www.sucarn.es\/product\/french-racks-cong\/","url":"https:\/\/www.sucarn.es\/product\/french-racks-cong\/","name":"FRENCH-RACKS CONG - Bienvenido","isPartOf":{"@id":"https:\/\/www.sucarn.es\/#website"},"primaryImageOfPage":{"@id":"https:\/\/www.sucarn.es\/product\/french-racks-cong\/#primaryimage"},"image":{"@id":"https:\/\/www.sucarn.es\/product\/french-racks-cong\/#primaryimage"},"thumbnailUrl":"https:\/\/www.sucarn.es\/wp-content\/uploads\/2018\/08\/image048.jpg","datePublished":"2018-08-13T10:56:56+00:00","dateModified":"2020-05-28T20:36:53+00:00","breadcrumb":{"@id":"https:\/\/www.sucarn.es\/product\/french-racks-cong\/#breadcrumb"},"inLanguage":"ca","potentialAction":[{"@type":"ReadAction","target":["https:\/\/www.sucarn.es\/product\/french-racks-cong\/"]}]},{"@type":"ImageObject","inLanguage":"ca","@id":"https:\/\/www.sucarn.es\/product\/french-racks-cong\/#primaryimage","url":"https:\/\/www.sucarn.es\/wp-content\/uploads\/2018\/08\/image048.jpg","contentUrl":"https:\/\/www.sucarn.es\/wp-content\/uploads\/2018\/08\/image048.jpg","width":498,"height":428},{"@type":"BreadcrumbList","@id":"https:\/\/www.sucarn.es\/product\/french-racks-cong\/#breadcrumb","itemListElement":[{"@type":"ListItem","position":1,"name":"Home","item":"https:\/\/www.sucarn.es\/ca\/"},{"@type":"ListItem","position":2,"name":"Shop","item":"https:\/\/www.sucarn.es\/?page_id=2354"},{"@type":"ListItem","position":3,"name":"FRENCH-RACKS CONG"}]},{"@type":"WebSite","@id":"https:\/\/www.sucarn.es\/#website","url":"https:\/\/www.sucarn.es\/","name":"Sucarn","description":"Sucarn","publisher":{"@id":"https:\/\/www.sucarn.es\/#organization"},"potentialAction":[{"@type":"SearchAction","target":{"@type":"EntryPoint","urlTemplate":"https:\/\/www.sucarn.es\/?s={search_term_string}"},"query-input":{"@type":"PropertyValueSpecification","valueRequired":true,"valueName":"search_term_string"}}],"inLanguage":"ca"},{"@type":"Organization","@id":"https:\/\/www.sucarn.es\/#organization","name":"Sucarn","url":"https:\/\/www.sucarn.es\/","logo":{"@type":"ImageObject","inLanguage":"ca","@id":"https:\/\/www.sucarn.es\/#\/schema\/logo\/image\/","url":"https:\/\/www.sucarn.es\/wp-content\/uploads\/2018\/03\/LOGO_SUCARN.png","contentUrl":"https:\/\/www.sucarn.es\/wp-content\/uploads\/2018\/03\/LOGO_SUCARN.png","width":300,"height":93,"caption":"Sucarn"},"image":{"@id":"https:\/\/www.sucarn.es\/#\/schema\/logo\/image\/"}}]}},"_links":{"self":[{"href":"https:\/\/www.sucarn.es\/ca\/wp-json\/wp\/v2\/product\/2606","targetHints":{"allow":["GET"]}}],"collection":[{"href":"https:\/\/www.sucarn.es\/ca\/wp-json\/wp\/v2\/product"}],"about":[{"href":"https:\/\/www.sucarn.es\/ca\/wp-json\/wp\/v2\/types\/product"}],"wp:featuredmedia":[{"embeddable":true,"href":"https:\/\/www.sucarn.es\/ca\/wp-json\/wp\/v2\/media\/2607"}],"wp:attachment":[{"href":"https:\/\/www.sucarn.es\/ca\/wp-json\/wp\/v2\/media?parent=2606"}],"wp:term":[{"taxonomy":"product_brand","embeddable":true,"href":"https:\/\/www.sucarn.es\/ca\/wp-json\/wp\/v2\/product_brand?post=2606"},{"taxonomy":"product_cat","embeddable":true,"href":"https:\/\/www.sucarn.es\/ca\/wp-json\/wp\/v2\/product_cat?post=2606"},{"taxonomy":"product_tag","embeddable":true,"href":"https:\/\/www.sucarn.es\/ca\/wp-json\/wp\/v2\/product_tag?post=2606"}],"curies":[{"name":"wp","href":"https:\/\/api.w.org\/{rel}","templated":true}]}}