{"id":2612,"date":"2018-08-13T10:48:00","date_gmt":"2018-08-13T10:48:00","guid":{"rendered":"https:\/\/www.sucarn.es\/product\/brao-rostit-c-pell-05-kg-2\/"},"modified":"2020-05-28T20:37:22","modified_gmt":"2020-05-28T20:37:22","slug":"brao-rostit-c-pell-05-kg","status":"publish","type":"product","link":"https:\/\/www.sucarn.es\/ca\/product\/brao-rostit-c-pell-05-kg\/","title":{"rendered":"BRA\u00d3 ROSTIT C\/PELL \u2013\u00a00&#8217;5\u00a0Kg."},"content":{"rendered":"","protected":false},"excerpt":{"rendered":"<h5><u>DESCRIPCI\u00d3 T\u00c8CNICA<\/u><\/h5>\n<p>Part de les potes situada entre els peus o mans i l&#8217;espatlla o el pernil.<br \/>\n<strong>RA\u00c7A<\/strong>: Duroc, Pietrain \u2026.<br \/>\n<strong>ORIGEN<\/strong>: Alemanya, etc.<br \/>\n<strong>TIPUS D&#8217;ENVASAT<\/strong>: Peces envasades al buit\u00a01\u00d71. Pe\u00e7a precuinada amb la seva salsa i etiquetatge amb manera de preparaci\u00f3.<br \/>\n<strong>CADUCITAT<\/strong>: 270\u00a0dies des de producci\u00f3.<br \/>\n<strong>UNITAT MIN. COMANDA<\/strong>: 1 Caixa \u2013 12 unitats.<br \/>\n<strong>TEMPERATURA<\/strong>: Conservar sense refrigeraci\u00f3.<\/p>\n<h5><u>CARACTER\u00cdSTIQUES<\/u><\/h5>\n<p>Bra\u00f3 de porc, sal iodada, sucre, esp\u00e8cies, oli vegetal. La carn del bra\u00f3 t\u00e9 abundant greix i sabor intens. Presenta un color daurat. S&#8217;ha sotm\u00e8s a una llarga cocci\u00f3 i es presenta llest per a escalfar i consumir.<\/p>\n<h5><u>UTILITATS<\/u><\/h5>\n<p>En general els braons de porc segueixen llargues coccions en guisats, estofats o rostits al forn. Tamb\u00e9 es venen fumats. En aquest cas, nom\u00e9s hem d&#8217;escalfar-lo seguint les indicacions de l&#8217;etiqueta al forn o microones.<\/p>\n","protected":false},"featured_media":2614,"template":"","meta":[],"product_brand":[],"product_cat":[180],"product_tag":[],"class_list":{"0":"post-2612","1":"product","2":"type-product","3":"status-publish","4":"has-post-thumbnail","6":"product_cat-porcina-ca","7":"align-left","8":"box-shadow-0","9":"box-shadow-0-hover","10":"ast-product-gallery-layout-horizontal","11":"ast-product-gallery-with-no-image","12":"ast-product-tabs-layout-horizontal","14":"first","15":"instock","16":"taxable","17":"shipping-taxable","18":"product-type-simple"},"yoast_head":"<!-- This site is optimized with the Yoast SEO plugin v27.3 - https:\/\/yoast.com\/product\/yoast-seo-wordpress\/ -->\n<title>BRA\u00d3 ROSTIT C\/PELL \u2013\u00a00&#039;5\u00a0Kg. - Bienvenido<\/title>\n<meta name=\"robots\" content=\"index, follow, max-snippet:-1, max-image-preview:large, max-video-preview:-1\" \/>\n<link rel=\"canonical\" href=\"https:\/\/www.sucarn.es\/ca\/product\/codillo-asado-c-piel-05-kg\/\" \/>\n<meta property=\"og:locale\" content=\"ca_ES\" \/>\n<meta property=\"og:type\" content=\"article\" \/>\n<meta property=\"og:title\" content=\"BRA\u00d3 ROSTIT C\/PELL \u2013\u00a00&#039;5\u00a0Kg. - Bienvenido\" \/>\n<meta property=\"og:description\" content=\"DESCRIPCI\u00d3 T\u00c8CNICA Part de les potes situada entre els peus o mans i l&#039;espatlla o el pernil. RA\u00c7A: Duroc, Pietrain \u2026. ORIGEN: Alemanya, etc. TIPUS D&#039;ENVASAT: Peces envasades al buit\u00a01\u00d71. Pe\u00e7a precuinada amb la seva salsa i etiquetatge amb manera de preparaci\u00f3. CADUCITAT: 270\u00a0dies des de producci\u00f3. UNITAT MIN. COMANDA: 1 Caixa \u2013 12 unitats. TEMPERATURA: Conservar sense refrigeraci\u00f3. CARACTER\u00cdSTIQUES Bra\u00f3 de porc, sal iodada, sucre, esp\u00e8cies, oli vegetal. La carn del bra\u00f3 t\u00e9 abundant greix i sabor intens. Presenta un color daurat. S&#039;ha sotm\u00e8s a una llarga cocci\u00f3 i es presenta llest per a escalfar i consumir. UTILITATS En general els braons de porc segueixen llargues coccions en guisats, estofats o rostits al forn. Tamb\u00e9 es venen fumats. En aquest cas, nom\u00e9s hem d&#039;escalfar-lo seguint les indicacions de l&#039;etiqueta al forn o microones.\" \/>\n<meta property=\"og:url\" content=\"https:\/\/www.sucarn.es\/product\/codillo-asado-c-piel-05-kg\/\" \/>\n<meta property=\"og:site_name\" content=\"Bienvenido\" \/>\n<meta property=\"article:modified_time\" content=\"2020-05-28T20:37:22+00:00\" \/>\n<meta property=\"og:image\" content=\"https:\/\/www.sucarn.es\/wp-content\/uploads\/2018\/08\/image-pig.jpg\" \/>\n\t<meta property=\"og:image:width\" content=\"772\" \/>\n\t<meta property=\"og:image:height\" content=\"514\" \/>\n\t<meta property=\"og:image:type\" content=\"image\/jpeg\" \/>\n<meta name=\"twitter:card\" content=\"summary_large_image\" \/>\n<script type=\"application\/ld+json\" class=\"yoast-schema-graph\">{\"@context\":\"https:\\\/\\\/schema.org\",\"@graph\":[{\"@type\":\"WebPage\",\"@id\":\"https:\\\/\\\/www.sucarn.es\\\/product\\\/codillo-asado-c-piel-05-kg\\\/\",\"url\":\"https:\\\/\\\/www.sucarn.es\\\/product\\\/codillo-asado-c-piel-05-kg\\\/\",\"name\":\"BRA\u00d3 ROSTIT C\\\/PELL \u2013\u00a00'5\u00a0Kg. - Bienvenido\",\"isPartOf\":{\"@id\":\"https:\\\/\\\/www.sucarn.es\\\/#website\"},\"primaryImageOfPage\":{\"@id\":\"https:\\\/\\\/www.sucarn.es\\\/product\\\/codillo-asado-c-piel-05-kg\\\/#primaryimage\"},\"image\":{\"@id\":\"https:\\\/\\\/www.sucarn.es\\\/product\\\/codillo-asado-c-piel-05-kg\\\/#primaryimage\"},\"thumbnailUrl\":\"https:\\\/\\\/www.sucarn.es\\\/wp-content\\\/uploads\\\/2018\\\/08\\\/image-pig.jpg\",\"datePublished\":\"2018-08-13T10:48:00+00:00\",\"dateModified\":\"2020-05-28T20:37:22+00:00\",\"breadcrumb\":{\"@id\":\"https:\\\/\\\/www.sucarn.es\\\/product\\\/codillo-asado-c-piel-05-kg\\\/#breadcrumb\"},\"inLanguage\":\"ca\",\"potentialAction\":[{\"@type\":\"ReadAction\",\"target\":[\"https:\\\/\\\/www.sucarn.es\\\/product\\\/codillo-asado-c-piel-05-kg\\\/\"]}]},{\"@type\":\"ImageObject\",\"inLanguage\":\"ca\",\"@id\":\"https:\\\/\\\/www.sucarn.es\\\/product\\\/codillo-asado-c-piel-05-kg\\\/#primaryimage\",\"url\":\"https:\\\/\\\/www.sucarn.es\\\/wp-content\\\/uploads\\\/2018\\\/08\\\/image-pig.jpg\",\"contentUrl\":\"https:\\\/\\\/www.sucarn.es\\\/wp-content\\\/uploads\\\/2018\\\/08\\\/image-pig.jpg\",\"width\":772,\"height\":514},{\"@type\":\"BreadcrumbList\",\"@id\":\"https:\\\/\\\/www.sucarn.es\\\/product\\\/codillo-asado-c-piel-05-kg\\\/#breadcrumb\",\"itemListElement\":[{\"@type\":\"ListItem\",\"position\":1,\"name\":\"Home\",\"item\":\"https:\\\/\\\/www.sucarn.es\\\/ca\\\/\"},{\"@type\":\"ListItem\",\"position\":2,\"name\":\"Shop\",\"item\":\"https:\\\/\\\/www.sucarn.es\\\/?page_id=2354\"},{\"@type\":\"ListItem\",\"position\":3,\"name\":\"BRA\u00d3 ROSTIT C\\\/PELL \u2013\u00a00&#8217;5\u00a0Kg.\"}]},{\"@type\":\"WebSite\",\"@id\":\"https:\\\/\\\/www.sucarn.es\\\/#website\",\"url\":\"https:\\\/\\\/www.sucarn.es\\\/\",\"name\":\"Sucarn\",\"description\":\"Sucarn\",\"publisher\":{\"@id\":\"https:\\\/\\\/www.sucarn.es\\\/#organization\"},\"potentialAction\":[{\"@type\":\"SearchAction\",\"target\":{\"@type\":\"EntryPoint\",\"urlTemplate\":\"https:\\\/\\\/www.sucarn.es\\\/?s={search_term_string}\"},\"query-input\":{\"@type\":\"PropertyValueSpecification\",\"valueRequired\":true,\"valueName\":\"search_term_string\"}}],\"inLanguage\":\"ca\"},{\"@type\":\"Organization\",\"@id\":\"https:\\\/\\\/www.sucarn.es\\\/#organization\",\"name\":\"Sucarn\",\"url\":\"https:\\\/\\\/www.sucarn.es\\\/\",\"logo\":{\"@type\":\"ImageObject\",\"inLanguage\":\"ca\",\"@id\":\"https:\\\/\\\/www.sucarn.es\\\/#\\\/schema\\\/logo\\\/image\\\/\",\"url\":\"https:\\\/\\\/www.sucarn.es\\\/wp-content\\\/uploads\\\/2018\\\/03\\\/LOGO_SUCARN.png\",\"contentUrl\":\"https:\\\/\\\/www.sucarn.es\\\/wp-content\\\/uploads\\\/2018\\\/03\\\/LOGO_SUCARN.png\",\"width\":300,\"height\":93,\"caption\":\"Sucarn\"},\"image\":{\"@id\":\"https:\\\/\\\/www.sucarn.es\\\/#\\\/schema\\\/logo\\\/image\\\/\"}}]}<\/script>\n<!-- \/ Yoast SEO plugin. -->","yoast_head_json":{"title":"BRA\u00d3 ROSTIT C\/PELL \u2013\u00a00'5\u00a0Kg. - Bienvenido","robots":{"index":"index","follow":"follow","max-snippet":"max-snippet:-1","max-image-preview":"max-image-preview:large","max-video-preview":"max-video-preview:-1"},"canonical":"https:\/\/www.sucarn.es\/ca\/product\/codillo-asado-c-piel-05-kg\/","og_locale":"ca_ES","og_type":"article","og_title":"BRA\u00d3 ROSTIT C\/PELL \u2013\u00a00'5\u00a0Kg. - Bienvenido","og_description":"DESCRIPCI\u00d3 T\u00c8CNICA Part de les potes situada entre els peus o mans i l'espatlla o el pernil. RA\u00c7A: Duroc, Pietrain \u2026. ORIGEN: Alemanya, etc. TIPUS D'ENVASAT: Peces envasades al buit\u00a01\u00d71. Pe\u00e7a precuinada amb la seva salsa i etiquetatge amb manera de preparaci\u00f3. CADUCITAT: 270\u00a0dies des de producci\u00f3. UNITAT MIN. COMANDA: 1 Caixa \u2013 12 unitats. TEMPERATURA: Conservar sense refrigeraci\u00f3. CARACTER\u00cdSTIQUES Bra\u00f3 de porc, sal iodada, sucre, esp\u00e8cies, oli vegetal. La carn del bra\u00f3 t\u00e9 abundant greix i sabor intens. Presenta un color daurat. S'ha sotm\u00e8s a una llarga cocci\u00f3 i es presenta llest per a escalfar i consumir. UTILITATS En general els braons de porc segueixen llargues coccions en guisats, estofats o rostits al forn. Tamb\u00e9 es venen fumats. En aquest cas, nom\u00e9s hem d'escalfar-lo seguint les indicacions de l'etiqueta al forn o microones.","og_url":"https:\/\/www.sucarn.es\/product\/codillo-asado-c-piel-05-kg\/","og_site_name":"Bienvenido","article_modified_time":"2020-05-28T20:37:22+00:00","og_image":[{"width":772,"height":514,"url":"https:\/\/www.sucarn.es\/wp-content\/uploads\/2018\/08\/image-pig.jpg","type":"image\/jpeg"}],"twitter_card":"summary_large_image","schema":{"@context":"https:\/\/schema.org","@graph":[{"@type":"WebPage","@id":"https:\/\/www.sucarn.es\/product\/codillo-asado-c-piel-05-kg\/","url":"https:\/\/www.sucarn.es\/product\/codillo-asado-c-piel-05-kg\/","name":"BRA\u00d3 ROSTIT C\/PELL \u2013\u00a00'5\u00a0Kg. - Bienvenido","isPartOf":{"@id":"https:\/\/www.sucarn.es\/#website"},"primaryImageOfPage":{"@id":"https:\/\/www.sucarn.es\/product\/codillo-asado-c-piel-05-kg\/#primaryimage"},"image":{"@id":"https:\/\/www.sucarn.es\/product\/codillo-asado-c-piel-05-kg\/#primaryimage"},"thumbnailUrl":"https:\/\/www.sucarn.es\/wp-content\/uploads\/2018\/08\/image-pig.jpg","datePublished":"2018-08-13T10:48:00+00:00","dateModified":"2020-05-28T20:37:22+00:00","breadcrumb":{"@id":"https:\/\/www.sucarn.es\/product\/codillo-asado-c-piel-05-kg\/#breadcrumb"},"inLanguage":"ca","potentialAction":[{"@type":"ReadAction","target":["https:\/\/www.sucarn.es\/product\/codillo-asado-c-piel-05-kg\/"]}]},{"@type":"ImageObject","inLanguage":"ca","@id":"https:\/\/www.sucarn.es\/product\/codillo-asado-c-piel-05-kg\/#primaryimage","url":"https:\/\/www.sucarn.es\/wp-content\/uploads\/2018\/08\/image-pig.jpg","contentUrl":"https:\/\/www.sucarn.es\/wp-content\/uploads\/2018\/08\/image-pig.jpg","width":772,"height":514},{"@type":"BreadcrumbList","@id":"https:\/\/www.sucarn.es\/product\/codillo-asado-c-piel-05-kg\/#breadcrumb","itemListElement":[{"@type":"ListItem","position":1,"name":"Home","item":"https:\/\/www.sucarn.es\/ca\/"},{"@type":"ListItem","position":2,"name":"Shop","item":"https:\/\/www.sucarn.es\/?page_id=2354"},{"@type":"ListItem","position":3,"name":"BRA\u00d3 ROSTIT C\/PELL \u2013\u00a00&#8217;5\u00a0Kg."}]},{"@type":"WebSite","@id":"https:\/\/www.sucarn.es\/#website","url":"https:\/\/www.sucarn.es\/","name":"Sucarn","description":"Sucarn","publisher":{"@id":"https:\/\/www.sucarn.es\/#organization"},"potentialAction":[{"@type":"SearchAction","target":{"@type":"EntryPoint","urlTemplate":"https:\/\/www.sucarn.es\/?s={search_term_string}"},"query-input":{"@type":"PropertyValueSpecification","valueRequired":true,"valueName":"search_term_string"}}],"inLanguage":"ca"},{"@type":"Organization","@id":"https:\/\/www.sucarn.es\/#organization","name":"Sucarn","url":"https:\/\/www.sucarn.es\/","logo":{"@type":"ImageObject","inLanguage":"ca","@id":"https:\/\/www.sucarn.es\/#\/schema\/logo\/image\/","url":"https:\/\/www.sucarn.es\/wp-content\/uploads\/2018\/03\/LOGO_SUCARN.png","contentUrl":"https:\/\/www.sucarn.es\/wp-content\/uploads\/2018\/03\/LOGO_SUCARN.png","width":300,"height":93,"caption":"Sucarn"},"image":{"@id":"https:\/\/www.sucarn.es\/#\/schema\/logo\/image\/"}}]}},"_links":{"self":[{"href":"https:\/\/www.sucarn.es\/ca\/wp-json\/wp\/v2\/product\/2612","targetHints":{"allow":["GET"]}}],"collection":[{"href":"https:\/\/www.sucarn.es\/ca\/wp-json\/wp\/v2\/product"}],"about":[{"href":"https:\/\/www.sucarn.es\/ca\/wp-json\/wp\/v2\/types\/product"}],"wp:featuredmedia":[{"embeddable":true,"href":"https:\/\/www.sucarn.es\/ca\/wp-json\/wp\/v2\/media\/2614"}],"wp:attachment":[{"href":"https:\/\/www.sucarn.es\/ca\/wp-json\/wp\/v2\/media?parent=2612"}],"wp:term":[{"taxonomy":"product_brand","embeddable":true,"href":"https:\/\/www.sucarn.es\/ca\/wp-json\/wp\/v2\/product_brand?post=2612"},{"taxonomy":"product_cat","embeddable":true,"href":"https:\/\/www.sucarn.es\/ca\/wp-json\/wp\/v2\/product_cat?post=2612"},{"taxonomy":"product_tag","embeddable":true,"href":"https:\/\/www.sucarn.es\/ca\/wp-json\/wp\/v2\/product_tag?post=2612"}],"curies":[{"name":"wp","href":"https:\/\/api.w.org\/{rel}","templated":true}]}}