{"id":2617,"date":"2018-08-13T10:39:29","date_gmt":"2018-08-13T10:39:29","guid":{"rendered":"https:\/\/www.sucarn.es\/product\/congelat-garri-3-4-kg-garri-4-5-kg-garri-5-6-kg-2\/"},"modified":"2020-05-28T20:37:45","modified_gmt":"2020-05-28T20:37:45","slug":"congelat-garri-3-4-kg-garri-4-5-kg-garri-5-6-kg","status":"publish","type":"product","link":"https:\/\/www.sucarn.es\/ca\/product\/congelat-garri-3-4-kg-garri-4-5-kg-garri-5-6-kg\/","title":{"rendered":"CONGELAT GARR\u00cd 3-4\u00a0kg, GARR\u00cd 4-5\u00a0kg, GARR\u00cd 5-6\u00a0kg"},"content":{"rendered":"","protected":false},"excerpt":{"rendered":"<h5><u>DESCRIPCI\u00d3 T\u00c8CNICA<\/u><\/h5>\n<p>Canal de garr\u00ed de porc.<br \/>\n<strong>RA\u00c7A<\/strong>: Porc blanc.<br \/>\n<strong>ORIGEN<\/strong>: Nacional.<br \/>\n<strong>TIPUS D&#8217;ENVASAT<\/strong><strong>: <\/strong>Al buit 1\u00d71.<strong><br \/>\nCADUCITAT<\/strong>: 2\u00a0anys des de producci\u00f3.<br \/>\n<strong>UNITAT MIN. COMANDA<\/strong>: 1 Caixa = 4\/5 unitats (3-4\u00a0kg).<br \/>\n1 Caixa = 4 unitats (4-5\u00a0kg).<br \/>\n1 Caixa = 3 unitats (5-6\u00a0kg).<br \/>\n<strong>TEMPERATURA<\/strong>: Conservar a -18\u00baC.<\/p>\n<h5><u>CARACTER\u00cdSTIQUES<\/u><\/h5>\n<p>Canal de color blanc, crem\u00f3s, net i homogeni.<br \/>\nLa carn \u00e9s rosada, nacrada o vermell p\u00e0l\u00b7lid. De textura ferma sense estovaments, per\u00f2 sense arribar a ser dura. Despr\u00e9s de la cocci\u00f3 obtenim una carn tendra i sucosa, de sabor i aroma molt caracter\u00edstics. Pell cruixent.<\/p>\n<h5><u>UTILITATS<\/u><\/h5>\n<p>El porquet se sol rostir sencer, al forn o a foc, sent caracter\u00edstic de les zones de Castella, molt conegut el porquet de Seg\u00f2via.<\/p>\n","protected":false},"featured_media":2618,"template":"","meta":[],"product_brand":[],"product_cat":[180],"product_tag":[],"class_list":{"0":"post-2617","1":"product","2":"type-product","3":"status-publish","4":"has-post-thumbnail","6":"product_cat-porcina-ca","7":"align-left","8":"box-shadow-0","9":"box-shadow-0-hover","10":"ast-product-gallery-layout-horizontal","11":"ast-product-gallery-with-no-image","12":"ast-product-tabs-layout-horizontal","14":"first","15":"instock","16":"taxable","17":"shipping-taxable","18":"product-type-simple"},"yoast_head":"<!-- This site is optimized with the Yoast SEO plugin v27.3 - https:\/\/yoast.com\/product\/yoast-seo-wordpress\/ -->\n<title>CONGELAT GARR\u00cd 3-4\u00a0kg, GARR\u00cd 4-5\u00a0kg, GARR\u00cd 5-6\u00a0kg - Bienvenido<\/title>\n<meta name=\"robots\" content=\"index, follow, max-snippet:-1, max-image-preview:large, max-video-preview:-1\" \/>\n<link rel=\"canonical\" href=\"https:\/\/www.sucarn.es\/ca\/product\/congelado-lechon-3-4-kg-lechon-4-5-kg-lechon-5-6-kg\/\" \/>\n<meta property=\"og:locale\" content=\"ca_ES\" \/>\n<meta property=\"og:type\" content=\"article\" \/>\n<meta property=\"og:title\" content=\"CONGELAT GARR\u00cd 3-4\u00a0kg, GARR\u00cd 4-5\u00a0kg, GARR\u00cd 5-6\u00a0kg - Bienvenido\" \/>\n<meta property=\"og:description\" content=\"DESCRIPCI\u00d3 T\u00c8CNICA Canal de garr\u00ed de porc. RA\u00c7A: Porc blanc. ORIGEN: Nacional. TIPUS D&#039;ENVASAT: Al buit 1\u00d71. CADUCITAT: 2\u00a0anys des de producci\u00f3. UNITAT MIN. COMANDA: 1 Caixa = 4\/5 unitats (3-4\u00a0kg). 1 Caixa = 4 unitats (4-5\u00a0kg). 1 Caixa = 3 unitats (5-6\u00a0kg). TEMPERATURA: Conservar a -18\u00baC. CARACTER\u00cdSTIQUES Canal de color blanc, crem\u00f3s, net i homogeni. La carn \u00e9s rosada, nacrada o vermell p\u00e0l\u00b7lid. De textura ferma sense estovaments, per\u00f2 sense arribar a ser dura. Despr\u00e9s de la cocci\u00f3 obtenim una carn tendra i sucosa, de sabor i aroma molt caracter\u00edstics. Pell cruixent. UTILITATS El porquet se sol rostir sencer, al forn o a foc, sent caracter\u00edstic de les zones de Castella, molt conegut el porquet de Seg\u00f2via.\" \/>\n<meta property=\"og:url\" content=\"https:\/\/www.sucarn.es\/product\/congelado-lechon-3-4-kg-lechon-4-5-kg-lechon-5-6-kg\/\" \/>\n<meta property=\"og:site_name\" content=\"Bienvenido\" \/>\n<meta property=\"article:modified_time\" content=\"2020-05-28T20:37:45+00:00\" \/>\n<meta property=\"og:image\" content=\"https:\/\/www.sucarn.es\/wp-content\/uploads\/2018\/08\/image043.jpg\" \/>\n\t<meta property=\"og:image:width\" content=\"531\" \/>\n\t<meta property=\"og:image:height\" content=\"440\" \/>\n\t<meta property=\"og:image:type\" content=\"image\/jpeg\" \/>\n<meta name=\"twitter:card\" content=\"summary_large_image\" \/>\n<script type=\"application\/ld+json\" class=\"yoast-schema-graph\">{\"@context\":\"https:\\\/\\\/schema.org\",\"@graph\":[{\"@type\":\"WebPage\",\"@id\":\"https:\\\/\\\/www.sucarn.es\\\/product\\\/congelado-lechon-3-4-kg-lechon-4-5-kg-lechon-5-6-kg\\\/\",\"url\":\"https:\\\/\\\/www.sucarn.es\\\/product\\\/congelado-lechon-3-4-kg-lechon-4-5-kg-lechon-5-6-kg\\\/\",\"name\":\"CONGELAT GARR\u00cd 3-4\u00a0kg, GARR\u00cd 4-5\u00a0kg, GARR\u00cd 5-6\u00a0kg - Bienvenido\",\"isPartOf\":{\"@id\":\"https:\\\/\\\/www.sucarn.es\\\/#website\"},\"primaryImageOfPage\":{\"@id\":\"https:\\\/\\\/www.sucarn.es\\\/product\\\/congelado-lechon-3-4-kg-lechon-4-5-kg-lechon-5-6-kg\\\/#primaryimage\"},\"image\":{\"@id\":\"https:\\\/\\\/www.sucarn.es\\\/product\\\/congelado-lechon-3-4-kg-lechon-4-5-kg-lechon-5-6-kg\\\/#primaryimage\"},\"thumbnailUrl\":\"https:\\\/\\\/www.sucarn.es\\\/wp-content\\\/uploads\\\/2018\\\/08\\\/image043.jpg\",\"datePublished\":\"2018-08-13T10:39:29+00:00\",\"dateModified\":\"2020-05-28T20:37:45+00:00\",\"breadcrumb\":{\"@id\":\"https:\\\/\\\/www.sucarn.es\\\/product\\\/congelado-lechon-3-4-kg-lechon-4-5-kg-lechon-5-6-kg\\\/#breadcrumb\"},\"inLanguage\":\"ca\",\"potentialAction\":[{\"@type\":\"ReadAction\",\"target\":[\"https:\\\/\\\/www.sucarn.es\\\/product\\\/congelado-lechon-3-4-kg-lechon-4-5-kg-lechon-5-6-kg\\\/\"]}]},{\"@type\":\"ImageObject\",\"inLanguage\":\"ca\",\"@id\":\"https:\\\/\\\/www.sucarn.es\\\/product\\\/congelado-lechon-3-4-kg-lechon-4-5-kg-lechon-5-6-kg\\\/#primaryimage\",\"url\":\"https:\\\/\\\/www.sucarn.es\\\/wp-content\\\/uploads\\\/2018\\\/08\\\/image043.jpg\",\"contentUrl\":\"https:\\\/\\\/www.sucarn.es\\\/wp-content\\\/uploads\\\/2018\\\/08\\\/image043.jpg\",\"width\":531,\"height\":440},{\"@type\":\"BreadcrumbList\",\"@id\":\"https:\\\/\\\/www.sucarn.es\\\/product\\\/congelado-lechon-3-4-kg-lechon-4-5-kg-lechon-5-6-kg\\\/#breadcrumb\",\"itemListElement\":[{\"@type\":\"ListItem\",\"position\":1,\"name\":\"Home\",\"item\":\"https:\\\/\\\/www.sucarn.es\\\/ca\\\/\"},{\"@type\":\"ListItem\",\"position\":2,\"name\":\"Shop\",\"item\":\"https:\\\/\\\/www.sucarn.es\\\/?page_id=2354\"},{\"@type\":\"ListItem\",\"position\":3,\"name\":\"CONGELAT GARR\u00cd 3-4\u00a0kg, GARR\u00cd 4-5\u00a0kg, GARR\u00cd 5-6\u00a0kg\"}]},{\"@type\":\"WebSite\",\"@id\":\"https:\\\/\\\/www.sucarn.es\\\/#website\",\"url\":\"https:\\\/\\\/www.sucarn.es\\\/\",\"name\":\"Sucarn\",\"description\":\"Sucarn\",\"publisher\":{\"@id\":\"https:\\\/\\\/www.sucarn.es\\\/#organization\"},\"potentialAction\":[{\"@type\":\"SearchAction\",\"target\":{\"@type\":\"EntryPoint\",\"urlTemplate\":\"https:\\\/\\\/www.sucarn.es\\\/?s={search_term_string}\"},\"query-input\":{\"@type\":\"PropertyValueSpecification\",\"valueRequired\":true,\"valueName\":\"search_term_string\"}}],\"inLanguage\":\"ca\"},{\"@type\":\"Organization\",\"@id\":\"https:\\\/\\\/www.sucarn.es\\\/#organization\",\"name\":\"Sucarn\",\"url\":\"https:\\\/\\\/www.sucarn.es\\\/\",\"logo\":{\"@type\":\"ImageObject\",\"inLanguage\":\"ca\",\"@id\":\"https:\\\/\\\/www.sucarn.es\\\/#\\\/schema\\\/logo\\\/image\\\/\",\"url\":\"https:\\\/\\\/www.sucarn.es\\\/wp-content\\\/uploads\\\/2018\\\/03\\\/LOGO_SUCARN.png\",\"contentUrl\":\"https:\\\/\\\/www.sucarn.es\\\/wp-content\\\/uploads\\\/2018\\\/03\\\/LOGO_SUCARN.png\",\"width\":300,\"height\":93,\"caption\":\"Sucarn\"},\"image\":{\"@id\":\"https:\\\/\\\/www.sucarn.es\\\/#\\\/schema\\\/logo\\\/image\\\/\"}}]}<\/script>\n<!-- \/ Yoast SEO plugin. -->","yoast_head_json":{"title":"CONGELAT GARR\u00cd 3-4\u00a0kg, GARR\u00cd 4-5\u00a0kg, GARR\u00cd 5-6\u00a0kg - Bienvenido","robots":{"index":"index","follow":"follow","max-snippet":"max-snippet:-1","max-image-preview":"max-image-preview:large","max-video-preview":"max-video-preview:-1"},"canonical":"https:\/\/www.sucarn.es\/ca\/product\/congelado-lechon-3-4-kg-lechon-4-5-kg-lechon-5-6-kg\/","og_locale":"ca_ES","og_type":"article","og_title":"CONGELAT GARR\u00cd 3-4\u00a0kg, GARR\u00cd 4-5\u00a0kg, GARR\u00cd 5-6\u00a0kg - Bienvenido","og_description":"DESCRIPCI\u00d3 T\u00c8CNICA Canal de garr\u00ed de porc. RA\u00c7A: Porc blanc. ORIGEN: Nacional. TIPUS D'ENVASAT: Al buit 1\u00d71. CADUCITAT: 2\u00a0anys des de producci\u00f3. UNITAT MIN. COMANDA: 1 Caixa = 4\/5 unitats (3-4\u00a0kg). 1 Caixa = 4 unitats (4-5\u00a0kg). 1 Caixa = 3 unitats (5-6\u00a0kg). TEMPERATURA: Conservar a -18\u00baC. CARACTER\u00cdSTIQUES Canal de color blanc, crem\u00f3s, net i homogeni. La carn \u00e9s rosada, nacrada o vermell p\u00e0l\u00b7lid. De textura ferma sense estovaments, per\u00f2 sense arribar a ser dura. Despr\u00e9s de la cocci\u00f3 obtenim una carn tendra i sucosa, de sabor i aroma molt caracter\u00edstics. Pell cruixent. UTILITATS El porquet se sol rostir sencer, al forn o a foc, sent caracter\u00edstic de les zones de Castella, molt conegut el porquet de Seg\u00f2via.","og_url":"https:\/\/www.sucarn.es\/product\/congelado-lechon-3-4-kg-lechon-4-5-kg-lechon-5-6-kg\/","og_site_name":"Bienvenido","article_modified_time":"2020-05-28T20:37:45+00:00","og_image":[{"width":531,"height":440,"url":"https:\/\/www.sucarn.es\/wp-content\/uploads\/2018\/08\/image043.jpg","type":"image\/jpeg"}],"twitter_card":"summary_large_image","schema":{"@context":"https:\/\/schema.org","@graph":[{"@type":"WebPage","@id":"https:\/\/www.sucarn.es\/product\/congelado-lechon-3-4-kg-lechon-4-5-kg-lechon-5-6-kg\/","url":"https:\/\/www.sucarn.es\/product\/congelado-lechon-3-4-kg-lechon-4-5-kg-lechon-5-6-kg\/","name":"CONGELAT GARR\u00cd 3-4\u00a0kg, GARR\u00cd 4-5\u00a0kg, GARR\u00cd 5-6\u00a0kg - Bienvenido","isPartOf":{"@id":"https:\/\/www.sucarn.es\/#website"},"primaryImageOfPage":{"@id":"https:\/\/www.sucarn.es\/product\/congelado-lechon-3-4-kg-lechon-4-5-kg-lechon-5-6-kg\/#primaryimage"},"image":{"@id":"https:\/\/www.sucarn.es\/product\/congelado-lechon-3-4-kg-lechon-4-5-kg-lechon-5-6-kg\/#primaryimage"},"thumbnailUrl":"https:\/\/www.sucarn.es\/wp-content\/uploads\/2018\/08\/image043.jpg","datePublished":"2018-08-13T10:39:29+00:00","dateModified":"2020-05-28T20:37:45+00:00","breadcrumb":{"@id":"https:\/\/www.sucarn.es\/product\/congelado-lechon-3-4-kg-lechon-4-5-kg-lechon-5-6-kg\/#breadcrumb"},"inLanguage":"ca","potentialAction":[{"@type":"ReadAction","target":["https:\/\/www.sucarn.es\/product\/congelado-lechon-3-4-kg-lechon-4-5-kg-lechon-5-6-kg\/"]}]},{"@type":"ImageObject","inLanguage":"ca","@id":"https:\/\/www.sucarn.es\/product\/congelado-lechon-3-4-kg-lechon-4-5-kg-lechon-5-6-kg\/#primaryimage","url":"https:\/\/www.sucarn.es\/wp-content\/uploads\/2018\/08\/image043.jpg","contentUrl":"https:\/\/www.sucarn.es\/wp-content\/uploads\/2018\/08\/image043.jpg","width":531,"height":440},{"@type":"BreadcrumbList","@id":"https:\/\/www.sucarn.es\/product\/congelado-lechon-3-4-kg-lechon-4-5-kg-lechon-5-6-kg\/#breadcrumb","itemListElement":[{"@type":"ListItem","position":1,"name":"Home","item":"https:\/\/www.sucarn.es\/ca\/"},{"@type":"ListItem","position":2,"name":"Shop","item":"https:\/\/www.sucarn.es\/?page_id=2354"},{"@type":"ListItem","position":3,"name":"CONGELAT GARR\u00cd 3-4\u00a0kg, GARR\u00cd 4-5\u00a0kg, GARR\u00cd 5-6\u00a0kg"}]},{"@type":"WebSite","@id":"https:\/\/www.sucarn.es\/#website","url":"https:\/\/www.sucarn.es\/","name":"Sucarn","description":"Sucarn","publisher":{"@id":"https:\/\/www.sucarn.es\/#organization"},"potentialAction":[{"@type":"SearchAction","target":{"@type":"EntryPoint","urlTemplate":"https:\/\/www.sucarn.es\/?s={search_term_string}"},"query-input":{"@type":"PropertyValueSpecification","valueRequired":true,"valueName":"search_term_string"}}],"inLanguage":"ca"},{"@type":"Organization","@id":"https:\/\/www.sucarn.es\/#organization","name":"Sucarn","url":"https:\/\/www.sucarn.es\/","logo":{"@type":"ImageObject","inLanguage":"ca","@id":"https:\/\/www.sucarn.es\/#\/schema\/logo\/image\/","url":"https:\/\/www.sucarn.es\/wp-content\/uploads\/2018\/03\/LOGO_SUCARN.png","contentUrl":"https:\/\/www.sucarn.es\/wp-content\/uploads\/2018\/03\/LOGO_SUCARN.png","width":300,"height":93,"caption":"Sucarn"},"image":{"@id":"https:\/\/www.sucarn.es\/#\/schema\/logo\/image\/"}}]}},"_links":{"self":[{"href":"https:\/\/www.sucarn.es\/ca\/wp-json\/wp\/v2\/product\/2617","targetHints":{"allow":["GET"]}}],"collection":[{"href":"https:\/\/www.sucarn.es\/ca\/wp-json\/wp\/v2\/product"}],"about":[{"href":"https:\/\/www.sucarn.es\/ca\/wp-json\/wp\/v2\/types\/product"}],"wp:featuredmedia":[{"embeddable":true,"href":"https:\/\/www.sucarn.es\/ca\/wp-json\/wp\/v2\/media\/2618"}],"wp:attachment":[{"href":"https:\/\/www.sucarn.es\/ca\/wp-json\/wp\/v2\/media?parent=2617"}],"wp:term":[{"taxonomy":"product_brand","embeddable":true,"href":"https:\/\/www.sucarn.es\/ca\/wp-json\/wp\/v2\/product_brand?post=2617"},{"taxonomy":"product_cat","embeddable":true,"href":"https:\/\/www.sucarn.es\/ca\/wp-json\/wp\/v2\/product_cat?post=2617"},{"taxonomy":"product_tag","embeddable":true,"href":"https:\/\/www.sucarn.es\/ca\/wp-json\/wp\/v2\/product_tag?post=2617"}],"curies":[{"name":"wp","href":"https:\/\/api.w.org\/{rel}","templated":true}]}}