{"id":2629,"date":"2018-08-13T10:02:52","date_gmt":"2018-08-13T10:02:52","guid":{"rendered":"https:\/\/www.sucarn.es\/product\/llom-amb-os-al-buit-2\/"},"modified":"2020-05-28T20:38:53","modified_gmt":"2020-05-28T20:38:53","slug":"llom-amb-os-al-buit","status":"publish","type":"product","link":"https:\/\/www.sucarn.es\/ca\/product\/llom-amb-os-al-buit\/","title":{"rendered":"LLOM AMB OS \u2013 AL BUIT"},"content":{"rendered":"","protected":false},"excerpt":{"rendered":"<h5><u>DESCRIPCI\u00d3 T\u00c8CNICA<\/u><\/h5>\n<p>\u00c9s el cap de costella de l&#8217;animal, des de la v\u00e8rtebra\u00a0D5\u00a0a la\u00a0D13. Se separa de la mitjana canal mitjan\u00e7ant dos talls paral\u00b7lels i es deixa el greix de cobertura per a protegir-ho de la deshidrataci\u00f3 i oxidaci\u00f3.<br \/>\n<strong>RA\u00c7A<\/strong>: Frisona.<br \/>\n<strong>ORIGEN<\/strong>: Holanda, B\u00e8lgica, etc.<br \/>\n<strong>TIPUS D&#8217;ENVASAT<\/strong>: Al buit 1\u00d71.<br \/>\n<strong>CADUCITAT<\/strong>: 30\u00a0dies des de producci\u00f3.<br \/>\n<strong>UNITAT MIN. COMANDA<\/strong>: 1 Caixa, 20 kg, aproximadament (1\u00a0\u00f2\u00a02 peces).<br \/>\n<strong>TEMPERATURA<\/strong>: Conservar fresc: entre 0 \u00b0C i 3 \u00b0C. Congelat: a -18 \u00b0C.<\/p>\n<h5><u>CARACTER\u00cdSTIQUES<\/u><\/h5>\n<p>Pe\u00e7a recoberta per teixit conjuntiu i greix. Es tracta d&#8217;una carn tendra i sucosa. D&#8217;ella obtenim diferents talls segons si desossem o no. Podem obtenir un llom alt i llom baix o mitjana, \u201ctxuletons\u201d, filet, &#8220;t-bone&#8221;. \u00c9s una carn molt blanca i amb sabor suau. Categoria Extra.<\/p>\n<h5><u>UTILITATS<\/u><\/h5>\n<p>Resulta una carn excel\u00b7lent per fer a la graella o a la planxa, encara que, en tractar-se del llom sencer, podem usar qualsevol de les seves parts.<\/p>\n","protected":false},"featured_media":2630,"template":"","meta":[],"product_brand":[],"product_cat":[179],"product_tag":[],"class_list":{"0":"post-2629","1":"product","2":"type-product","3":"status-publish","4":"has-post-thumbnail","6":"product_cat-bovina-vedella-blanca","7":"align-left","8":"box-shadow-0","9":"box-shadow-0-hover","10":"ast-product-gallery-layout-horizontal","11":"ast-product-gallery-with-no-image","12":"ast-product-tabs-layout-horizontal","14":"first","15":"instock","16":"taxable","17":"shipping-taxable","18":"product-type-simple"},"yoast_head":"<!-- This site is optimized with the Yoast SEO plugin v27.3 - https:\/\/yoast.com\/product\/yoast-seo-wordpress\/ -->\n<title>LLOM AMB OS \u2013 AL BUIT - Bienvenido<\/title>\n<meta name=\"robots\" content=\"index, follow, max-snippet:-1, max-image-preview:large, max-video-preview:-1\" \/>\n<link rel=\"canonical\" href=\"https:\/\/www.sucarn.es\/ca\/product\/lomo-con-hueso-vacio\/\" \/>\n<meta property=\"og:locale\" content=\"ca_ES\" \/>\n<meta property=\"og:type\" content=\"article\" \/>\n<meta property=\"og:title\" content=\"LLOM AMB OS \u2013 AL BUIT - Bienvenido\" \/>\n<meta property=\"og:description\" content=\"DESCRIPCI\u00d3 T\u00c8CNICA \u00c9s el cap de costella de l&#039;animal, des de la v\u00e8rtebra\u00a0D5\u00a0a la\u00a0D13. Se separa de la mitjana canal mitjan\u00e7ant dos talls paral\u00b7lels i es deixa el greix de cobertura per a protegir-ho de la deshidrataci\u00f3 i oxidaci\u00f3. RA\u00c7A: Frisona. ORIGEN: Holanda, B\u00e8lgica, etc. TIPUS D&#039;ENVASAT: Al buit 1\u00d71. CADUCITAT: 30\u00a0dies des de producci\u00f3. UNITAT MIN. COMANDA: 1 Caixa, 20 kg, aproximadament (1\u00a0\u00f2\u00a02 peces). TEMPERATURA: Conservar fresc: entre 0 \u00b0C i 3 \u00b0C. Congelat: a -18 \u00b0C. CARACTER\u00cdSTIQUES Pe\u00e7a recoberta per teixit conjuntiu i greix. Es tracta d&#039;una carn tendra i sucosa. D&#039;ella obtenim diferents talls segons si desossem o no. Podem obtenir un llom alt i llom baix o mitjana, \u201ctxuletons\u201d, filet, &quot;t-bone&quot;. \u00c9s una carn molt blanca i amb sabor suau. Categoria Extra. UTILITATS Resulta una carn excel\u00b7lent per fer a la graella o a la planxa, encara que, en tractar-se del llom sencer, podem usar qualsevol de les seves parts.\" \/>\n<meta property=\"og:url\" content=\"https:\/\/www.sucarn.es\/product\/lomo-con-hueso-vacio\/\" \/>\n<meta property=\"og:site_name\" content=\"Bienvenido\" \/>\n<meta property=\"article:modified_time\" content=\"2020-05-28T20:38:53+00:00\" \/>\n<meta property=\"og:image\" content=\"https:\/\/www.sucarn.es\/wp-content\/uploads\/2018\/08\/image037.png\" \/>\n\t<meta property=\"og:image:width\" content=\"680\" \/>\n\t<meta property=\"og:image:height\" content=\"454\" \/>\n\t<meta property=\"og:image:type\" content=\"image\/png\" \/>\n<meta name=\"twitter:card\" content=\"summary_large_image\" \/>\n<script type=\"application\/ld+json\" class=\"yoast-schema-graph\">{\"@context\":\"https:\\\/\\\/schema.org\",\"@graph\":[{\"@type\":\"WebPage\",\"@id\":\"https:\\\/\\\/www.sucarn.es\\\/product\\\/lomo-con-hueso-vacio\\\/\",\"url\":\"https:\\\/\\\/www.sucarn.es\\\/product\\\/lomo-con-hueso-vacio\\\/\",\"name\":\"LLOM AMB OS \u2013 AL BUIT - Bienvenido\",\"isPartOf\":{\"@id\":\"https:\\\/\\\/www.sucarn.es\\\/#website\"},\"primaryImageOfPage\":{\"@id\":\"https:\\\/\\\/www.sucarn.es\\\/product\\\/lomo-con-hueso-vacio\\\/#primaryimage\"},\"image\":{\"@id\":\"https:\\\/\\\/www.sucarn.es\\\/product\\\/lomo-con-hueso-vacio\\\/#primaryimage\"},\"thumbnailUrl\":\"https:\\\/\\\/www.sucarn.es\\\/wp-content\\\/uploads\\\/2018\\\/08\\\/image037.png\",\"datePublished\":\"2018-08-13T10:02:52+00:00\",\"dateModified\":\"2020-05-28T20:38:53+00:00\",\"breadcrumb\":{\"@id\":\"https:\\\/\\\/www.sucarn.es\\\/product\\\/lomo-con-hueso-vacio\\\/#breadcrumb\"},\"inLanguage\":\"ca\",\"potentialAction\":[{\"@type\":\"ReadAction\",\"target\":[\"https:\\\/\\\/www.sucarn.es\\\/product\\\/lomo-con-hueso-vacio\\\/\"]}]},{\"@type\":\"ImageObject\",\"inLanguage\":\"ca\",\"@id\":\"https:\\\/\\\/www.sucarn.es\\\/product\\\/lomo-con-hueso-vacio\\\/#primaryimage\",\"url\":\"https:\\\/\\\/www.sucarn.es\\\/wp-content\\\/uploads\\\/2018\\\/08\\\/image037.png\",\"contentUrl\":\"https:\\\/\\\/www.sucarn.es\\\/wp-content\\\/uploads\\\/2018\\\/08\\\/image037.png\",\"width\":680,\"height\":454},{\"@type\":\"BreadcrumbList\",\"@id\":\"https:\\\/\\\/www.sucarn.es\\\/product\\\/lomo-con-hueso-vacio\\\/#breadcrumb\",\"itemListElement\":[{\"@type\":\"ListItem\",\"position\":1,\"name\":\"Home\",\"item\":\"https:\\\/\\\/www.sucarn.es\\\/ca\\\/\"},{\"@type\":\"ListItem\",\"position\":2,\"name\":\"Shop\",\"item\":\"https:\\\/\\\/www.sucarn.es\\\/?page_id=2354\"},{\"@type\":\"ListItem\",\"position\":3,\"name\":\"LLOM AMB OS \u2013 AL BUIT\"}]},{\"@type\":\"WebSite\",\"@id\":\"https:\\\/\\\/www.sucarn.es\\\/#website\",\"url\":\"https:\\\/\\\/www.sucarn.es\\\/\",\"name\":\"Sucarn\",\"description\":\"Sucarn\",\"publisher\":{\"@id\":\"https:\\\/\\\/www.sucarn.es\\\/#organization\"},\"potentialAction\":[{\"@type\":\"SearchAction\",\"target\":{\"@type\":\"EntryPoint\",\"urlTemplate\":\"https:\\\/\\\/www.sucarn.es\\\/?s={search_term_string}\"},\"query-input\":{\"@type\":\"PropertyValueSpecification\",\"valueRequired\":true,\"valueName\":\"search_term_string\"}}],\"inLanguage\":\"ca\"},{\"@type\":\"Organization\",\"@id\":\"https:\\\/\\\/www.sucarn.es\\\/#organization\",\"name\":\"Sucarn\",\"url\":\"https:\\\/\\\/www.sucarn.es\\\/\",\"logo\":{\"@type\":\"ImageObject\",\"inLanguage\":\"ca\",\"@id\":\"https:\\\/\\\/www.sucarn.es\\\/#\\\/schema\\\/logo\\\/image\\\/\",\"url\":\"https:\\\/\\\/www.sucarn.es\\\/wp-content\\\/uploads\\\/2018\\\/03\\\/LOGO_SUCARN.png\",\"contentUrl\":\"https:\\\/\\\/www.sucarn.es\\\/wp-content\\\/uploads\\\/2018\\\/03\\\/LOGO_SUCARN.png\",\"width\":300,\"height\":93,\"caption\":\"Sucarn\"},\"image\":{\"@id\":\"https:\\\/\\\/www.sucarn.es\\\/#\\\/schema\\\/logo\\\/image\\\/\"}}]}<\/script>\n<!-- \/ Yoast SEO plugin. -->","yoast_head_json":{"title":"LLOM AMB OS \u2013 AL BUIT - Bienvenido","robots":{"index":"index","follow":"follow","max-snippet":"max-snippet:-1","max-image-preview":"max-image-preview:large","max-video-preview":"max-video-preview:-1"},"canonical":"https:\/\/www.sucarn.es\/ca\/product\/lomo-con-hueso-vacio\/","og_locale":"ca_ES","og_type":"article","og_title":"LLOM AMB OS \u2013 AL BUIT - Bienvenido","og_description":"DESCRIPCI\u00d3 T\u00c8CNICA \u00c9s el cap de costella de l'animal, des de la v\u00e8rtebra\u00a0D5\u00a0a la\u00a0D13. Se separa de la mitjana canal mitjan\u00e7ant dos talls paral\u00b7lels i es deixa el greix de cobertura per a protegir-ho de la deshidrataci\u00f3 i oxidaci\u00f3. RA\u00c7A: Frisona. ORIGEN: Holanda, B\u00e8lgica, etc. TIPUS D'ENVASAT: Al buit 1\u00d71. CADUCITAT: 30\u00a0dies des de producci\u00f3. UNITAT MIN. COMANDA: 1 Caixa, 20 kg, aproximadament (1\u00a0\u00f2\u00a02 peces). TEMPERATURA: Conservar fresc: entre 0 \u00b0C i 3 \u00b0C. Congelat: a -18 \u00b0C. CARACTER\u00cdSTIQUES Pe\u00e7a recoberta per teixit conjuntiu i greix. Es tracta d'una carn tendra i sucosa. D'ella obtenim diferents talls segons si desossem o no. Podem obtenir un llom alt i llom baix o mitjana, \u201ctxuletons\u201d, filet, \"t-bone\". \u00c9s una carn molt blanca i amb sabor suau. Categoria Extra. UTILITATS Resulta una carn excel\u00b7lent per fer a la graella o a la planxa, encara que, en tractar-se del llom sencer, podem usar qualsevol de les seves parts.","og_url":"https:\/\/www.sucarn.es\/product\/lomo-con-hueso-vacio\/","og_site_name":"Bienvenido","article_modified_time":"2020-05-28T20:38:53+00:00","og_image":[{"width":680,"height":454,"url":"https:\/\/www.sucarn.es\/wp-content\/uploads\/2018\/08\/image037.png","type":"image\/png"}],"twitter_card":"summary_large_image","schema":{"@context":"https:\/\/schema.org","@graph":[{"@type":"WebPage","@id":"https:\/\/www.sucarn.es\/product\/lomo-con-hueso-vacio\/","url":"https:\/\/www.sucarn.es\/product\/lomo-con-hueso-vacio\/","name":"LLOM AMB OS \u2013 AL BUIT - Bienvenido","isPartOf":{"@id":"https:\/\/www.sucarn.es\/#website"},"primaryImageOfPage":{"@id":"https:\/\/www.sucarn.es\/product\/lomo-con-hueso-vacio\/#primaryimage"},"image":{"@id":"https:\/\/www.sucarn.es\/product\/lomo-con-hueso-vacio\/#primaryimage"},"thumbnailUrl":"https:\/\/www.sucarn.es\/wp-content\/uploads\/2018\/08\/image037.png","datePublished":"2018-08-13T10:02:52+00:00","dateModified":"2020-05-28T20:38:53+00:00","breadcrumb":{"@id":"https:\/\/www.sucarn.es\/product\/lomo-con-hueso-vacio\/#breadcrumb"},"inLanguage":"ca","potentialAction":[{"@type":"ReadAction","target":["https:\/\/www.sucarn.es\/product\/lomo-con-hueso-vacio\/"]}]},{"@type":"ImageObject","inLanguage":"ca","@id":"https:\/\/www.sucarn.es\/product\/lomo-con-hueso-vacio\/#primaryimage","url":"https:\/\/www.sucarn.es\/wp-content\/uploads\/2018\/08\/image037.png","contentUrl":"https:\/\/www.sucarn.es\/wp-content\/uploads\/2018\/08\/image037.png","width":680,"height":454},{"@type":"BreadcrumbList","@id":"https:\/\/www.sucarn.es\/product\/lomo-con-hueso-vacio\/#breadcrumb","itemListElement":[{"@type":"ListItem","position":1,"name":"Home","item":"https:\/\/www.sucarn.es\/ca\/"},{"@type":"ListItem","position":2,"name":"Shop","item":"https:\/\/www.sucarn.es\/?page_id=2354"},{"@type":"ListItem","position":3,"name":"LLOM AMB OS \u2013 AL BUIT"}]},{"@type":"WebSite","@id":"https:\/\/www.sucarn.es\/#website","url":"https:\/\/www.sucarn.es\/","name":"Sucarn","description":"Sucarn","publisher":{"@id":"https:\/\/www.sucarn.es\/#organization"},"potentialAction":[{"@type":"SearchAction","target":{"@type":"EntryPoint","urlTemplate":"https:\/\/www.sucarn.es\/?s={search_term_string}"},"query-input":{"@type":"PropertyValueSpecification","valueRequired":true,"valueName":"search_term_string"}}],"inLanguage":"ca"},{"@type":"Organization","@id":"https:\/\/www.sucarn.es\/#organization","name":"Sucarn","url":"https:\/\/www.sucarn.es\/","logo":{"@type":"ImageObject","inLanguage":"ca","@id":"https:\/\/www.sucarn.es\/#\/schema\/logo\/image\/","url":"https:\/\/www.sucarn.es\/wp-content\/uploads\/2018\/03\/LOGO_SUCARN.png","contentUrl":"https:\/\/www.sucarn.es\/wp-content\/uploads\/2018\/03\/LOGO_SUCARN.png","width":300,"height":93,"caption":"Sucarn"},"image":{"@id":"https:\/\/www.sucarn.es\/#\/schema\/logo\/image\/"}}]}},"_links":{"self":[{"href":"https:\/\/www.sucarn.es\/ca\/wp-json\/wp\/v2\/product\/2629","targetHints":{"allow":["GET"]}}],"collection":[{"href":"https:\/\/www.sucarn.es\/ca\/wp-json\/wp\/v2\/product"}],"about":[{"href":"https:\/\/www.sucarn.es\/ca\/wp-json\/wp\/v2\/types\/product"}],"wp:featuredmedia":[{"embeddable":true,"href":"https:\/\/www.sucarn.es\/ca\/wp-json\/wp\/v2\/media\/2630"}],"wp:attachment":[{"href":"https:\/\/www.sucarn.es\/ca\/wp-json\/wp\/v2\/media?parent=2629"}],"wp:term":[{"taxonomy":"product_brand","embeddable":true,"href":"https:\/\/www.sucarn.es\/ca\/wp-json\/wp\/v2\/product_brand?post=2629"},{"taxonomy":"product_cat","embeddable":true,"href":"https:\/\/www.sucarn.es\/ca\/wp-json\/wp\/v2\/product_cat?post=2629"},{"taxonomy":"product_tag","embeddable":true,"href":"https:\/\/www.sucarn.es\/ca\/wp-json\/wp\/v2\/product_tag?post=2629"}],"curies":[{"name":"wp","href":"https:\/\/api.w.org\/{rel}","templated":true}]}}