{"id":2636,"date":"2018-08-13T09:39:54","date_gmt":"2018-08-13T09:39:54","guid":{"rendered":"https:\/\/www.sucarn.es\/product\/cues-3\/"},"modified":"2020-05-28T20:39:29","modified_gmt":"2020-05-28T20:39:29","slug":"cues-2","status":"publish","type":"product","link":"https:\/\/www.sucarn.es\/ca\/product\/cues-2\/","title":{"rendered":"CUES"},"content":{"rendered":"","protected":false},"excerpt":{"rendered":"<h5><u>DESCRIPCI\u00d3 T\u00c8CNICA<\/u><\/h5>\n<p>\u00c9s la cua de l&#8217;animal, composta per les v\u00e8rtebres\u00a0caudals.<br \/>\n<strong>RA\u00c7A<\/strong>: Frisona, Simental, Shorthorne, BBB, Charolais.<br \/>\n<strong>ORIGEN<\/strong>: Fran\u00e7a, Alemanya, Holanda, Irlanda, etc.<br \/>\n<strong>TIPUS D&#8217;ENVASAT<\/strong>: Peces al buit 1\u00d71 o 2\u00d71.<br \/>\n<strong>CADUCITAT<\/strong>: 25 \u2013\u00a030\u00a0dies des de producci\u00f3.<br \/>\n<strong>UNITAT\u00a0 MIN. COMANDA<\/strong>: 1 Caixa \u2013 15 a 20 kg, aproximadament.<br \/>\n<strong>TEMPERATURA<\/strong>: Conservar fresc: entre 0 \u00b0C i 3 \u00b0C. Congelat a -18 \u00b0C.<\/p>\n<h5><u>CARACTER\u00cdSTIQUES<\/u><\/h5>\n<p>La cua de bov\u00ed \u00e9s en sobretot os, acompanyat d&#8217;una carn gelatinosa i d&#8217;un gust una miqueta especial.<br \/>\nLa carn \u00e9s molt grassa per\u00f2 per aix\u00f2, tamb\u00e9 molt saborosa.<br \/>\nEs considera de Categoria 3a.<\/p>\n<h5><u>UTILITATS<\/u><\/h5>\n<p>Normalment es destina a estofats o per a fer brou. Requereix d&#8217;una cocci\u00f3 prolongada.<\/p>\n","protected":false},"featured_media":2637,"template":"","meta":[],"product_brand":[],"product_cat":[176],"product_tag":[],"class_list":{"0":"post-2636","1":"product","2":"type-product","3":"status-publish","4":"has-post-thumbnail","6":"product_cat-bovina-anoll","7":"align-left","8":"box-shadow-0","9":"box-shadow-0-hover","10":"ast-product-gallery-layout-horizontal","11":"ast-product-gallery-with-no-image","12":"ast-product-tabs-layout-horizontal","14":"first","15":"instock","16":"taxable","17":"shipping-taxable","18":"product-type-simple"},"yoast_head":"<!-- This site is optimized with the Yoast SEO plugin v27.3 - https:\/\/yoast.com\/product\/yoast-seo-wordpress\/ -->\n<title>CUES - Bienvenido<\/title>\n<meta name=\"robots\" content=\"index, follow, max-snippet:-1, max-image-preview:large, max-video-preview:-1\" \/>\n<link rel=\"canonical\" href=\"https:\/\/www.sucarn.es\/ca\/product\/rabos-2\/\" \/>\n<meta property=\"og:locale\" content=\"ca_ES\" \/>\n<meta property=\"og:type\" content=\"article\" \/>\n<meta property=\"og:title\" content=\"CUES - Bienvenido\" \/>\n<meta property=\"og:description\" content=\"DESCRIPCI\u00d3 T\u00c8CNICA \u00c9s la cua de l&#039;animal, composta per les v\u00e8rtebres\u00a0caudals. RA\u00c7A: Frisona, Simental, Shorthorne, BBB, Charolais. ORIGEN: Fran\u00e7a, Alemanya, Holanda, Irlanda, etc. TIPUS D&#039;ENVASAT: Peces al buit 1\u00d71 o 2\u00d71. CADUCITAT: 25 \u2013\u00a030\u00a0dies des de producci\u00f3. UNITAT\u00a0 MIN. COMANDA: 1 Caixa \u2013 15 a 20 kg, aproximadament. TEMPERATURA: Conservar fresc: entre 0 \u00b0C i 3 \u00b0C. Congelat a -18 \u00b0C. CARACTER\u00cdSTIQUES La cua de bov\u00ed \u00e9s en sobretot os, acompanyat d&#039;una carn gelatinosa i d&#039;un gust una miqueta especial. La carn \u00e9s molt grassa per\u00f2 per aix\u00f2, tamb\u00e9 molt saborosa. Es considera de Categoria 3a. UTILITATS Normalment es destina a estofats o per a fer brou. Requereix d&#039;una cocci\u00f3 prolongada.\" \/>\n<meta property=\"og:url\" content=\"https:\/\/www.sucarn.es\/product\/rabos-2\/\" \/>\n<meta property=\"og:site_name\" content=\"Bienvenido\" \/>\n<meta property=\"article:modified_time\" content=\"2020-05-28T20:39:29+00:00\" \/>\n<meta property=\"og:image\" content=\"https:\/\/www.sucarn.es\/wp-content\/uploads\/2018\/08\/image032.jpg\" \/>\n\t<meta property=\"og:image:width\" content=\"661\" \/>\n\t<meta property=\"og:image:height\" content=\"521\" \/>\n\t<meta property=\"og:image:type\" content=\"image\/jpeg\" \/>\n<meta name=\"twitter:card\" content=\"summary_large_image\" \/>\n<script type=\"application\/ld+json\" class=\"yoast-schema-graph\">{\"@context\":\"https:\\\/\\\/schema.org\",\"@graph\":[{\"@type\":\"WebPage\",\"@id\":\"https:\\\/\\\/www.sucarn.es\\\/product\\\/rabos-2\\\/\",\"url\":\"https:\\\/\\\/www.sucarn.es\\\/product\\\/rabos-2\\\/\",\"name\":\"CUES - Bienvenido\",\"isPartOf\":{\"@id\":\"https:\\\/\\\/www.sucarn.es\\\/#website\"},\"primaryImageOfPage\":{\"@id\":\"https:\\\/\\\/www.sucarn.es\\\/product\\\/rabos-2\\\/#primaryimage\"},\"image\":{\"@id\":\"https:\\\/\\\/www.sucarn.es\\\/product\\\/rabos-2\\\/#primaryimage\"},\"thumbnailUrl\":\"https:\\\/\\\/www.sucarn.es\\\/wp-content\\\/uploads\\\/2018\\\/08\\\/image032.jpg\",\"datePublished\":\"2018-08-13T09:39:54+00:00\",\"dateModified\":\"2020-05-28T20:39:29+00:00\",\"breadcrumb\":{\"@id\":\"https:\\\/\\\/www.sucarn.es\\\/product\\\/rabos-2\\\/#breadcrumb\"},\"inLanguage\":\"ca\",\"potentialAction\":[{\"@type\":\"ReadAction\",\"target\":[\"https:\\\/\\\/www.sucarn.es\\\/product\\\/rabos-2\\\/\"]}]},{\"@type\":\"ImageObject\",\"inLanguage\":\"ca\",\"@id\":\"https:\\\/\\\/www.sucarn.es\\\/product\\\/rabos-2\\\/#primaryimage\",\"url\":\"https:\\\/\\\/www.sucarn.es\\\/wp-content\\\/uploads\\\/2018\\\/08\\\/image032.jpg\",\"contentUrl\":\"https:\\\/\\\/www.sucarn.es\\\/wp-content\\\/uploads\\\/2018\\\/08\\\/image032.jpg\",\"width\":661,\"height\":521},{\"@type\":\"BreadcrumbList\",\"@id\":\"https:\\\/\\\/www.sucarn.es\\\/product\\\/rabos-2\\\/#breadcrumb\",\"itemListElement\":[{\"@type\":\"ListItem\",\"position\":1,\"name\":\"Home\",\"item\":\"https:\\\/\\\/www.sucarn.es\\\/ca\\\/\"},{\"@type\":\"ListItem\",\"position\":2,\"name\":\"Shop\",\"item\":\"https:\\\/\\\/www.sucarn.es\\\/?page_id=2354\"},{\"@type\":\"ListItem\",\"position\":3,\"name\":\"CUES\"}]},{\"@type\":\"WebSite\",\"@id\":\"https:\\\/\\\/www.sucarn.es\\\/#website\",\"url\":\"https:\\\/\\\/www.sucarn.es\\\/\",\"name\":\"Sucarn\",\"description\":\"Sucarn\",\"publisher\":{\"@id\":\"https:\\\/\\\/www.sucarn.es\\\/#organization\"},\"potentialAction\":[{\"@type\":\"SearchAction\",\"target\":{\"@type\":\"EntryPoint\",\"urlTemplate\":\"https:\\\/\\\/www.sucarn.es\\\/?s={search_term_string}\"},\"query-input\":{\"@type\":\"PropertyValueSpecification\",\"valueRequired\":true,\"valueName\":\"search_term_string\"}}],\"inLanguage\":\"ca\"},{\"@type\":\"Organization\",\"@id\":\"https:\\\/\\\/www.sucarn.es\\\/#organization\",\"name\":\"Sucarn\",\"url\":\"https:\\\/\\\/www.sucarn.es\\\/\",\"logo\":{\"@type\":\"ImageObject\",\"inLanguage\":\"ca\",\"@id\":\"https:\\\/\\\/www.sucarn.es\\\/#\\\/schema\\\/logo\\\/image\\\/\",\"url\":\"https:\\\/\\\/www.sucarn.es\\\/wp-content\\\/uploads\\\/2018\\\/03\\\/LOGO_SUCARN.png\",\"contentUrl\":\"https:\\\/\\\/www.sucarn.es\\\/wp-content\\\/uploads\\\/2018\\\/03\\\/LOGO_SUCARN.png\",\"width\":300,\"height\":93,\"caption\":\"Sucarn\"},\"image\":{\"@id\":\"https:\\\/\\\/www.sucarn.es\\\/#\\\/schema\\\/logo\\\/image\\\/\"}}]}<\/script>\n<!-- \/ Yoast SEO plugin. -->","yoast_head_json":{"title":"CUES - Bienvenido","robots":{"index":"index","follow":"follow","max-snippet":"max-snippet:-1","max-image-preview":"max-image-preview:large","max-video-preview":"max-video-preview:-1"},"canonical":"https:\/\/www.sucarn.es\/ca\/product\/rabos-2\/","og_locale":"ca_ES","og_type":"article","og_title":"CUES - Bienvenido","og_description":"DESCRIPCI\u00d3 T\u00c8CNICA \u00c9s la cua de l'animal, composta per les v\u00e8rtebres\u00a0caudals. RA\u00c7A: Frisona, Simental, Shorthorne, BBB, Charolais. ORIGEN: Fran\u00e7a, Alemanya, Holanda, Irlanda, etc. TIPUS D'ENVASAT: Peces al buit 1\u00d71 o 2\u00d71. CADUCITAT: 25 \u2013\u00a030\u00a0dies des de producci\u00f3. UNITAT\u00a0 MIN. COMANDA: 1 Caixa \u2013 15 a 20 kg, aproximadament. TEMPERATURA: Conservar fresc: entre 0 \u00b0C i 3 \u00b0C. Congelat a -18 \u00b0C. CARACTER\u00cdSTIQUES La cua de bov\u00ed \u00e9s en sobretot os, acompanyat d'una carn gelatinosa i d'un gust una miqueta especial. La carn \u00e9s molt grassa per\u00f2 per aix\u00f2, tamb\u00e9 molt saborosa. Es considera de Categoria 3a. UTILITATS Normalment es destina a estofats o per a fer brou. Requereix d'una cocci\u00f3 prolongada.","og_url":"https:\/\/www.sucarn.es\/product\/rabos-2\/","og_site_name":"Bienvenido","article_modified_time":"2020-05-28T20:39:29+00:00","og_image":[{"width":661,"height":521,"url":"https:\/\/www.sucarn.es\/wp-content\/uploads\/2018\/08\/image032.jpg","type":"image\/jpeg"}],"twitter_card":"summary_large_image","schema":{"@context":"https:\/\/schema.org","@graph":[{"@type":"WebPage","@id":"https:\/\/www.sucarn.es\/product\/rabos-2\/","url":"https:\/\/www.sucarn.es\/product\/rabos-2\/","name":"CUES - Bienvenido","isPartOf":{"@id":"https:\/\/www.sucarn.es\/#website"},"primaryImageOfPage":{"@id":"https:\/\/www.sucarn.es\/product\/rabos-2\/#primaryimage"},"image":{"@id":"https:\/\/www.sucarn.es\/product\/rabos-2\/#primaryimage"},"thumbnailUrl":"https:\/\/www.sucarn.es\/wp-content\/uploads\/2018\/08\/image032.jpg","datePublished":"2018-08-13T09:39:54+00:00","dateModified":"2020-05-28T20:39:29+00:00","breadcrumb":{"@id":"https:\/\/www.sucarn.es\/product\/rabos-2\/#breadcrumb"},"inLanguage":"ca","potentialAction":[{"@type":"ReadAction","target":["https:\/\/www.sucarn.es\/product\/rabos-2\/"]}]},{"@type":"ImageObject","inLanguage":"ca","@id":"https:\/\/www.sucarn.es\/product\/rabos-2\/#primaryimage","url":"https:\/\/www.sucarn.es\/wp-content\/uploads\/2018\/08\/image032.jpg","contentUrl":"https:\/\/www.sucarn.es\/wp-content\/uploads\/2018\/08\/image032.jpg","width":661,"height":521},{"@type":"BreadcrumbList","@id":"https:\/\/www.sucarn.es\/product\/rabos-2\/#breadcrumb","itemListElement":[{"@type":"ListItem","position":1,"name":"Home","item":"https:\/\/www.sucarn.es\/ca\/"},{"@type":"ListItem","position":2,"name":"Shop","item":"https:\/\/www.sucarn.es\/?page_id=2354"},{"@type":"ListItem","position":3,"name":"CUES"}]},{"@type":"WebSite","@id":"https:\/\/www.sucarn.es\/#website","url":"https:\/\/www.sucarn.es\/","name":"Sucarn","description":"Sucarn","publisher":{"@id":"https:\/\/www.sucarn.es\/#organization"},"potentialAction":[{"@type":"SearchAction","target":{"@type":"EntryPoint","urlTemplate":"https:\/\/www.sucarn.es\/?s={search_term_string}"},"query-input":{"@type":"PropertyValueSpecification","valueRequired":true,"valueName":"search_term_string"}}],"inLanguage":"ca"},{"@type":"Organization","@id":"https:\/\/www.sucarn.es\/#organization","name":"Sucarn","url":"https:\/\/www.sucarn.es\/","logo":{"@type":"ImageObject","inLanguage":"ca","@id":"https:\/\/www.sucarn.es\/#\/schema\/logo\/image\/","url":"https:\/\/www.sucarn.es\/wp-content\/uploads\/2018\/03\/LOGO_SUCARN.png","contentUrl":"https:\/\/www.sucarn.es\/wp-content\/uploads\/2018\/03\/LOGO_SUCARN.png","width":300,"height":93,"caption":"Sucarn"},"image":{"@id":"https:\/\/www.sucarn.es\/#\/schema\/logo\/image\/"}}]}},"_links":{"self":[{"href":"https:\/\/www.sucarn.es\/ca\/wp-json\/wp\/v2\/product\/2636","targetHints":{"allow":["GET"]}}],"collection":[{"href":"https:\/\/www.sucarn.es\/ca\/wp-json\/wp\/v2\/product"}],"about":[{"href":"https:\/\/www.sucarn.es\/ca\/wp-json\/wp\/v2\/types\/product"}],"wp:featuredmedia":[{"embeddable":true,"href":"https:\/\/www.sucarn.es\/ca\/wp-json\/wp\/v2\/media\/2637"}],"wp:attachment":[{"href":"https:\/\/www.sucarn.es\/ca\/wp-json\/wp\/v2\/media?parent=2636"}],"wp:term":[{"taxonomy":"product_brand","embeddable":true,"href":"https:\/\/www.sucarn.es\/ca\/wp-json\/wp\/v2\/product_brand?post=2636"},{"taxonomy":"product_cat","embeddable":true,"href":"https:\/\/www.sucarn.es\/ca\/wp-json\/wp\/v2\/product_cat?post=2636"},{"taxonomy":"product_tag","embeddable":true,"href":"https:\/\/www.sucarn.es\/ca\/wp-json\/wp\/v2\/product_tag?post=2636"}],"curies":[{"name":"wp","href":"https:\/\/api.w.org\/{rel}","templated":true}]}}