{"id":2638,"date":"2018-08-13T09:12:22","date_gmt":"2018-08-13T09:12:22","guid":{"rendered":"https:\/\/www.sucarn.es\/product\/conill-de-la-cuixa-guisar-1aa-2\/"},"modified":"2020-05-28T20:39:37","modified_gmt":"2020-05-28T20:39:37","slug":"conill-de-la-cuixa-guisar-1aa","status":"publish","type":"product","link":"https:\/\/www.sucarn.es\/ca\/product\/conill-de-la-cuixa-guisar-1aa\/","title":{"rendered":"CONILL DE LA CUIXA \u2013 GUISAR 1\u00aaA"},"content":{"rendered":"","protected":false},"excerpt":{"rendered":"<h5><u>DESCRIPCI\u00d3 T\u00c8CNICA<\/u><\/h5>\n<p>S&#8217;obt\u00e9 de les parts m\u00e9s distals de les extremitats anteriors i posteriors. Seria l&#8217;ossobuco\u00a0una vegada desossat.<br \/>\n<strong>RA\u00c7A<\/strong>: Frisona, Simental.<br \/>\n<strong>ORIGEN<\/strong>: Polonia, Alemanya, Holanda, etc.<br \/>\n<strong>TIPUS D&#8217;ENVASAT<\/strong>: Peces al buit\u00a01\u00d71 o 2\u00d71.<br \/>\n<strong>CADUCITAT<\/strong>: 30\u00a0dies des de producci\u00f3.<br \/>\n<strong>UNITAT MIN. COMANDA<\/strong>: 1 Caixa \u2013 12 a 20 kg, segons\u00a0prove\u00efdor.<br \/>\n<strong>TEMPERATURA<\/strong>: Conservar fresc: entre 0 \u00b0C i 3 \u00b0C. Congelat: a -18 \u00b0C.<\/p>\n<h5><u>CARACTER\u00cdSTIQUES<\/u><\/h5>\n<p>El conill de la cuixa\u00a0\u00e9s una carn magra i molt melosa, ja que cont\u00e9 molt col\u00b7lagen. Els conills\u00a0davanters s\u00f3n m\u00e9s fibrosos que el de les potes posteriors. \u00c9s una pe\u00e7a d&#8217;aspecte irregular, amb molts nervis per\u00f2 molt gelatinosa.<br \/>\nEs considera de Categoria 2a.<\/p>\n<h5><u>UTILITATS<\/u><\/h5>\n<p>S&#8217;obtenen bons resultats d&#8217;aquesta pe\u00e7a en guisats, rostits i estofats. En tenir molt de col\u00b7lagen tamb\u00e9 est\u00e0 indicada per a brous i sopes.<br \/>\nQuan no es desossa es coneix amb el nom\u00a0d&#8217;ossobuco.<\/p>\n","protected":false},"featured_media":2639,"template":"","meta":[],"product_brand":[],"product_cat":[176],"product_tag":[],"class_list":{"0":"post-2638","1":"product","2":"type-product","3":"status-publish","4":"has-post-thumbnail","6":"product_cat-bovina-anoll","7":"align-left","8":"box-shadow-0","9":"box-shadow-0-hover","10":"ast-product-gallery-layout-horizontal","11":"ast-product-gallery-with-no-image","12":"ast-product-tabs-layout-horizontal","14":"first","15":"instock","16":"taxable","17":"shipping-taxable","18":"product-type-simple"},"yoast_head":"<!-- This site is optimized with the Yoast SEO plugin v27.3 - https:\/\/yoast.com\/product\/yoast-seo-wordpress\/ -->\n<title>CONILL DE LA CUIXA \u2013 GUISAR 1\u00aaA - Bienvenido<\/title>\n<meta name=\"robots\" content=\"index, follow, max-snippet:-1, max-image-preview:large, max-video-preview:-1\" \/>\n<link rel=\"canonical\" href=\"https:\/\/www.sucarn.es\/ca\/product\/morcillo-guisar-1aa\/\" \/>\n<meta property=\"og:locale\" content=\"ca_ES\" \/>\n<meta property=\"og:type\" content=\"article\" \/>\n<meta property=\"og:title\" content=\"CONILL DE LA CUIXA \u2013 GUISAR 1\u00aaA - Bienvenido\" \/>\n<meta property=\"og:description\" content=\"DESCRIPCI\u00d3 T\u00c8CNICA S&#039;obt\u00e9 de les parts m\u00e9s distals de les extremitats anteriors i posteriors. Seria l&#039;ossobuco\u00a0una vegada desossat. RA\u00c7A: Frisona, Simental. ORIGEN: Polonia, Alemanya, Holanda, etc. TIPUS D&#039;ENVASAT: Peces al buit\u00a01\u00d71 o 2\u00d71. CADUCITAT: 30\u00a0dies des de producci\u00f3. UNITAT MIN. COMANDA: 1 Caixa \u2013 12 a 20 kg, segons\u00a0prove\u00efdor. TEMPERATURA: Conservar fresc: entre 0 \u00b0C i 3 \u00b0C. Congelat: a -18 \u00b0C. CARACTER\u00cdSTIQUES El conill de la cuixa\u00a0\u00e9s una carn magra i molt melosa, ja que cont\u00e9 molt col\u00b7lagen. Els conills\u00a0davanters s\u00f3n m\u00e9s fibrosos que el de les potes posteriors. \u00c9s una pe\u00e7a d&#039;aspecte irregular, amb molts nervis per\u00f2 molt gelatinosa. Es considera de Categoria 2a. UTILITATS S&#039;obtenen bons resultats d&#039;aquesta pe\u00e7a en guisats, rostits i estofats. En tenir molt de col\u00b7lagen tamb\u00e9 est\u00e0 indicada per a brous i sopes. Quan no es desossa es coneix amb el nom\u00a0d&#039;ossobuco.\" \/>\n<meta property=\"og:url\" content=\"https:\/\/www.sucarn.es\/product\/morcillo-guisar-1aa\/\" \/>\n<meta property=\"og:site_name\" content=\"Bienvenido\" \/>\n<meta property=\"article:modified_time\" content=\"2020-05-28T20:39:37+00:00\" \/>\n<meta property=\"og:image\" content=\"https:\/\/www.sucarn.es\/wp-content\/uploads\/2018\/08\/image030.jpg\" \/>\n\t<meta property=\"og:image:width\" content=\"410\" \/>\n\t<meta property=\"og:image:height\" content=\"447\" \/>\n\t<meta property=\"og:image:type\" content=\"image\/jpeg\" \/>\n<meta name=\"twitter:card\" content=\"summary_large_image\" \/>\n<script type=\"application\/ld+json\" class=\"yoast-schema-graph\">{\"@context\":\"https:\\\/\\\/schema.org\",\"@graph\":[{\"@type\":\"WebPage\",\"@id\":\"https:\\\/\\\/www.sucarn.es\\\/product\\\/morcillo-guisar-1aa\\\/\",\"url\":\"https:\\\/\\\/www.sucarn.es\\\/product\\\/morcillo-guisar-1aa\\\/\",\"name\":\"CONILL DE LA CUIXA \u2013 GUISAR 1\u00aaA - Bienvenido\",\"isPartOf\":{\"@id\":\"https:\\\/\\\/www.sucarn.es\\\/#website\"},\"primaryImageOfPage\":{\"@id\":\"https:\\\/\\\/www.sucarn.es\\\/product\\\/morcillo-guisar-1aa\\\/#primaryimage\"},\"image\":{\"@id\":\"https:\\\/\\\/www.sucarn.es\\\/product\\\/morcillo-guisar-1aa\\\/#primaryimage\"},\"thumbnailUrl\":\"https:\\\/\\\/www.sucarn.es\\\/wp-content\\\/uploads\\\/2018\\\/08\\\/image030.jpg\",\"datePublished\":\"2018-08-13T09:12:22+00:00\",\"dateModified\":\"2020-05-28T20:39:37+00:00\",\"breadcrumb\":{\"@id\":\"https:\\\/\\\/www.sucarn.es\\\/product\\\/morcillo-guisar-1aa\\\/#breadcrumb\"},\"inLanguage\":\"ca\",\"potentialAction\":[{\"@type\":\"ReadAction\",\"target\":[\"https:\\\/\\\/www.sucarn.es\\\/product\\\/morcillo-guisar-1aa\\\/\"]}]},{\"@type\":\"ImageObject\",\"inLanguage\":\"ca\",\"@id\":\"https:\\\/\\\/www.sucarn.es\\\/product\\\/morcillo-guisar-1aa\\\/#primaryimage\",\"url\":\"https:\\\/\\\/www.sucarn.es\\\/wp-content\\\/uploads\\\/2018\\\/08\\\/image030.jpg\",\"contentUrl\":\"https:\\\/\\\/www.sucarn.es\\\/wp-content\\\/uploads\\\/2018\\\/08\\\/image030.jpg\",\"width\":410,\"height\":447},{\"@type\":\"BreadcrumbList\",\"@id\":\"https:\\\/\\\/www.sucarn.es\\\/product\\\/morcillo-guisar-1aa\\\/#breadcrumb\",\"itemListElement\":[{\"@type\":\"ListItem\",\"position\":1,\"name\":\"Home\",\"item\":\"https:\\\/\\\/www.sucarn.es\\\/ca\\\/\"},{\"@type\":\"ListItem\",\"position\":2,\"name\":\"Shop\",\"item\":\"https:\\\/\\\/www.sucarn.es\\\/?page_id=2354\"},{\"@type\":\"ListItem\",\"position\":3,\"name\":\"CONILL DE LA CUIXA \u2013 GUISAR 1\u00aaA\"}]},{\"@type\":\"WebSite\",\"@id\":\"https:\\\/\\\/www.sucarn.es\\\/#website\",\"url\":\"https:\\\/\\\/www.sucarn.es\\\/\",\"name\":\"Sucarn\",\"description\":\"Sucarn\",\"publisher\":{\"@id\":\"https:\\\/\\\/www.sucarn.es\\\/#organization\"},\"potentialAction\":[{\"@type\":\"SearchAction\",\"target\":{\"@type\":\"EntryPoint\",\"urlTemplate\":\"https:\\\/\\\/www.sucarn.es\\\/?s={search_term_string}\"},\"query-input\":{\"@type\":\"PropertyValueSpecification\",\"valueRequired\":true,\"valueName\":\"search_term_string\"}}],\"inLanguage\":\"ca\"},{\"@type\":\"Organization\",\"@id\":\"https:\\\/\\\/www.sucarn.es\\\/#organization\",\"name\":\"Sucarn\",\"url\":\"https:\\\/\\\/www.sucarn.es\\\/\",\"logo\":{\"@type\":\"ImageObject\",\"inLanguage\":\"ca\",\"@id\":\"https:\\\/\\\/www.sucarn.es\\\/#\\\/schema\\\/logo\\\/image\\\/\",\"url\":\"https:\\\/\\\/www.sucarn.es\\\/wp-content\\\/uploads\\\/2018\\\/03\\\/LOGO_SUCARN.png\",\"contentUrl\":\"https:\\\/\\\/www.sucarn.es\\\/wp-content\\\/uploads\\\/2018\\\/03\\\/LOGO_SUCARN.png\",\"width\":300,\"height\":93,\"caption\":\"Sucarn\"},\"image\":{\"@id\":\"https:\\\/\\\/www.sucarn.es\\\/#\\\/schema\\\/logo\\\/image\\\/\"}}]}<\/script>\n<!-- \/ Yoast SEO plugin. -->","yoast_head_json":{"title":"CONILL DE LA CUIXA \u2013 GUISAR 1\u00aaA - Bienvenido","robots":{"index":"index","follow":"follow","max-snippet":"max-snippet:-1","max-image-preview":"max-image-preview:large","max-video-preview":"max-video-preview:-1"},"canonical":"https:\/\/www.sucarn.es\/ca\/product\/morcillo-guisar-1aa\/","og_locale":"ca_ES","og_type":"article","og_title":"CONILL DE LA CUIXA \u2013 GUISAR 1\u00aaA - Bienvenido","og_description":"DESCRIPCI\u00d3 T\u00c8CNICA S'obt\u00e9 de les parts m\u00e9s distals de les extremitats anteriors i posteriors. Seria l'ossobuco\u00a0una vegada desossat. RA\u00c7A: Frisona, Simental. ORIGEN: Polonia, Alemanya, Holanda, etc. TIPUS D'ENVASAT: Peces al buit\u00a01\u00d71 o 2\u00d71. CADUCITAT: 30\u00a0dies des de producci\u00f3. UNITAT MIN. COMANDA: 1 Caixa \u2013 12 a 20 kg, segons\u00a0prove\u00efdor. TEMPERATURA: Conservar fresc: entre 0 \u00b0C i 3 \u00b0C. Congelat: a -18 \u00b0C. CARACTER\u00cdSTIQUES El conill de la cuixa\u00a0\u00e9s una carn magra i molt melosa, ja que cont\u00e9 molt col\u00b7lagen. Els conills\u00a0davanters s\u00f3n m\u00e9s fibrosos que el de les potes posteriors. \u00c9s una pe\u00e7a d'aspecte irregular, amb molts nervis per\u00f2 molt gelatinosa. Es considera de Categoria 2a. UTILITATS S'obtenen bons resultats d'aquesta pe\u00e7a en guisats, rostits i estofats. En tenir molt de col\u00b7lagen tamb\u00e9 est\u00e0 indicada per a brous i sopes. Quan no es desossa es coneix amb el nom\u00a0d'ossobuco.","og_url":"https:\/\/www.sucarn.es\/product\/morcillo-guisar-1aa\/","og_site_name":"Bienvenido","article_modified_time":"2020-05-28T20:39:37+00:00","og_image":[{"width":410,"height":447,"url":"https:\/\/www.sucarn.es\/wp-content\/uploads\/2018\/08\/image030.jpg","type":"image\/jpeg"}],"twitter_card":"summary_large_image","schema":{"@context":"https:\/\/schema.org","@graph":[{"@type":"WebPage","@id":"https:\/\/www.sucarn.es\/product\/morcillo-guisar-1aa\/","url":"https:\/\/www.sucarn.es\/product\/morcillo-guisar-1aa\/","name":"CONILL DE LA CUIXA \u2013 GUISAR 1\u00aaA - Bienvenido","isPartOf":{"@id":"https:\/\/www.sucarn.es\/#website"},"primaryImageOfPage":{"@id":"https:\/\/www.sucarn.es\/product\/morcillo-guisar-1aa\/#primaryimage"},"image":{"@id":"https:\/\/www.sucarn.es\/product\/morcillo-guisar-1aa\/#primaryimage"},"thumbnailUrl":"https:\/\/www.sucarn.es\/wp-content\/uploads\/2018\/08\/image030.jpg","datePublished":"2018-08-13T09:12:22+00:00","dateModified":"2020-05-28T20:39:37+00:00","breadcrumb":{"@id":"https:\/\/www.sucarn.es\/product\/morcillo-guisar-1aa\/#breadcrumb"},"inLanguage":"ca","potentialAction":[{"@type":"ReadAction","target":["https:\/\/www.sucarn.es\/product\/morcillo-guisar-1aa\/"]}]},{"@type":"ImageObject","inLanguage":"ca","@id":"https:\/\/www.sucarn.es\/product\/morcillo-guisar-1aa\/#primaryimage","url":"https:\/\/www.sucarn.es\/wp-content\/uploads\/2018\/08\/image030.jpg","contentUrl":"https:\/\/www.sucarn.es\/wp-content\/uploads\/2018\/08\/image030.jpg","width":410,"height":447},{"@type":"BreadcrumbList","@id":"https:\/\/www.sucarn.es\/product\/morcillo-guisar-1aa\/#breadcrumb","itemListElement":[{"@type":"ListItem","position":1,"name":"Home","item":"https:\/\/www.sucarn.es\/ca\/"},{"@type":"ListItem","position":2,"name":"Shop","item":"https:\/\/www.sucarn.es\/?page_id=2354"},{"@type":"ListItem","position":3,"name":"CONILL DE LA CUIXA \u2013 GUISAR 1\u00aaA"}]},{"@type":"WebSite","@id":"https:\/\/www.sucarn.es\/#website","url":"https:\/\/www.sucarn.es\/","name":"Sucarn","description":"Sucarn","publisher":{"@id":"https:\/\/www.sucarn.es\/#organization"},"potentialAction":[{"@type":"SearchAction","target":{"@type":"EntryPoint","urlTemplate":"https:\/\/www.sucarn.es\/?s={search_term_string}"},"query-input":{"@type":"PropertyValueSpecification","valueRequired":true,"valueName":"search_term_string"}}],"inLanguage":"ca"},{"@type":"Organization","@id":"https:\/\/www.sucarn.es\/#organization","name":"Sucarn","url":"https:\/\/www.sucarn.es\/","logo":{"@type":"ImageObject","inLanguage":"ca","@id":"https:\/\/www.sucarn.es\/#\/schema\/logo\/image\/","url":"https:\/\/www.sucarn.es\/wp-content\/uploads\/2018\/03\/LOGO_SUCARN.png","contentUrl":"https:\/\/www.sucarn.es\/wp-content\/uploads\/2018\/03\/LOGO_SUCARN.png","width":300,"height":93,"caption":"Sucarn"},"image":{"@id":"https:\/\/www.sucarn.es\/#\/schema\/logo\/image\/"}}]}},"_links":{"self":[{"href":"https:\/\/www.sucarn.es\/ca\/wp-json\/wp\/v2\/product\/2638","targetHints":{"allow":["GET"]}}],"collection":[{"href":"https:\/\/www.sucarn.es\/ca\/wp-json\/wp\/v2\/product"}],"about":[{"href":"https:\/\/www.sucarn.es\/ca\/wp-json\/wp\/v2\/types\/product"}],"wp:featuredmedia":[{"embeddable":true,"href":"https:\/\/www.sucarn.es\/ca\/wp-json\/wp\/v2\/media\/2639"}],"wp:attachment":[{"href":"https:\/\/www.sucarn.es\/ca\/wp-json\/wp\/v2\/media?parent=2638"}],"wp:term":[{"taxonomy":"product_brand","embeddable":true,"href":"https:\/\/www.sucarn.es\/ca\/wp-json\/wp\/v2\/product_brand?post=2638"},{"taxonomy":"product_cat","embeddable":true,"href":"https:\/\/www.sucarn.es\/ca\/wp-json\/wp\/v2\/product_cat?post=2638"},{"taxonomy":"product_tag","embeddable":true,"href":"https:\/\/www.sucarn.es\/ca\/wp-json\/wp\/v2\/product_tag?post=2638"}],"curies":[{"name":"wp","href":"https:\/\/api.w.org\/{rel}","templated":true}]}}