{"id":2640,"date":"2018-08-13T09:10:06","date_gmt":"2018-08-13T09:10:06","guid":{"rendered":"https:\/\/www.sucarn.es\/product\/llom-sense-os-4\/"},"modified":"2020-05-28T20:39:45","modified_gmt":"2020-05-28T20:39:45","slug":"llom-sense-os","status":"publish","type":"product","link":"https:\/\/www.sucarn.es\/ca\/product\/llom-sense-os\/","title":{"rendered":"LLOM SENSE OS"},"content":{"rendered":"","protected":false},"excerpt":{"rendered":"<h5><u>DESCRIPCI\u00d3 T\u00c8CNICA<\/u><\/h5>\n<p>Pe\u00e7a que s&#8217;extreu de la part alta del llom del bestiar. S&#8217;obt\u00e9 en desossar el llom des de la 5a fins a la 12a v\u00e8rtebra dorsal, retirant els cossos i\u00a0ap\u00f2fisis\u00a0vertebrals, aix\u00ed com les costelles (varetes).<br \/>\n<strong>RA\u00c7A<\/strong>: Frisona o Simental.<br \/>\n<strong>ORIGEN<\/strong>: Holanda, Alemanya, etc.<br \/>\n<strong>TIPUS D&#8217;ENVASAT<\/strong>: Al buit\u00a01\u00d71.<br \/>\n<strong>CADUCITAT<\/strong>: 30 \u2013\u00a034\u00a0dies des de producci\u00f3.<br \/>\n<strong>UNITAT MIN. COMANDA<\/strong>: 1 Caixa \u2013 20 kg, Aproximadament.<br \/>\n<strong>TEMPERATURA<\/strong>: Conservar fresc: entre 0 \u00b0C i 3 \u00b0C. Congelat: a -18 \u00b0C.<\/p>\n<h5><u>CARACTER\u00cdSTIQUES<\/u><\/h5>\n<p>Pe\u00e7a recoberta per teixit conjuntiu i greix. Es tracta d&#8217;una carn tendra i sucosa. D&#8217;ella obtenim el tall anomenat entrecot. Si la pe\u00e7a est\u00e0 neta (li llevem la tapa) ens quedem amb el centre del llom alt, que es diu llavors &#8220;cube roll&#8221;.<br \/>\nEs considera categoria Extra.<\/p>\n<h5><u>UTILITATS<\/u><\/h5>\n<p>Resulta una carn excel\u00b7lent per fer a graella o a la planxa, encara que tamb\u00e9 podem usar-la per a fer rosbif.<\/p>\n","protected":false},"featured_media":2641,"template":"","meta":[],"product_brand":[],"product_cat":[176],"product_tag":[],"class_list":{"0":"post-2640","1":"product","2":"type-product","3":"status-publish","4":"has-post-thumbnail","6":"product_cat-bovina-anoll","7":"align-left","8":"box-shadow-0","9":"box-shadow-0-hover","10":"ast-product-gallery-layout-horizontal","11":"ast-product-gallery-with-no-image","12":"ast-product-tabs-layout-horizontal","14":"first","15":"instock","16":"taxable","17":"shipping-taxable","18":"product-type-simple"},"yoast_head":"<!-- This site is optimized with the Yoast SEO plugin v27.3 - https:\/\/yoast.com\/product\/yoast-seo-wordpress\/ -->\n<title>LLOM SENSE OS - Bienvenido<\/title>\n<meta name=\"robots\" content=\"index, follow, max-snippet:-1, max-image-preview:large, max-video-preview:-1\" \/>\n<link rel=\"canonical\" href=\"https:\/\/www.sucarn.es\/ca\/product\/lomo-sin-hueso\/\" \/>\n<meta property=\"og:locale\" content=\"ca_ES\" \/>\n<meta property=\"og:type\" content=\"article\" \/>\n<meta property=\"og:title\" content=\"LLOM SENSE OS - Bienvenido\" \/>\n<meta property=\"og:description\" content=\"DESCRIPCI\u00d3 T\u00c8CNICA Pe\u00e7a que s&#039;extreu de la part alta del llom del bestiar. S&#039;obt\u00e9 en desossar el llom des de la 5a fins a la 12a v\u00e8rtebra dorsal, retirant els cossos i\u00a0ap\u00f2fisis\u00a0vertebrals, aix\u00ed com les costelles (varetes). RA\u00c7A: Frisona o Simental. ORIGEN: Holanda, Alemanya, etc. TIPUS D&#039;ENVASAT: Al buit\u00a01\u00d71. CADUCITAT: 30 \u2013\u00a034\u00a0dies des de producci\u00f3. UNITAT MIN. COMANDA: 1 Caixa \u2013 20 kg, Aproximadament. TEMPERATURA: Conservar fresc: entre 0 \u00b0C i 3 \u00b0C. Congelat: a -18 \u00b0C. CARACTER\u00cdSTIQUES Pe\u00e7a recoberta per teixit conjuntiu i greix. Es tracta d&#039;una carn tendra i sucosa. D&#039;ella obtenim el tall anomenat entrecot. Si la pe\u00e7a est\u00e0 neta (li llevem la tapa) ens quedem amb el centre del llom alt, que es diu llavors &quot;cube roll&quot;. Es considera categoria Extra. UTILITATS Resulta una carn excel\u00b7lent per fer a graella o a la planxa, encara que tamb\u00e9 podem usar-la per a fer rosbif.\" \/>\n<meta property=\"og:url\" content=\"https:\/\/www.sucarn.es\/product\/lomo-sin-hueso\/\" \/>\n<meta property=\"og:site_name\" content=\"Bienvenido\" \/>\n<meta property=\"article:modified_time\" content=\"2020-05-28T20:39:45+00:00\" \/>\n<meta property=\"og:image\" content=\"https:\/\/www.sucarn.es\/wp-content\/uploads\/2018\/08\/image029.jpg\" \/>\n\t<meta property=\"og:image:width\" content=\"399\" \/>\n\t<meta property=\"og:image:height\" content=\"395\" \/>\n\t<meta property=\"og:image:type\" content=\"image\/jpeg\" \/>\n<meta name=\"twitter:card\" content=\"summary_large_image\" \/>\n<script type=\"application\/ld+json\" class=\"yoast-schema-graph\">{\"@context\":\"https:\\\/\\\/schema.org\",\"@graph\":[{\"@type\":\"WebPage\",\"@id\":\"https:\\\/\\\/www.sucarn.es\\\/product\\\/lomo-sin-hueso\\\/\",\"url\":\"https:\\\/\\\/www.sucarn.es\\\/product\\\/lomo-sin-hueso\\\/\",\"name\":\"LLOM SENSE OS - Bienvenido\",\"isPartOf\":{\"@id\":\"https:\\\/\\\/www.sucarn.es\\\/#website\"},\"primaryImageOfPage\":{\"@id\":\"https:\\\/\\\/www.sucarn.es\\\/product\\\/lomo-sin-hueso\\\/#primaryimage\"},\"image\":{\"@id\":\"https:\\\/\\\/www.sucarn.es\\\/product\\\/lomo-sin-hueso\\\/#primaryimage\"},\"thumbnailUrl\":\"https:\\\/\\\/www.sucarn.es\\\/wp-content\\\/uploads\\\/2018\\\/08\\\/image029.jpg\",\"datePublished\":\"2018-08-13T09:10:06+00:00\",\"dateModified\":\"2020-05-28T20:39:45+00:00\",\"breadcrumb\":{\"@id\":\"https:\\\/\\\/www.sucarn.es\\\/product\\\/lomo-sin-hueso\\\/#breadcrumb\"},\"inLanguage\":\"ca\",\"potentialAction\":[{\"@type\":\"ReadAction\",\"target\":[\"https:\\\/\\\/www.sucarn.es\\\/product\\\/lomo-sin-hueso\\\/\"]}]},{\"@type\":\"ImageObject\",\"inLanguage\":\"ca\",\"@id\":\"https:\\\/\\\/www.sucarn.es\\\/product\\\/lomo-sin-hueso\\\/#primaryimage\",\"url\":\"https:\\\/\\\/www.sucarn.es\\\/wp-content\\\/uploads\\\/2018\\\/08\\\/image029.jpg\",\"contentUrl\":\"https:\\\/\\\/www.sucarn.es\\\/wp-content\\\/uploads\\\/2018\\\/08\\\/image029.jpg\",\"width\":399,\"height\":395},{\"@type\":\"BreadcrumbList\",\"@id\":\"https:\\\/\\\/www.sucarn.es\\\/product\\\/lomo-sin-hueso\\\/#breadcrumb\",\"itemListElement\":[{\"@type\":\"ListItem\",\"position\":1,\"name\":\"Home\",\"item\":\"https:\\\/\\\/www.sucarn.es\\\/ca\\\/\"},{\"@type\":\"ListItem\",\"position\":2,\"name\":\"Shop\",\"item\":\"https:\\\/\\\/www.sucarn.es\\\/?page_id=2354\"},{\"@type\":\"ListItem\",\"position\":3,\"name\":\"LLOM SENSE OS\"}]},{\"@type\":\"WebSite\",\"@id\":\"https:\\\/\\\/www.sucarn.es\\\/#website\",\"url\":\"https:\\\/\\\/www.sucarn.es\\\/\",\"name\":\"Sucarn\",\"description\":\"Sucarn\",\"publisher\":{\"@id\":\"https:\\\/\\\/www.sucarn.es\\\/#organization\"},\"potentialAction\":[{\"@type\":\"SearchAction\",\"target\":{\"@type\":\"EntryPoint\",\"urlTemplate\":\"https:\\\/\\\/www.sucarn.es\\\/?s={search_term_string}\"},\"query-input\":{\"@type\":\"PropertyValueSpecification\",\"valueRequired\":true,\"valueName\":\"search_term_string\"}}],\"inLanguage\":\"ca\"},{\"@type\":\"Organization\",\"@id\":\"https:\\\/\\\/www.sucarn.es\\\/#organization\",\"name\":\"Sucarn\",\"url\":\"https:\\\/\\\/www.sucarn.es\\\/\",\"logo\":{\"@type\":\"ImageObject\",\"inLanguage\":\"ca\",\"@id\":\"https:\\\/\\\/www.sucarn.es\\\/#\\\/schema\\\/logo\\\/image\\\/\",\"url\":\"https:\\\/\\\/www.sucarn.es\\\/wp-content\\\/uploads\\\/2018\\\/03\\\/LOGO_SUCARN.png\",\"contentUrl\":\"https:\\\/\\\/www.sucarn.es\\\/wp-content\\\/uploads\\\/2018\\\/03\\\/LOGO_SUCARN.png\",\"width\":300,\"height\":93,\"caption\":\"Sucarn\"},\"image\":{\"@id\":\"https:\\\/\\\/www.sucarn.es\\\/#\\\/schema\\\/logo\\\/image\\\/\"}}]}<\/script>\n<!-- \/ Yoast SEO plugin. -->","yoast_head_json":{"title":"LLOM SENSE OS - Bienvenido","robots":{"index":"index","follow":"follow","max-snippet":"max-snippet:-1","max-image-preview":"max-image-preview:large","max-video-preview":"max-video-preview:-1"},"canonical":"https:\/\/www.sucarn.es\/ca\/product\/lomo-sin-hueso\/","og_locale":"ca_ES","og_type":"article","og_title":"LLOM SENSE OS - Bienvenido","og_description":"DESCRIPCI\u00d3 T\u00c8CNICA Pe\u00e7a que s'extreu de la part alta del llom del bestiar. S'obt\u00e9 en desossar el llom des de la 5a fins a la 12a v\u00e8rtebra dorsal, retirant els cossos i\u00a0ap\u00f2fisis\u00a0vertebrals, aix\u00ed com les costelles (varetes). RA\u00c7A: Frisona o Simental. ORIGEN: Holanda, Alemanya, etc. TIPUS D'ENVASAT: Al buit\u00a01\u00d71. CADUCITAT: 30 \u2013\u00a034\u00a0dies des de producci\u00f3. UNITAT MIN. COMANDA: 1 Caixa \u2013 20 kg, Aproximadament. TEMPERATURA: Conservar fresc: entre 0 \u00b0C i 3 \u00b0C. Congelat: a -18 \u00b0C. CARACTER\u00cdSTIQUES Pe\u00e7a recoberta per teixit conjuntiu i greix. Es tracta d'una carn tendra i sucosa. D'ella obtenim el tall anomenat entrecot. Si la pe\u00e7a est\u00e0 neta (li llevem la tapa) ens quedem amb el centre del llom alt, que es diu llavors \"cube roll\". Es considera categoria Extra. UTILITATS Resulta una carn excel\u00b7lent per fer a graella o a la planxa, encara que tamb\u00e9 podem usar-la per a fer rosbif.","og_url":"https:\/\/www.sucarn.es\/product\/lomo-sin-hueso\/","og_site_name":"Bienvenido","article_modified_time":"2020-05-28T20:39:45+00:00","og_image":[{"width":399,"height":395,"url":"https:\/\/www.sucarn.es\/wp-content\/uploads\/2018\/08\/image029.jpg","type":"image\/jpeg"}],"twitter_card":"summary_large_image","schema":{"@context":"https:\/\/schema.org","@graph":[{"@type":"WebPage","@id":"https:\/\/www.sucarn.es\/product\/lomo-sin-hueso\/","url":"https:\/\/www.sucarn.es\/product\/lomo-sin-hueso\/","name":"LLOM SENSE OS - Bienvenido","isPartOf":{"@id":"https:\/\/www.sucarn.es\/#website"},"primaryImageOfPage":{"@id":"https:\/\/www.sucarn.es\/product\/lomo-sin-hueso\/#primaryimage"},"image":{"@id":"https:\/\/www.sucarn.es\/product\/lomo-sin-hueso\/#primaryimage"},"thumbnailUrl":"https:\/\/www.sucarn.es\/wp-content\/uploads\/2018\/08\/image029.jpg","datePublished":"2018-08-13T09:10:06+00:00","dateModified":"2020-05-28T20:39:45+00:00","breadcrumb":{"@id":"https:\/\/www.sucarn.es\/product\/lomo-sin-hueso\/#breadcrumb"},"inLanguage":"ca","potentialAction":[{"@type":"ReadAction","target":["https:\/\/www.sucarn.es\/product\/lomo-sin-hueso\/"]}]},{"@type":"ImageObject","inLanguage":"ca","@id":"https:\/\/www.sucarn.es\/product\/lomo-sin-hueso\/#primaryimage","url":"https:\/\/www.sucarn.es\/wp-content\/uploads\/2018\/08\/image029.jpg","contentUrl":"https:\/\/www.sucarn.es\/wp-content\/uploads\/2018\/08\/image029.jpg","width":399,"height":395},{"@type":"BreadcrumbList","@id":"https:\/\/www.sucarn.es\/product\/lomo-sin-hueso\/#breadcrumb","itemListElement":[{"@type":"ListItem","position":1,"name":"Home","item":"https:\/\/www.sucarn.es\/ca\/"},{"@type":"ListItem","position":2,"name":"Shop","item":"https:\/\/www.sucarn.es\/?page_id=2354"},{"@type":"ListItem","position":3,"name":"LLOM SENSE OS"}]},{"@type":"WebSite","@id":"https:\/\/www.sucarn.es\/#website","url":"https:\/\/www.sucarn.es\/","name":"Sucarn","description":"Sucarn","publisher":{"@id":"https:\/\/www.sucarn.es\/#organization"},"potentialAction":[{"@type":"SearchAction","target":{"@type":"EntryPoint","urlTemplate":"https:\/\/www.sucarn.es\/?s={search_term_string}"},"query-input":{"@type":"PropertyValueSpecification","valueRequired":true,"valueName":"search_term_string"}}],"inLanguage":"ca"},{"@type":"Organization","@id":"https:\/\/www.sucarn.es\/#organization","name":"Sucarn","url":"https:\/\/www.sucarn.es\/","logo":{"@type":"ImageObject","inLanguage":"ca","@id":"https:\/\/www.sucarn.es\/#\/schema\/logo\/image\/","url":"https:\/\/www.sucarn.es\/wp-content\/uploads\/2018\/03\/LOGO_SUCARN.png","contentUrl":"https:\/\/www.sucarn.es\/wp-content\/uploads\/2018\/03\/LOGO_SUCARN.png","width":300,"height":93,"caption":"Sucarn"},"image":{"@id":"https:\/\/www.sucarn.es\/#\/schema\/logo\/image\/"}}]}},"_links":{"self":[{"href":"https:\/\/www.sucarn.es\/ca\/wp-json\/wp\/v2\/product\/2640","targetHints":{"allow":["GET"]}}],"collection":[{"href":"https:\/\/www.sucarn.es\/ca\/wp-json\/wp\/v2\/product"}],"about":[{"href":"https:\/\/www.sucarn.es\/ca\/wp-json\/wp\/v2\/types\/product"}],"wp:featuredmedia":[{"embeddable":true,"href":"https:\/\/www.sucarn.es\/ca\/wp-json\/wp\/v2\/media\/2641"}],"wp:attachment":[{"href":"https:\/\/www.sucarn.es\/ca\/wp-json\/wp\/v2\/media?parent=2640"}],"wp:term":[{"taxonomy":"product_brand","embeddable":true,"href":"https:\/\/www.sucarn.es\/ca\/wp-json\/wp\/v2\/product_brand?post=2640"},{"taxonomy":"product_cat","embeddable":true,"href":"https:\/\/www.sucarn.es\/ca\/wp-json\/wp\/v2\/product_cat?post=2640"},{"taxonomy":"product_tag","embeddable":true,"href":"https:\/\/www.sucarn.es\/ca\/wp-json\/wp\/v2\/product_tag?post=2640"}],"curies":[{"name":"wp","href":"https:\/\/api.w.org\/{rel}","templated":true}]}}