{"id":2646,"date":"2018-08-12T09:44:59","date_gmt":"2018-08-12T09:44:59","guid":{"rendered":"https:\/\/www.sucarn.es\/product\/filet-%c2%be-import-2\/"},"modified":"2020-05-28T20:40:22","modified_gmt":"2020-05-28T20:40:22","slug":"filet-%c2%be-import","status":"publish","type":"product","link":"https:\/\/www.sucarn.es\/ca\/product\/filet-%c2%be-import\/","title":{"rendered":"FILET \u00be IMPORT"},"content":{"rendered":"","protected":false},"excerpt":{"rendered":"<h5><u>DESCRIPCI\u00d3 T\u00c8CNICA<\/u><\/h5>\n<p>Pe\u00e7a que es troba en la cara interna del llom baix.<br \/>\n\u00c9s allargada i amb un cap en la seva part posterior m\u00e9s ampla, una zona central i la punta (m\u00e9s estreta). No t\u00e9 os.<br \/>\n<strong>RA\u00c7A<\/strong>: Angus, Hereford, Sta. Gertrudis.<br \/>\n<strong>ORIGEN<\/strong>: Uruguai, Argentina, Brasil, etc.<br \/>\n<strong>TIPUS D&#8217;ENVASAT<\/strong>: Al buit 1\u00d71.<br \/>\n<strong>CADUCITAT<\/strong>: 120\u00a0dies des de producci\u00f3.<br \/>\n<strong>UNITAT MIN. COMANDA<\/strong>: 1 Caixa \u2013 15 a 20 kg, aproximadament.<br \/>\n<strong>TEMPERATURA<\/strong>: Conservar fresc: entre 0 \u00b0C i 2 \u00b0C. Congelat: a -18 \u00b0C<\/p>\n<h5><u>CARACTER\u00cdSTIQUES<\/u><\/h5>\n<p>\u00c9s la pe\u00e7a m\u00e9s apreciada del bov\u00ed.<br \/>\nEl filet est\u00e0 recobert per greix que ha de ser eliminat. Pot deixar-se o no el cord\u00f3 que \u00e9s la zona a trav\u00e9s de la qual s&#8217;adhereix al llom.<br \/>\nLa carn \u00e9s magra i sense greix. Considerada de categoria Extra.<\/p>\n<h5><u>UTILITATS<\/u><\/h5>\n<p>Ideal per fer a la graella, a la planxa o la paella. Tamb\u00e9 es pot usar per a rosbif, bistec-t\u00e0rtar i carpaccio. Sempre s&#8217;ha de guisar en coccions curtes.<\/p>\n","protected":false},"featured_media":2647,"template":"","meta":[],"product_brand":[],"product_cat":[176],"product_tag":[],"class_list":{"0":"post-2646","1":"product","2":"type-product","3":"status-publish","4":"has-post-thumbnail","6":"product_cat-bovina-anoll","7":"align-left","8":"box-shadow-0","9":"box-shadow-0-hover","10":"ast-product-gallery-layout-horizontal","11":"ast-product-gallery-with-no-image","12":"ast-product-tabs-layout-horizontal","14":"first","15":"instock","16":"taxable","17":"shipping-taxable","18":"product-type-simple"},"yoast_head":"<!-- This site is optimized with the Yoast SEO plugin v27.3 - https:\/\/yoast.com\/product\/yoast-seo-wordpress\/ -->\n<title>FILET \u00be IMPORT - Bienvenido<\/title>\n<meta name=\"robots\" content=\"index, follow, max-snippet:-1, max-image-preview:large, max-video-preview:-1\" \/>\n<link rel=\"canonical\" href=\"https:\/\/www.sucarn.es\/ca\/product\/solomillo-\u00be-import\/\" \/>\n<meta property=\"og:locale\" content=\"ca_ES\" \/>\n<meta property=\"og:type\" content=\"article\" \/>\n<meta property=\"og:title\" content=\"FILET \u00be IMPORT - Bienvenido\" \/>\n<meta property=\"og:description\" content=\"DESCRIPCI\u00d3 T\u00c8CNICA Pe\u00e7a que es troba en la cara interna del llom baix. \u00c9s allargada i amb un cap en la seva part posterior m\u00e9s ampla, una zona central i la punta (m\u00e9s estreta). No t\u00e9 os. RA\u00c7A: Angus, Hereford, Sta. Gertrudis. ORIGEN: Uruguai, Argentina, Brasil, etc. TIPUS D&#039;ENVASAT: Al buit 1\u00d71. CADUCITAT: 120\u00a0dies des de producci\u00f3. UNITAT MIN. COMANDA: 1 Caixa \u2013 15 a 20 kg, aproximadament. TEMPERATURA: Conservar fresc: entre 0 \u00b0C i 2 \u00b0C. Congelat: a -18 \u00b0C CARACTER\u00cdSTIQUES \u00c9s la pe\u00e7a m\u00e9s apreciada del bov\u00ed. El filet est\u00e0 recobert per greix que ha de ser eliminat. Pot deixar-se o no el cord\u00f3 que \u00e9s la zona a trav\u00e9s de la qual s&#039;adhereix al llom. La carn \u00e9s magra i sense greix. Considerada de categoria Extra. UTILITATS Ideal per fer a la graella, a la planxa o la paella. Tamb\u00e9 es pot usar per a rosbif, bistec-t\u00e0rtar i carpaccio. Sempre s&#039;ha de guisar en coccions curtes.\" \/>\n<meta property=\"og:url\" content=\"https:\/\/www.sucarn.es\/product\/solomillo-\u00be-import\/\" \/>\n<meta property=\"og:site_name\" content=\"Bienvenido\" \/>\n<meta property=\"article:modified_time\" content=\"2020-05-28T20:40:22+00:00\" \/>\n<meta property=\"og:image\" content=\"https:\/\/www.sucarn.es\/wp-content\/uploads\/2018\/08\/image026.jpg\" \/>\n\t<meta property=\"og:image:width\" content=\"672\" \/>\n\t<meta property=\"og:image:height\" content=\"436\" \/>\n\t<meta property=\"og:image:type\" content=\"image\/jpeg\" \/>\n<meta name=\"twitter:card\" content=\"summary_large_image\" \/>\n<script type=\"application\/ld+json\" class=\"yoast-schema-graph\">{\"@context\":\"https:\\\/\\\/schema.org\",\"@graph\":[{\"@type\":\"WebPage\",\"@id\":\"https:\\\/\\\/www.sucarn.es\\\/product\\\/solomillo-%c2%be-import\\\/\",\"url\":\"https:\\\/\\\/www.sucarn.es\\\/product\\\/solomillo-%c2%be-import\\\/\",\"name\":\"FILET \u00be IMPORT - Bienvenido\",\"isPartOf\":{\"@id\":\"https:\\\/\\\/www.sucarn.es\\\/#website\"},\"primaryImageOfPage\":{\"@id\":\"https:\\\/\\\/www.sucarn.es\\\/product\\\/solomillo-%c2%be-import\\\/#primaryimage\"},\"image\":{\"@id\":\"https:\\\/\\\/www.sucarn.es\\\/product\\\/solomillo-%c2%be-import\\\/#primaryimage\"},\"thumbnailUrl\":\"https:\\\/\\\/www.sucarn.es\\\/wp-content\\\/uploads\\\/2018\\\/08\\\/image026.jpg\",\"datePublished\":\"2018-08-12T09:44:59+00:00\",\"dateModified\":\"2020-05-28T20:40:22+00:00\",\"breadcrumb\":{\"@id\":\"https:\\\/\\\/www.sucarn.es\\\/product\\\/solomillo-%c2%be-import\\\/#breadcrumb\"},\"inLanguage\":\"ca\",\"potentialAction\":[{\"@type\":\"ReadAction\",\"target\":[\"https:\\\/\\\/www.sucarn.es\\\/product\\\/solomillo-%c2%be-import\\\/\"]}]},{\"@type\":\"ImageObject\",\"inLanguage\":\"ca\",\"@id\":\"https:\\\/\\\/www.sucarn.es\\\/product\\\/solomillo-%c2%be-import\\\/#primaryimage\",\"url\":\"https:\\\/\\\/www.sucarn.es\\\/wp-content\\\/uploads\\\/2018\\\/08\\\/image026.jpg\",\"contentUrl\":\"https:\\\/\\\/www.sucarn.es\\\/wp-content\\\/uploads\\\/2018\\\/08\\\/image026.jpg\",\"width\":672,\"height\":436},{\"@type\":\"BreadcrumbList\",\"@id\":\"https:\\\/\\\/www.sucarn.es\\\/product\\\/solomillo-%c2%be-import\\\/#breadcrumb\",\"itemListElement\":[{\"@type\":\"ListItem\",\"position\":1,\"name\":\"Home\",\"item\":\"https:\\\/\\\/www.sucarn.es\\\/ca\\\/\"},{\"@type\":\"ListItem\",\"position\":2,\"name\":\"Shop\",\"item\":\"https:\\\/\\\/www.sucarn.es\\\/?page_id=2354\"},{\"@type\":\"ListItem\",\"position\":3,\"name\":\"FILET \u00be IMPORT\"}]},{\"@type\":\"WebSite\",\"@id\":\"https:\\\/\\\/www.sucarn.es\\\/#website\",\"url\":\"https:\\\/\\\/www.sucarn.es\\\/\",\"name\":\"Sucarn\",\"description\":\"Sucarn\",\"publisher\":{\"@id\":\"https:\\\/\\\/www.sucarn.es\\\/#organization\"},\"potentialAction\":[{\"@type\":\"SearchAction\",\"target\":{\"@type\":\"EntryPoint\",\"urlTemplate\":\"https:\\\/\\\/www.sucarn.es\\\/?s={search_term_string}\"},\"query-input\":{\"@type\":\"PropertyValueSpecification\",\"valueRequired\":true,\"valueName\":\"search_term_string\"}}],\"inLanguage\":\"ca\"},{\"@type\":\"Organization\",\"@id\":\"https:\\\/\\\/www.sucarn.es\\\/#organization\",\"name\":\"Sucarn\",\"url\":\"https:\\\/\\\/www.sucarn.es\\\/\",\"logo\":{\"@type\":\"ImageObject\",\"inLanguage\":\"ca\",\"@id\":\"https:\\\/\\\/www.sucarn.es\\\/#\\\/schema\\\/logo\\\/image\\\/\",\"url\":\"https:\\\/\\\/www.sucarn.es\\\/wp-content\\\/uploads\\\/2018\\\/03\\\/LOGO_SUCARN.png\",\"contentUrl\":\"https:\\\/\\\/www.sucarn.es\\\/wp-content\\\/uploads\\\/2018\\\/03\\\/LOGO_SUCARN.png\",\"width\":300,\"height\":93,\"caption\":\"Sucarn\"},\"image\":{\"@id\":\"https:\\\/\\\/www.sucarn.es\\\/#\\\/schema\\\/logo\\\/image\\\/\"}}]}<\/script>\n<!-- \/ Yoast SEO plugin. -->","yoast_head_json":{"title":"FILET \u00be IMPORT - Bienvenido","robots":{"index":"index","follow":"follow","max-snippet":"max-snippet:-1","max-image-preview":"max-image-preview:large","max-video-preview":"max-video-preview:-1"},"canonical":"https:\/\/www.sucarn.es\/ca\/product\/solomillo-\u00be-import\/","og_locale":"ca_ES","og_type":"article","og_title":"FILET \u00be IMPORT - Bienvenido","og_description":"DESCRIPCI\u00d3 T\u00c8CNICA Pe\u00e7a que es troba en la cara interna del llom baix. \u00c9s allargada i amb un cap en la seva part posterior m\u00e9s ampla, una zona central i la punta (m\u00e9s estreta). No t\u00e9 os. RA\u00c7A: Angus, Hereford, Sta. Gertrudis. ORIGEN: Uruguai, Argentina, Brasil, etc. TIPUS D'ENVASAT: Al buit 1\u00d71. CADUCITAT: 120\u00a0dies des de producci\u00f3. UNITAT MIN. COMANDA: 1 Caixa \u2013 15 a 20 kg, aproximadament. TEMPERATURA: Conservar fresc: entre 0 \u00b0C i 2 \u00b0C. Congelat: a -18 \u00b0C CARACTER\u00cdSTIQUES \u00c9s la pe\u00e7a m\u00e9s apreciada del bov\u00ed. El filet est\u00e0 recobert per greix que ha de ser eliminat. Pot deixar-se o no el cord\u00f3 que \u00e9s la zona a trav\u00e9s de la qual s'adhereix al llom. La carn \u00e9s magra i sense greix. Considerada de categoria Extra. UTILITATS Ideal per fer a la graella, a la planxa o la paella. Tamb\u00e9 es pot usar per a rosbif, bistec-t\u00e0rtar i carpaccio. Sempre s'ha de guisar en coccions curtes.","og_url":"https:\/\/www.sucarn.es\/product\/solomillo-\u00be-import\/","og_site_name":"Bienvenido","article_modified_time":"2020-05-28T20:40:22+00:00","og_image":[{"width":672,"height":436,"url":"https:\/\/www.sucarn.es\/wp-content\/uploads\/2018\/08\/image026.jpg","type":"image\/jpeg"}],"twitter_card":"summary_large_image","schema":{"@context":"https:\/\/schema.org","@graph":[{"@type":"WebPage","@id":"https:\/\/www.sucarn.es\/product\/solomillo-%c2%be-import\/","url":"https:\/\/www.sucarn.es\/product\/solomillo-%c2%be-import\/","name":"FILET \u00be IMPORT - Bienvenido","isPartOf":{"@id":"https:\/\/www.sucarn.es\/#website"},"primaryImageOfPage":{"@id":"https:\/\/www.sucarn.es\/product\/solomillo-%c2%be-import\/#primaryimage"},"image":{"@id":"https:\/\/www.sucarn.es\/product\/solomillo-%c2%be-import\/#primaryimage"},"thumbnailUrl":"https:\/\/www.sucarn.es\/wp-content\/uploads\/2018\/08\/image026.jpg","datePublished":"2018-08-12T09:44:59+00:00","dateModified":"2020-05-28T20:40:22+00:00","breadcrumb":{"@id":"https:\/\/www.sucarn.es\/product\/solomillo-%c2%be-import\/#breadcrumb"},"inLanguage":"ca","potentialAction":[{"@type":"ReadAction","target":["https:\/\/www.sucarn.es\/product\/solomillo-%c2%be-import\/"]}]},{"@type":"ImageObject","inLanguage":"ca","@id":"https:\/\/www.sucarn.es\/product\/solomillo-%c2%be-import\/#primaryimage","url":"https:\/\/www.sucarn.es\/wp-content\/uploads\/2018\/08\/image026.jpg","contentUrl":"https:\/\/www.sucarn.es\/wp-content\/uploads\/2018\/08\/image026.jpg","width":672,"height":436},{"@type":"BreadcrumbList","@id":"https:\/\/www.sucarn.es\/product\/solomillo-%c2%be-import\/#breadcrumb","itemListElement":[{"@type":"ListItem","position":1,"name":"Home","item":"https:\/\/www.sucarn.es\/ca\/"},{"@type":"ListItem","position":2,"name":"Shop","item":"https:\/\/www.sucarn.es\/?page_id=2354"},{"@type":"ListItem","position":3,"name":"FILET \u00be IMPORT"}]},{"@type":"WebSite","@id":"https:\/\/www.sucarn.es\/#website","url":"https:\/\/www.sucarn.es\/","name":"Sucarn","description":"Sucarn","publisher":{"@id":"https:\/\/www.sucarn.es\/#organization"},"potentialAction":[{"@type":"SearchAction","target":{"@type":"EntryPoint","urlTemplate":"https:\/\/www.sucarn.es\/?s={search_term_string}"},"query-input":{"@type":"PropertyValueSpecification","valueRequired":true,"valueName":"search_term_string"}}],"inLanguage":"ca"},{"@type":"Organization","@id":"https:\/\/www.sucarn.es\/#organization","name":"Sucarn","url":"https:\/\/www.sucarn.es\/","logo":{"@type":"ImageObject","inLanguage":"ca","@id":"https:\/\/www.sucarn.es\/#\/schema\/logo\/image\/","url":"https:\/\/www.sucarn.es\/wp-content\/uploads\/2018\/03\/LOGO_SUCARN.png","contentUrl":"https:\/\/www.sucarn.es\/wp-content\/uploads\/2018\/03\/LOGO_SUCARN.png","width":300,"height":93,"caption":"Sucarn"},"image":{"@id":"https:\/\/www.sucarn.es\/#\/schema\/logo\/image\/"}}]}},"_links":{"self":[{"href":"https:\/\/www.sucarn.es\/ca\/wp-json\/wp\/v2\/product\/2646","targetHints":{"allow":["GET"]}}],"collection":[{"href":"https:\/\/www.sucarn.es\/ca\/wp-json\/wp\/v2\/product"}],"about":[{"href":"https:\/\/www.sucarn.es\/ca\/wp-json\/wp\/v2\/types\/product"}],"wp:featuredmedia":[{"embeddable":true,"href":"https:\/\/www.sucarn.es\/ca\/wp-json\/wp\/v2\/media\/2647"}],"wp:attachment":[{"href":"https:\/\/www.sucarn.es\/ca\/wp-json\/wp\/v2\/media?parent=2646"}],"wp:term":[{"taxonomy":"product_brand","embeddable":true,"href":"https:\/\/www.sucarn.es\/ca\/wp-json\/wp\/v2\/product_brand?post=2646"},{"taxonomy":"product_cat","embeddable":true,"href":"https:\/\/www.sucarn.es\/ca\/wp-json\/wp\/v2\/product_cat?post=2646"},{"taxonomy":"product_tag","embeddable":true,"href":"https:\/\/www.sucarn.es\/ca\/wp-json\/wp\/v2\/product_tag?post=2646"}],"curies":[{"name":"wp","href":"https:\/\/api.w.org\/{rel}","templated":true}]}}