{"id":2650,"date":"2018-08-12T09:36:29","date_gmt":"2018-08-12T09:36:29","guid":{"rendered":"https:\/\/www.sucarn.es\/product\/culati-o-picanya-wagyu-2\/"},"modified":"2020-05-28T20:40:40","modified_gmt":"2020-05-28T20:40:40","slug":"culati-o-picanya-wagyu","status":"publish","type":"product","link":"https:\/\/www.sucarn.es\/ca\/product\/culati-o-picanya-wagyu\/","title":{"rendered":"CULAT\u00cd\u00a0o PICANYA WAGYU"},"content":{"rendered":"","protected":false},"excerpt":{"rendered":"<h5><u>DESCRIPCI\u00d3 T\u00c8CNICA<\/u><\/h5>\n<p>Aquesta pe\u00e7a se situa a la part superior de la culata de l&#8217;animal. Aquesta pe\u00e7a es reconeix per la seva forma triangular.<br \/>\n<strong>RA\u00c7A<\/strong>: Wagyu.<br \/>\n<strong>ORIGEN<\/strong>: Austr\u00e0lia.<br \/>\n<strong>TIPUS D&#8217;ENVASAT<\/strong>: Al buit\u00a01\u00d71.<br \/>\n<strong>CADUCITAT<\/strong>: 120\u00a0dies des de producci\u00f3.<br \/>\n<strong>UNITAT MIN. COMANDA<\/strong>: 1 Caixa, de 8 Peces\u00a0 i 13 kg, aproximadament.<br \/>\n<strong>TEMPERATURA<\/strong>: Conservar fresc: entre 0 \u00b0C i 2 \u00b0C. Congelat: a -18 \u00b0C.<\/p>\n<h5><u>CARACTER\u00cdSTIQUES<\/u><\/h5>\n<p>La carn del culot\u00ed o picanya \u00e9s tendra i sucosa, i no t\u00e9 teixit conjuntiu. Considerada de categoria 1\u00aaA. En el cas del Wagyu, la carn est\u00e0 molt infiltrada.<br \/>\nPel que fa a la infiltraci\u00f3, el nostre producte \u00e9s de classificaci\u00f3 3-5 (sent 5 la m\u00e0xima qualificaci\u00f3).<\/p>\n<h5><u>UTILITATS<\/u><\/h5>\n<p>Tallada en filets va b\u00e9 per a arrebossats i per fer a la planxa.<br \/>\nTamb\u00e9 \u00e9s ideal per a fer &#8220;rump\u00a0steak&#8221; i altres filets enrotllats i farciments. Com a pe\u00e7a sencera \u00e9s ideal per a fer rostits.<\/p>\n","protected":false},"featured_media":2651,"template":"","meta":[],"product_brand":[],"product_cat":[176],"product_tag":[],"class_list":{"0":"post-2650","1":"product","2":"type-product","3":"status-publish","4":"has-post-thumbnail","6":"product_cat-bovina-anoll","7":"align-left","8":"box-shadow-0","9":"box-shadow-0-hover","10":"ast-product-gallery-layout-horizontal","11":"ast-product-gallery-with-no-image","12":"ast-product-tabs-layout-horizontal","14":"first","15":"instock","16":"taxable","17":"shipping-taxable","18":"product-type-simple"},"yoast_head":"<!-- This site is optimized with the Yoast SEO plugin v27.3 - https:\/\/yoast.com\/product\/yoast-seo-wordpress\/ -->\n<title>CULAT\u00cd\u00a0o PICANYA WAGYU - Bienvenido<\/title>\n<meta name=\"robots\" content=\"index, follow, max-snippet:-1, max-image-preview:large, max-video-preview:-1\" \/>\n<link rel=\"canonical\" href=\"https:\/\/www.sucarn.es\/ca\/product\/picana-wagyu\/\" \/>\n<meta property=\"og:locale\" content=\"ca_ES\" \/>\n<meta property=\"og:type\" content=\"article\" \/>\n<meta property=\"og:title\" content=\"CULAT\u00cd\u00a0o PICANYA WAGYU - Bienvenido\" \/>\n<meta property=\"og:description\" content=\"DESCRIPCI\u00d3 T\u00c8CNICA Aquesta pe\u00e7a se situa a la part superior de la culata de l&#039;animal. Aquesta pe\u00e7a es reconeix per la seva forma triangular. RA\u00c7A: Wagyu. ORIGEN: Austr\u00e0lia. TIPUS D&#039;ENVASAT: Al buit\u00a01\u00d71. CADUCITAT: 120\u00a0dies des de producci\u00f3. UNITAT MIN. COMANDA: 1 Caixa, de 8 Peces\u00a0 i 13 kg, aproximadament. TEMPERATURA: Conservar fresc: entre 0 \u00b0C i 2 \u00b0C. Congelat: a -18 \u00b0C. CARACTER\u00cdSTIQUES La carn del culot\u00ed o picanya \u00e9s tendra i sucosa, i no t\u00e9 teixit conjuntiu. Considerada de categoria 1\u00aaA. En el cas del Wagyu, la carn est\u00e0 molt infiltrada. Pel que fa a la infiltraci\u00f3, el nostre producte \u00e9s de classificaci\u00f3 3-5 (sent 5 la m\u00e0xima qualificaci\u00f3). UTILITATS Tallada en filets va b\u00e9 per a arrebossats i per fer a la planxa. Tamb\u00e9 \u00e9s ideal per a fer &quot;rump\u00a0steak&quot; i altres filets enrotllats i farciments. Com a pe\u00e7a sencera \u00e9s ideal per a fer rostits.\" \/>\n<meta property=\"og:url\" content=\"https:\/\/www.sucarn.es\/product\/picana-wagyu\/\" \/>\n<meta property=\"og:site_name\" content=\"Bienvenido\" \/>\n<meta property=\"article:modified_time\" content=\"2020-05-28T20:40:40+00:00\" \/>\n<meta property=\"og:image\" content=\"https:\/\/www.sucarn.es\/wp-content\/uploads\/2018\/08\/image022.jpg\" \/>\n\t<meta property=\"og:image:width\" content=\"521\" \/>\n\t<meta property=\"og:image:height\" content=\"465\" \/>\n\t<meta property=\"og:image:type\" content=\"image\/jpeg\" \/>\n<meta name=\"twitter:card\" content=\"summary_large_image\" \/>\n<script type=\"application\/ld+json\" class=\"yoast-schema-graph\">{\"@context\":\"https:\\\/\\\/schema.org\",\"@graph\":[{\"@type\":\"WebPage\",\"@id\":\"https:\\\/\\\/www.sucarn.es\\\/product\\\/picana-wagyu\\\/\",\"url\":\"https:\\\/\\\/www.sucarn.es\\\/product\\\/picana-wagyu\\\/\",\"name\":\"CULAT\u00cd\u00a0o PICANYA WAGYU - Bienvenido\",\"isPartOf\":{\"@id\":\"https:\\\/\\\/www.sucarn.es\\\/#website\"},\"primaryImageOfPage\":{\"@id\":\"https:\\\/\\\/www.sucarn.es\\\/product\\\/picana-wagyu\\\/#primaryimage\"},\"image\":{\"@id\":\"https:\\\/\\\/www.sucarn.es\\\/product\\\/picana-wagyu\\\/#primaryimage\"},\"thumbnailUrl\":\"https:\\\/\\\/www.sucarn.es\\\/wp-content\\\/uploads\\\/2018\\\/08\\\/image022.jpg\",\"datePublished\":\"2018-08-12T09:36:29+00:00\",\"dateModified\":\"2020-05-28T20:40:40+00:00\",\"breadcrumb\":{\"@id\":\"https:\\\/\\\/www.sucarn.es\\\/product\\\/picana-wagyu\\\/#breadcrumb\"},\"inLanguage\":\"ca\",\"potentialAction\":[{\"@type\":\"ReadAction\",\"target\":[\"https:\\\/\\\/www.sucarn.es\\\/product\\\/picana-wagyu\\\/\"]}]},{\"@type\":\"ImageObject\",\"inLanguage\":\"ca\",\"@id\":\"https:\\\/\\\/www.sucarn.es\\\/product\\\/picana-wagyu\\\/#primaryimage\",\"url\":\"https:\\\/\\\/www.sucarn.es\\\/wp-content\\\/uploads\\\/2018\\\/08\\\/image022.jpg\",\"contentUrl\":\"https:\\\/\\\/www.sucarn.es\\\/wp-content\\\/uploads\\\/2018\\\/08\\\/image022.jpg\",\"width\":521,\"height\":465},{\"@type\":\"BreadcrumbList\",\"@id\":\"https:\\\/\\\/www.sucarn.es\\\/product\\\/picana-wagyu\\\/#breadcrumb\",\"itemListElement\":[{\"@type\":\"ListItem\",\"position\":1,\"name\":\"Home\",\"item\":\"https:\\\/\\\/www.sucarn.es\\\/ca\\\/\"},{\"@type\":\"ListItem\",\"position\":2,\"name\":\"Shop\",\"item\":\"https:\\\/\\\/www.sucarn.es\\\/?page_id=2354\"},{\"@type\":\"ListItem\",\"position\":3,\"name\":\"CULAT\u00cd\u00a0o PICANYA WAGYU\"}]},{\"@type\":\"WebSite\",\"@id\":\"https:\\\/\\\/www.sucarn.es\\\/#website\",\"url\":\"https:\\\/\\\/www.sucarn.es\\\/\",\"name\":\"Sucarn\",\"description\":\"Sucarn\",\"publisher\":{\"@id\":\"https:\\\/\\\/www.sucarn.es\\\/#organization\"},\"potentialAction\":[{\"@type\":\"SearchAction\",\"target\":{\"@type\":\"EntryPoint\",\"urlTemplate\":\"https:\\\/\\\/www.sucarn.es\\\/?s={search_term_string}\"},\"query-input\":{\"@type\":\"PropertyValueSpecification\",\"valueRequired\":true,\"valueName\":\"search_term_string\"}}],\"inLanguage\":\"ca\"},{\"@type\":\"Organization\",\"@id\":\"https:\\\/\\\/www.sucarn.es\\\/#organization\",\"name\":\"Sucarn\",\"url\":\"https:\\\/\\\/www.sucarn.es\\\/\",\"logo\":{\"@type\":\"ImageObject\",\"inLanguage\":\"ca\",\"@id\":\"https:\\\/\\\/www.sucarn.es\\\/#\\\/schema\\\/logo\\\/image\\\/\",\"url\":\"https:\\\/\\\/www.sucarn.es\\\/wp-content\\\/uploads\\\/2018\\\/03\\\/LOGO_SUCARN.png\",\"contentUrl\":\"https:\\\/\\\/www.sucarn.es\\\/wp-content\\\/uploads\\\/2018\\\/03\\\/LOGO_SUCARN.png\",\"width\":300,\"height\":93,\"caption\":\"Sucarn\"},\"image\":{\"@id\":\"https:\\\/\\\/www.sucarn.es\\\/#\\\/schema\\\/logo\\\/image\\\/\"}}]}<\/script>\n<!-- \/ Yoast SEO plugin. -->","yoast_head_json":{"title":"CULAT\u00cd\u00a0o PICANYA WAGYU - Bienvenido","robots":{"index":"index","follow":"follow","max-snippet":"max-snippet:-1","max-image-preview":"max-image-preview:large","max-video-preview":"max-video-preview:-1"},"canonical":"https:\/\/www.sucarn.es\/ca\/product\/picana-wagyu\/","og_locale":"ca_ES","og_type":"article","og_title":"CULAT\u00cd\u00a0o PICANYA WAGYU - Bienvenido","og_description":"DESCRIPCI\u00d3 T\u00c8CNICA Aquesta pe\u00e7a se situa a la part superior de la culata de l'animal. Aquesta pe\u00e7a es reconeix per la seva forma triangular. RA\u00c7A: Wagyu. ORIGEN: Austr\u00e0lia. TIPUS D'ENVASAT: Al buit\u00a01\u00d71. CADUCITAT: 120\u00a0dies des de producci\u00f3. UNITAT MIN. COMANDA: 1 Caixa, de 8 Peces\u00a0 i 13 kg, aproximadament. TEMPERATURA: Conservar fresc: entre 0 \u00b0C i 2 \u00b0C. Congelat: a -18 \u00b0C. CARACTER\u00cdSTIQUES La carn del culot\u00ed o picanya \u00e9s tendra i sucosa, i no t\u00e9 teixit conjuntiu. Considerada de categoria 1\u00aaA. En el cas del Wagyu, la carn est\u00e0 molt infiltrada. Pel que fa a la infiltraci\u00f3, el nostre producte \u00e9s de classificaci\u00f3 3-5 (sent 5 la m\u00e0xima qualificaci\u00f3). UTILITATS Tallada en filets va b\u00e9 per a arrebossats i per fer a la planxa. Tamb\u00e9 \u00e9s ideal per a fer \"rump\u00a0steak\" i altres filets enrotllats i farciments. Com a pe\u00e7a sencera \u00e9s ideal per a fer rostits.","og_url":"https:\/\/www.sucarn.es\/product\/picana-wagyu\/","og_site_name":"Bienvenido","article_modified_time":"2020-05-28T20:40:40+00:00","og_image":[{"width":521,"height":465,"url":"https:\/\/www.sucarn.es\/wp-content\/uploads\/2018\/08\/image022.jpg","type":"image\/jpeg"}],"twitter_card":"summary_large_image","schema":{"@context":"https:\/\/schema.org","@graph":[{"@type":"WebPage","@id":"https:\/\/www.sucarn.es\/product\/picana-wagyu\/","url":"https:\/\/www.sucarn.es\/product\/picana-wagyu\/","name":"CULAT\u00cd\u00a0o PICANYA WAGYU - Bienvenido","isPartOf":{"@id":"https:\/\/www.sucarn.es\/#website"},"primaryImageOfPage":{"@id":"https:\/\/www.sucarn.es\/product\/picana-wagyu\/#primaryimage"},"image":{"@id":"https:\/\/www.sucarn.es\/product\/picana-wagyu\/#primaryimage"},"thumbnailUrl":"https:\/\/www.sucarn.es\/wp-content\/uploads\/2018\/08\/image022.jpg","datePublished":"2018-08-12T09:36:29+00:00","dateModified":"2020-05-28T20:40:40+00:00","breadcrumb":{"@id":"https:\/\/www.sucarn.es\/product\/picana-wagyu\/#breadcrumb"},"inLanguage":"ca","potentialAction":[{"@type":"ReadAction","target":["https:\/\/www.sucarn.es\/product\/picana-wagyu\/"]}]},{"@type":"ImageObject","inLanguage":"ca","@id":"https:\/\/www.sucarn.es\/product\/picana-wagyu\/#primaryimage","url":"https:\/\/www.sucarn.es\/wp-content\/uploads\/2018\/08\/image022.jpg","contentUrl":"https:\/\/www.sucarn.es\/wp-content\/uploads\/2018\/08\/image022.jpg","width":521,"height":465},{"@type":"BreadcrumbList","@id":"https:\/\/www.sucarn.es\/product\/picana-wagyu\/#breadcrumb","itemListElement":[{"@type":"ListItem","position":1,"name":"Home","item":"https:\/\/www.sucarn.es\/ca\/"},{"@type":"ListItem","position":2,"name":"Shop","item":"https:\/\/www.sucarn.es\/?page_id=2354"},{"@type":"ListItem","position":3,"name":"CULAT\u00cd\u00a0o PICANYA WAGYU"}]},{"@type":"WebSite","@id":"https:\/\/www.sucarn.es\/#website","url":"https:\/\/www.sucarn.es\/","name":"Sucarn","description":"Sucarn","publisher":{"@id":"https:\/\/www.sucarn.es\/#organization"},"potentialAction":[{"@type":"SearchAction","target":{"@type":"EntryPoint","urlTemplate":"https:\/\/www.sucarn.es\/?s={search_term_string}"},"query-input":{"@type":"PropertyValueSpecification","valueRequired":true,"valueName":"search_term_string"}}],"inLanguage":"ca"},{"@type":"Organization","@id":"https:\/\/www.sucarn.es\/#organization","name":"Sucarn","url":"https:\/\/www.sucarn.es\/","logo":{"@type":"ImageObject","inLanguage":"ca","@id":"https:\/\/www.sucarn.es\/#\/schema\/logo\/image\/","url":"https:\/\/www.sucarn.es\/wp-content\/uploads\/2018\/03\/LOGO_SUCARN.png","contentUrl":"https:\/\/www.sucarn.es\/wp-content\/uploads\/2018\/03\/LOGO_SUCARN.png","width":300,"height":93,"caption":"Sucarn"},"image":{"@id":"https:\/\/www.sucarn.es\/#\/schema\/logo\/image\/"}}]}},"_links":{"self":[{"href":"https:\/\/www.sucarn.es\/ca\/wp-json\/wp\/v2\/product\/2650","targetHints":{"allow":["GET"]}}],"collection":[{"href":"https:\/\/www.sucarn.es\/ca\/wp-json\/wp\/v2\/product"}],"about":[{"href":"https:\/\/www.sucarn.es\/ca\/wp-json\/wp\/v2\/types\/product"}],"wp:featuredmedia":[{"embeddable":true,"href":"https:\/\/www.sucarn.es\/ca\/wp-json\/wp\/v2\/media\/2651"}],"wp:attachment":[{"href":"https:\/\/www.sucarn.es\/ca\/wp-json\/wp\/v2\/media?parent=2650"}],"wp:term":[{"taxonomy":"product_brand","embeddable":true,"href":"https:\/\/www.sucarn.es\/ca\/wp-json\/wp\/v2\/product_brand?post=2650"},{"taxonomy":"product_cat","embeddable":true,"href":"https:\/\/www.sucarn.es\/ca\/wp-json\/wp\/v2\/product_cat?post=2650"},{"taxonomy":"product_tag","embeddable":true,"href":"https:\/\/www.sucarn.es\/ca\/wp-json\/wp\/v2\/product_tag?post=2650"}],"curies":[{"name":"wp","href":"https:\/\/api.w.org\/{rel}","templated":true}]}}