{"id":2652,"date":"2018-08-12T09:33:45","date_gmt":"2018-08-12T09:33:45","guid":{"rendered":"https:\/\/www.sucarn.es\/product\/llom-alt-s-o-wagyu-4\/"},"modified":"2020-05-28T20:40:48","modified_gmt":"2020-05-28T20:40:48","slug":"llom-alt-s-o-wagyu","status":"publish","type":"product","link":"https:\/\/www.sucarn.es\/ca\/product\/llom-alt-s-o-wagyu\/","title":{"rendered":"LLOM ALT S\/O. WAGYU"},"content":{"rendered":"","protected":false},"excerpt":{"rendered":"<h5><u>DESCRIPCI\u00d3 T\u00c8CNICA<\/u><\/h5>\n<p>Pe\u00e7a que s&#8217;extreu de la part alta del llom de l&#8217;animal. S&#8217;obt\u00e9 en desossar el llom des de la 5a fins\u00a0 a la 12a v\u00e8rtebra dorsal, retirant els cossos i ap\u00f2fisis vertebrals, aix\u00ed com les costelles (varetes).<br \/>\n<strong>RA\u00c7A<\/strong>: Wagyu.<br \/>\n<strong>ORIGEN<\/strong>: Austr\u00e0lia.<br \/>\n<strong>TIPUS D&#8217;ENVASAT<\/strong>: Al buit\u00a0\u00a01\u00d71 (Cada pe\u00e7a tallada en dues).<br \/>\n<strong>CADUCITAT<\/strong>: 120\u00a0dies des de producci\u00f3.<br \/>\n<strong>UNITAT MIN. COMANDA<\/strong>: 1 Caixa \u2013 3 Peces (6 trossos). 15 kg\u00a0aproximadament.<br \/>\n<strong>TEMPERATURA<\/strong>: Conservar fresc: entre 0 \u00b0C i 2 \u00b0C. Congelat: a -18 \u00b0C.<\/p>\n<h5><u>CARACTER\u00cdSTIQUES<\/u><\/h5>\n<p>La carn del llom alt \u00e9s sucosa i tendra. El\u00a0Wagyu\u00a0\u00e9s caracter\u00edstic per la infiltraci\u00f3 de greix de la seva carn. El llom alt \u00e9s una de les peces on millor s&#8217;aprecia el grau d&#8217;infiltraci\u00f3. El producte que servim habitualment \u00e9s de classificaci\u00f3 3-5. Categoria Extra.<\/p>\n<h5><u>UTILITATS<\/u><\/h5>\n<p>Ideal per a fer a la planxa o la graella en coccions r\u00e0pides i simples que ens permetin degustar aquest tipus de carn sense m\u00e9s.<\/p>\n","protected":false},"featured_media":2653,"template":"","meta":[],"product_brand":[],"product_cat":[176],"product_tag":[],"class_list":{"0":"post-2652","1":"product","2":"type-product","3":"status-publish","4":"has-post-thumbnail","6":"product_cat-bovina-anoll","7":"align-left","8":"box-shadow-0","9":"box-shadow-0-hover","10":"ast-product-gallery-layout-horizontal","11":"ast-product-gallery-with-no-image","12":"ast-product-tabs-layout-horizontal","14":"first","15":"instock","16":"taxable","17":"shipping-taxable","18":"product-type-simple"},"yoast_head":"<!-- This site is optimized with the Yoast SEO plugin v27.2 - https:\/\/yoast.com\/product\/yoast-seo-wordpress\/ -->\n<title>LLOM ALT S\/O. WAGYU - Bienvenido<\/title>\n<meta name=\"robots\" content=\"index, follow, max-snippet:-1, max-image-preview:large, max-video-preview:-1\" \/>\n<link rel=\"canonical\" href=\"https:\/\/www.sucarn.es\/ca\/product\/lomo-alto-s-h-wagyu\/\" \/>\n<meta property=\"og:locale\" content=\"ca_ES\" \/>\n<meta property=\"og:type\" content=\"article\" \/>\n<meta property=\"og:title\" content=\"LLOM ALT S\/O. WAGYU - Bienvenido\" \/>\n<meta property=\"og:description\" content=\"DESCRIPCI\u00d3 T\u00c8CNICA Pe\u00e7a que s&#039;extreu de la part alta del llom de l&#039;animal. S&#039;obt\u00e9 en desossar el llom des de la 5a fins\u00a0 a la 12a v\u00e8rtebra dorsal, retirant els cossos i ap\u00f2fisis vertebrals, aix\u00ed com les costelles (varetes). RA\u00c7A: Wagyu. ORIGEN: Austr\u00e0lia. TIPUS D&#039;ENVASAT: Al buit\u00a0\u00a01\u00d71 (Cada pe\u00e7a tallada en dues). CADUCITAT: 120\u00a0dies des de producci\u00f3. UNITAT MIN. COMANDA: 1 Caixa \u2013 3 Peces (6 trossos). 15 kg\u00a0aproximadament. TEMPERATURA: Conservar fresc: entre 0 \u00b0C i 2 \u00b0C. Congelat: a -18 \u00b0C. CARACTER\u00cdSTIQUES La carn del llom alt \u00e9s sucosa i tendra. El\u00a0Wagyu\u00a0\u00e9s caracter\u00edstic per la infiltraci\u00f3 de greix de la seva carn. El llom alt \u00e9s una de les peces on millor s&#039;aprecia el grau d&#039;infiltraci\u00f3. El producte que servim habitualment \u00e9s de classificaci\u00f3 3-5. Categoria Extra. UTILITATS Ideal per a fer a la planxa o la graella en coccions r\u00e0pides i simples que ens permetin degustar aquest tipus de carn sense m\u00e9s.\" \/>\n<meta property=\"og:url\" content=\"https:\/\/www.sucarn.es\/product\/lomo-alto-s-h-wagyu\/\" \/>\n<meta property=\"og:site_name\" content=\"Bienvenido\" \/>\n<meta property=\"article:modified_time\" content=\"2020-05-28T20:40:48+00:00\" \/>\n<meta property=\"og:image\" content=\"https:\/\/www.sucarn.es\/wp-content\/uploads\/2018\/08\/image021.jpg\" \/>\n\t<meta property=\"og:image:width\" content=\"565\" \/>\n\t<meta property=\"og:image:height\" content=\"436\" \/>\n\t<meta property=\"og:image:type\" content=\"image\/jpeg\" \/>\n<meta name=\"twitter:card\" content=\"summary_large_image\" \/>\n<script type=\"application\/ld+json\" class=\"yoast-schema-graph\">{\"@context\":\"https:\/\/schema.org\",\"@graph\":[{\"@type\":\"WebPage\",\"@id\":\"https:\/\/www.sucarn.es\/product\/lomo-alto-s-h-wagyu\/\",\"url\":\"https:\/\/www.sucarn.es\/product\/lomo-alto-s-h-wagyu\/\",\"name\":\"LLOM ALT S\/O. WAGYU - Bienvenido\",\"isPartOf\":{\"@id\":\"https:\/\/www.sucarn.es\/#website\"},\"primaryImageOfPage\":{\"@id\":\"https:\/\/www.sucarn.es\/product\/lomo-alto-s-h-wagyu\/#primaryimage\"},\"image\":{\"@id\":\"https:\/\/www.sucarn.es\/product\/lomo-alto-s-h-wagyu\/#primaryimage\"},\"thumbnailUrl\":\"https:\/\/www.sucarn.es\/wp-content\/uploads\/2018\/08\/image021.jpg\",\"datePublished\":\"2018-08-12T09:33:45+00:00\",\"dateModified\":\"2020-05-28T20:40:48+00:00\",\"breadcrumb\":{\"@id\":\"https:\/\/www.sucarn.es\/product\/lomo-alto-s-h-wagyu\/#breadcrumb\"},\"inLanguage\":\"ca\",\"potentialAction\":[{\"@type\":\"ReadAction\",\"target\":[\"https:\/\/www.sucarn.es\/product\/lomo-alto-s-h-wagyu\/\"]}]},{\"@type\":\"ImageObject\",\"inLanguage\":\"ca\",\"@id\":\"https:\/\/www.sucarn.es\/product\/lomo-alto-s-h-wagyu\/#primaryimage\",\"url\":\"https:\/\/www.sucarn.es\/wp-content\/uploads\/2018\/08\/image021.jpg\",\"contentUrl\":\"https:\/\/www.sucarn.es\/wp-content\/uploads\/2018\/08\/image021.jpg\",\"width\":565,\"height\":436},{\"@type\":\"BreadcrumbList\",\"@id\":\"https:\/\/www.sucarn.es\/product\/lomo-alto-s-h-wagyu\/#breadcrumb\",\"itemListElement\":[{\"@type\":\"ListItem\",\"position\":1,\"name\":\"Home\",\"item\":\"https:\/\/www.sucarn.es\/ca\/\"},{\"@type\":\"ListItem\",\"position\":2,\"name\":\"Shop\",\"item\":\"https:\/\/www.sucarn.es\/?page_id=2354\"},{\"@type\":\"ListItem\",\"position\":3,\"name\":\"LLOM ALT S\/O. WAGYU\"}]},{\"@type\":\"WebSite\",\"@id\":\"https:\/\/www.sucarn.es\/#website\",\"url\":\"https:\/\/www.sucarn.es\/\",\"name\":\"Sucarn\",\"description\":\"Sucarn\",\"publisher\":{\"@id\":\"https:\/\/www.sucarn.es\/#organization\"},\"potentialAction\":[{\"@type\":\"SearchAction\",\"target\":{\"@type\":\"EntryPoint\",\"urlTemplate\":\"https:\/\/www.sucarn.es\/?s={search_term_string}\"},\"query-input\":{\"@type\":\"PropertyValueSpecification\",\"valueRequired\":true,\"valueName\":\"search_term_string\"}}],\"inLanguage\":\"ca\"},{\"@type\":\"Organization\",\"@id\":\"https:\/\/www.sucarn.es\/#organization\",\"name\":\"Sucarn\",\"url\":\"https:\/\/www.sucarn.es\/\",\"logo\":{\"@type\":\"ImageObject\",\"inLanguage\":\"ca\",\"@id\":\"https:\/\/www.sucarn.es\/#\/schema\/logo\/image\/\",\"url\":\"https:\/\/www.sucarn.es\/wp-content\/uploads\/2018\/03\/LOGO_SUCARN.png\",\"contentUrl\":\"https:\/\/www.sucarn.es\/wp-content\/uploads\/2018\/03\/LOGO_SUCARN.png\",\"width\":300,\"height\":93,\"caption\":\"Sucarn\"},\"image\":{\"@id\":\"https:\/\/www.sucarn.es\/#\/schema\/logo\/image\/\"}}]}<\/script>\n<!-- \/ Yoast SEO plugin. -->","yoast_head_json":{"title":"LLOM ALT S\/O. WAGYU - Bienvenido","robots":{"index":"index","follow":"follow","max-snippet":"max-snippet:-1","max-image-preview":"max-image-preview:large","max-video-preview":"max-video-preview:-1"},"canonical":"https:\/\/www.sucarn.es\/ca\/product\/lomo-alto-s-h-wagyu\/","og_locale":"ca_ES","og_type":"article","og_title":"LLOM ALT S\/O. WAGYU - Bienvenido","og_description":"DESCRIPCI\u00d3 T\u00c8CNICA Pe\u00e7a que s'extreu de la part alta del llom de l'animal. S'obt\u00e9 en desossar el llom des de la 5a fins\u00a0 a la 12a v\u00e8rtebra dorsal, retirant els cossos i ap\u00f2fisis vertebrals, aix\u00ed com les costelles (varetes). RA\u00c7A: Wagyu. ORIGEN: Austr\u00e0lia. TIPUS D'ENVASAT: Al buit\u00a0\u00a01\u00d71 (Cada pe\u00e7a tallada en dues). CADUCITAT: 120\u00a0dies des de producci\u00f3. UNITAT MIN. COMANDA: 1 Caixa \u2013 3 Peces (6 trossos). 15 kg\u00a0aproximadament. TEMPERATURA: Conservar fresc: entre 0 \u00b0C i 2 \u00b0C. Congelat: a -18 \u00b0C. CARACTER\u00cdSTIQUES La carn del llom alt \u00e9s sucosa i tendra. El\u00a0Wagyu\u00a0\u00e9s caracter\u00edstic per la infiltraci\u00f3 de greix de la seva carn. El llom alt \u00e9s una de les peces on millor s'aprecia el grau d'infiltraci\u00f3. El producte que servim habitualment \u00e9s de classificaci\u00f3 3-5. Categoria Extra. UTILITATS Ideal per a fer a la planxa o la graella en coccions r\u00e0pides i simples que ens permetin degustar aquest tipus de carn sense m\u00e9s.","og_url":"https:\/\/www.sucarn.es\/product\/lomo-alto-s-h-wagyu\/","og_site_name":"Bienvenido","article_modified_time":"2020-05-28T20:40:48+00:00","og_image":[{"width":565,"height":436,"url":"https:\/\/www.sucarn.es\/wp-content\/uploads\/2018\/08\/image021.jpg","type":"image\/jpeg"}],"twitter_card":"summary_large_image","schema":{"@context":"https:\/\/schema.org","@graph":[{"@type":"WebPage","@id":"https:\/\/www.sucarn.es\/product\/lomo-alto-s-h-wagyu\/","url":"https:\/\/www.sucarn.es\/product\/lomo-alto-s-h-wagyu\/","name":"LLOM ALT S\/O. WAGYU - Bienvenido","isPartOf":{"@id":"https:\/\/www.sucarn.es\/#website"},"primaryImageOfPage":{"@id":"https:\/\/www.sucarn.es\/product\/lomo-alto-s-h-wagyu\/#primaryimage"},"image":{"@id":"https:\/\/www.sucarn.es\/product\/lomo-alto-s-h-wagyu\/#primaryimage"},"thumbnailUrl":"https:\/\/www.sucarn.es\/wp-content\/uploads\/2018\/08\/image021.jpg","datePublished":"2018-08-12T09:33:45+00:00","dateModified":"2020-05-28T20:40:48+00:00","breadcrumb":{"@id":"https:\/\/www.sucarn.es\/product\/lomo-alto-s-h-wagyu\/#breadcrumb"},"inLanguage":"ca","potentialAction":[{"@type":"ReadAction","target":["https:\/\/www.sucarn.es\/product\/lomo-alto-s-h-wagyu\/"]}]},{"@type":"ImageObject","inLanguage":"ca","@id":"https:\/\/www.sucarn.es\/product\/lomo-alto-s-h-wagyu\/#primaryimage","url":"https:\/\/www.sucarn.es\/wp-content\/uploads\/2018\/08\/image021.jpg","contentUrl":"https:\/\/www.sucarn.es\/wp-content\/uploads\/2018\/08\/image021.jpg","width":565,"height":436},{"@type":"BreadcrumbList","@id":"https:\/\/www.sucarn.es\/product\/lomo-alto-s-h-wagyu\/#breadcrumb","itemListElement":[{"@type":"ListItem","position":1,"name":"Home","item":"https:\/\/www.sucarn.es\/ca\/"},{"@type":"ListItem","position":2,"name":"Shop","item":"https:\/\/www.sucarn.es\/?page_id=2354"},{"@type":"ListItem","position":3,"name":"LLOM ALT S\/O. WAGYU"}]},{"@type":"WebSite","@id":"https:\/\/www.sucarn.es\/#website","url":"https:\/\/www.sucarn.es\/","name":"Sucarn","description":"Sucarn","publisher":{"@id":"https:\/\/www.sucarn.es\/#organization"},"potentialAction":[{"@type":"SearchAction","target":{"@type":"EntryPoint","urlTemplate":"https:\/\/www.sucarn.es\/?s={search_term_string}"},"query-input":{"@type":"PropertyValueSpecification","valueRequired":true,"valueName":"search_term_string"}}],"inLanguage":"ca"},{"@type":"Organization","@id":"https:\/\/www.sucarn.es\/#organization","name":"Sucarn","url":"https:\/\/www.sucarn.es\/","logo":{"@type":"ImageObject","inLanguage":"ca","@id":"https:\/\/www.sucarn.es\/#\/schema\/logo\/image\/","url":"https:\/\/www.sucarn.es\/wp-content\/uploads\/2018\/03\/LOGO_SUCARN.png","contentUrl":"https:\/\/www.sucarn.es\/wp-content\/uploads\/2018\/03\/LOGO_SUCARN.png","width":300,"height":93,"caption":"Sucarn"},"image":{"@id":"https:\/\/www.sucarn.es\/#\/schema\/logo\/image\/"}}]}},"_links":{"self":[{"href":"https:\/\/www.sucarn.es\/ca\/wp-json\/wp\/v2\/product\/2652","targetHints":{"allow":["GET"]}}],"collection":[{"href":"https:\/\/www.sucarn.es\/ca\/wp-json\/wp\/v2\/product"}],"about":[{"href":"https:\/\/www.sucarn.es\/ca\/wp-json\/wp\/v2\/types\/product"}],"wp:featuredmedia":[{"embeddable":true,"href":"https:\/\/www.sucarn.es\/ca\/wp-json\/wp\/v2\/media\/2653"}],"wp:attachment":[{"href":"https:\/\/www.sucarn.es\/ca\/wp-json\/wp\/v2\/media?parent=2652"}],"wp:term":[{"taxonomy":"product_brand","embeddable":true,"href":"https:\/\/www.sucarn.es\/ca\/wp-json\/wp\/v2\/product_brand?post=2652"},{"taxonomy":"product_cat","embeddable":true,"href":"https:\/\/www.sucarn.es\/ca\/wp-json\/wp\/v2\/product_cat?post=2652"},{"taxonomy":"product_tag","embeddable":true,"href":"https:\/\/www.sucarn.es\/ca\/wp-json\/wp\/v2\/product_tag?post=2652"}],"curies":[{"name":"wp","href":"https:\/\/api.w.org\/{rel}","templated":true}]}}