{"id":2656,"date":"2018-08-12T09:16:53","date_gmt":"2018-08-12T09:16:53","guid":{"rendered":"https:\/\/www.sucarn.es\/product\/cube-roll-angus-2\/"},"modified":"2020-05-28T20:41:06","modified_gmt":"2020-05-28T20:41:06","slug":"cube-roll-angus","status":"publish","type":"product","link":"https:\/\/www.sucarn.es\/ca\/product\/cube-roll-angus\/","title":{"rendered":"CUBE ROLL ANGUS"},"content":{"rendered":"","protected":false},"excerpt":{"rendered":"<h5><u>DESCRIPCI\u00d3 T\u00c8CNICA<\/u><\/h5>\n<p>Pe\u00e7a que s&#8217;extreu de la part alta del llom de la vaca. S&#8217;obt\u00e9 en desossar el llom des de la 5a a la 12a v\u00e8rtebra dorsal, retirant els cossos i l\u2019ap\u00f2fisi vertebral, aix\u00ed com les costelles (varetes).<br \/>\n<strong>RA\u00c7A<\/strong>: Angus.<br \/>\n<strong>ORIGEN<\/strong>: Irlanda.<br \/>\n<strong>TIPUS D&#8217;ENVASAT<\/strong>: Al buit 1\u00d71.<br \/>\n<strong>CADUCITAT<\/strong>: 30 dies des de producci\u00f3.<br \/>\n<strong>UNITAT MIN. COMANDA<\/strong>: 1 Caixa \u2013 3-5 Peces \u2013 8 a 10 Kg.<br \/>\n<strong>TEMPERATURA<\/strong>: Conservar fresc: entre 0\u00baC i 3\u00baC. Congelat: a -18\u00baC.<\/p>\n<h5><u>CARACTER\u00cdSTIQUES<\/u><\/h5>\n<p>D&#8217;aquesta pe\u00e7a de carn sucosa i tendra s&#8217;obtenen els entrecots. Categoria Extra. La ra\u00e7a Angus \u00e9s una ra\u00e7a de mida petita, les seves peces no solen calibrar-se, per aquest motiu apareixen peces de diferent grand\u00e0ria a les caixes.<\/p>\n<h5><u>UTILITATS<\/u><\/h5>\n<p>Ideal per fer a la planxa o a la graella. Sol anar nom\u00e9s el medall\u00f3 de l&#8217;entrecot, de manera que la carn \u00e9s molt tendra i apreciada.<\/p>\n","protected":false},"featured_media":2657,"template":"","meta":[],"product_brand":[],"product_cat":[176],"product_tag":[],"class_list":{"0":"post-2656","1":"product","2":"type-product","3":"status-publish","4":"has-post-thumbnail","6":"product_cat-bovina-anoll","7":"align-left","8":"box-shadow-0","9":"box-shadow-0-hover","10":"ast-product-gallery-layout-horizontal","11":"ast-product-gallery-with-no-image","12":"ast-product-tabs-layout-horizontal","14":"first","15":"instock","16":"taxable","17":"shipping-taxable","18":"product-type-simple"},"yoast_head":"<!-- This site is optimized with the Yoast SEO plugin v27.3 - https:\/\/yoast.com\/product\/yoast-seo-wordpress\/ -->\n<title>CUBE ROLL ANGUS - Bienvenido<\/title>\n<meta name=\"robots\" content=\"index, follow, max-snippet:-1, max-image-preview:large, max-video-preview:-1\" \/>\n<link rel=\"canonical\" href=\"https:\/\/www.sucarn.es\/ca\/product\/cube-roll-angus\/\" \/>\n<meta property=\"og:locale\" content=\"ca_ES\" \/>\n<meta property=\"og:type\" content=\"article\" \/>\n<meta property=\"og:title\" content=\"CUBE ROLL ANGUS - Bienvenido\" \/>\n<meta property=\"og:description\" content=\"DESCRIPCI\u00d3 T\u00c8CNICA Pe\u00e7a que s&#039;extreu de la part alta del llom de la vaca. S&#039;obt\u00e9 en desossar el llom des de la 5a a la 12a v\u00e8rtebra dorsal, retirant els cossos i l\u2019ap\u00f2fisi vertebral, aix\u00ed com les costelles (varetes). RA\u00c7A: Angus. ORIGEN: Irlanda. TIPUS D&#039;ENVASAT: Al buit 1\u00d71. CADUCITAT: 30 dies des de producci\u00f3. UNITAT MIN. COMANDA: 1 Caixa \u2013 3-5 Peces \u2013 8 a 10 Kg. TEMPERATURA: Conservar fresc: entre 0\u00baC i 3\u00baC. Congelat: a -18\u00baC. CARACTER\u00cdSTIQUES D&#039;aquesta pe\u00e7a de carn sucosa i tendra s&#039;obtenen els entrecots. Categoria Extra. La ra\u00e7a Angus \u00e9s una ra\u00e7a de mida petita, les seves peces no solen calibrar-se, per aquest motiu apareixen peces de diferent grand\u00e0ria a les caixes. UTILITATS Ideal per fer a la planxa o a la graella. Sol anar nom\u00e9s el medall\u00f3 de l&#039;entrecot, de manera que la carn \u00e9s molt tendra i apreciada.\" \/>\n<meta property=\"og:url\" content=\"https:\/\/www.sucarn.es\/product\/cube-roll-angus\/\" \/>\n<meta property=\"og:site_name\" content=\"Bienvenido\" \/>\n<meta property=\"article:modified_time\" content=\"2020-05-28T20:41:06+00:00\" \/>\n<meta property=\"og:image\" content=\"https:\/\/www.sucarn.es\/wp-content\/uploads\/2018\/08\/image018.jpg\" \/>\n\t<meta property=\"og:image:width\" content=\"639\" \/>\n\t<meta property=\"og:image:height\" content=\"469\" \/>\n\t<meta property=\"og:image:type\" content=\"image\/jpeg\" \/>\n<meta name=\"twitter:card\" content=\"summary_large_image\" \/>\n<script type=\"application\/ld+json\" class=\"yoast-schema-graph\">{\"@context\":\"https:\\\/\\\/schema.org\",\"@graph\":[{\"@type\":\"WebPage\",\"@id\":\"https:\\\/\\\/www.sucarn.es\\\/product\\\/cube-roll-angus\\\/\",\"url\":\"https:\\\/\\\/www.sucarn.es\\\/product\\\/cube-roll-angus\\\/\",\"name\":\"CUBE ROLL ANGUS - Bienvenido\",\"isPartOf\":{\"@id\":\"https:\\\/\\\/www.sucarn.es\\\/#website\"},\"primaryImageOfPage\":{\"@id\":\"https:\\\/\\\/www.sucarn.es\\\/product\\\/cube-roll-angus\\\/#primaryimage\"},\"image\":{\"@id\":\"https:\\\/\\\/www.sucarn.es\\\/product\\\/cube-roll-angus\\\/#primaryimage\"},\"thumbnailUrl\":\"https:\\\/\\\/www.sucarn.es\\\/wp-content\\\/uploads\\\/2018\\\/08\\\/image018.jpg\",\"datePublished\":\"2018-08-12T09:16:53+00:00\",\"dateModified\":\"2020-05-28T20:41:06+00:00\",\"breadcrumb\":{\"@id\":\"https:\\\/\\\/www.sucarn.es\\\/product\\\/cube-roll-angus\\\/#breadcrumb\"},\"inLanguage\":\"ca\",\"potentialAction\":[{\"@type\":\"ReadAction\",\"target\":[\"https:\\\/\\\/www.sucarn.es\\\/product\\\/cube-roll-angus\\\/\"]}]},{\"@type\":\"ImageObject\",\"inLanguage\":\"ca\",\"@id\":\"https:\\\/\\\/www.sucarn.es\\\/product\\\/cube-roll-angus\\\/#primaryimage\",\"url\":\"https:\\\/\\\/www.sucarn.es\\\/wp-content\\\/uploads\\\/2018\\\/08\\\/image018.jpg\",\"contentUrl\":\"https:\\\/\\\/www.sucarn.es\\\/wp-content\\\/uploads\\\/2018\\\/08\\\/image018.jpg\",\"width\":639,\"height\":469},{\"@type\":\"BreadcrumbList\",\"@id\":\"https:\\\/\\\/www.sucarn.es\\\/product\\\/cube-roll-angus\\\/#breadcrumb\",\"itemListElement\":[{\"@type\":\"ListItem\",\"position\":1,\"name\":\"Home\",\"item\":\"https:\\\/\\\/www.sucarn.es\\\/ca\\\/\"},{\"@type\":\"ListItem\",\"position\":2,\"name\":\"Shop\",\"item\":\"https:\\\/\\\/www.sucarn.es\\\/?page_id=2354\"},{\"@type\":\"ListItem\",\"position\":3,\"name\":\"CUBE ROLL ANGUS\"}]},{\"@type\":\"WebSite\",\"@id\":\"https:\\\/\\\/www.sucarn.es\\\/#website\",\"url\":\"https:\\\/\\\/www.sucarn.es\\\/\",\"name\":\"Sucarn\",\"description\":\"Sucarn\",\"publisher\":{\"@id\":\"https:\\\/\\\/www.sucarn.es\\\/#organization\"},\"potentialAction\":[{\"@type\":\"SearchAction\",\"target\":{\"@type\":\"EntryPoint\",\"urlTemplate\":\"https:\\\/\\\/www.sucarn.es\\\/?s={search_term_string}\"},\"query-input\":{\"@type\":\"PropertyValueSpecification\",\"valueRequired\":true,\"valueName\":\"search_term_string\"}}],\"inLanguage\":\"ca\"},{\"@type\":\"Organization\",\"@id\":\"https:\\\/\\\/www.sucarn.es\\\/#organization\",\"name\":\"Sucarn\",\"url\":\"https:\\\/\\\/www.sucarn.es\\\/\",\"logo\":{\"@type\":\"ImageObject\",\"inLanguage\":\"ca\",\"@id\":\"https:\\\/\\\/www.sucarn.es\\\/#\\\/schema\\\/logo\\\/image\\\/\",\"url\":\"https:\\\/\\\/www.sucarn.es\\\/wp-content\\\/uploads\\\/2018\\\/03\\\/LOGO_SUCARN.png\",\"contentUrl\":\"https:\\\/\\\/www.sucarn.es\\\/wp-content\\\/uploads\\\/2018\\\/03\\\/LOGO_SUCARN.png\",\"width\":300,\"height\":93,\"caption\":\"Sucarn\"},\"image\":{\"@id\":\"https:\\\/\\\/www.sucarn.es\\\/#\\\/schema\\\/logo\\\/image\\\/\"}}]}<\/script>\n<!-- \/ Yoast SEO plugin. -->","yoast_head_json":{"title":"CUBE ROLL ANGUS - Bienvenido","robots":{"index":"index","follow":"follow","max-snippet":"max-snippet:-1","max-image-preview":"max-image-preview:large","max-video-preview":"max-video-preview:-1"},"canonical":"https:\/\/www.sucarn.es\/ca\/product\/cube-roll-angus\/","og_locale":"ca_ES","og_type":"article","og_title":"CUBE ROLL ANGUS - Bienvenido","og_description":"DESCRIPCI\u00d3 T\u00c8CNICA Pe\u00e7a que s'extreu de la part alta del llom de la vaca. S'obt\u00e9 en desossar el llom des de la 5a a la 12a v\u00e8rtebra dorsal, retirant els cossos i l\u2019ap\u00f2fisi vertebral, aix\u00ed com les costelles (varetes). RA\u00c7A: Angus. ORIGEN: Irlanda. TIPUS D'ENVASAT: Al buit 1\u00d71. CADUCITAT: 30 dies des de producci\u00f3. UNITAT MIN. COMANDA: 1 Caixa \u2013 3-5 Peces \u2013 8 a 10 Kg. TEMPERATURA: Conservar fresc: entre 0\u00baC i 3\u00baC. Congelat: a -18\u00baC. CARACTER\u00cdSTIQUES D'aquesta pe\u00e7a de carn sucosa i tendra s'obtenen els entrecots. Categoria Extra. La ra\u00e7a Angus \u00e9s una ra\u00e7a de mida petita, les seves peces no solen calibrar-se, per aquest motiu apareixen peces de diferent grand\u00e0ria a les caixes. UTILITATS Ideal per fer a la planxa o a la graella. Sol anar nom\u00e9s el medall\u00f3 de l'entrecot, de manera que la carn \u00e9s molt tendra i apreciada.","og_url":"https:\/\/www.sucarn.es\/product\/cube-roll-angus\/","og_site_name":"Bienvenido","article_modified_time":"2020-05-28T20:41:06+00:00","og_image":[{"width":639,"height":469,"url":"https:\/\/www.sucarn.es\/wp-content\/uploads\/2018\/08\/image018.jpg","type":"image\/jpeg"}],"twitter_card":"summary_large_image","schema":{"@context":"https:\/\/schema.org","@graph":[{"@type":"WebPage","@id":"https:\/\/www.sucarn.es\/product\/cube-roll-angus\/","url":"https:\/\/www.sucarn.es\/product\/cube-roll-angus\/","name":"CUBE ROLL ANGUS - Bienvenido","isPartOf":{"@id":"https:\/\/www.sucarn.es\/#website"},"primaryImageOfPage":{"@id":"https:\/\/www.sucarn.es\/product\/cube-roll-angus\/#primaryimage"},"image":{"@id":"https:\/\/www.sucarn.es\/product\/cube-roll-angus\/#primaryimage"},"thumbnailUrl":"https:\/\/www.sucarn.es\/wp-content\/uploads\/2018\/08\/image018.jpg","datePublished":"2018-08-12T09:16:53+00:00","dateModified":"2020-05-28T20:41:06+00:00","breadcrumb":{"@id":"https:\/\/www.sucarn.es\/product\/cube-roll-angus\/#breadcrumb"},"inLanguage":"ca","potentialAction":[{"@type":"ReadAction","target":["https:\/\/www.sucarn.es\/product\/cube-roll-angus\/"]}]},{"@type":"ImageObject","inLanguage":"ca","@id":"https:\/\/www.sucarn.es\/product\/cube-roll-angus\/#primaryimage","url":"https:\/\/www.sucarn.es\/wp-content\/uploads\/2018\/08\/image018.jpg","contentUrl":"https:\/\/www.sucarn.es\/wp-content\/uploads\/2018\/08\/image018.jpg","width":639,"height":469},{"@type":"BreadcrumbList","@id":"https:\/\/www.sucarn.es\/product\/cube-roll-angus\/#breadcrumb","itemListElement":[{"@type":"ListItem","position":1,"name":"Home","item":"https:\/\/www.sucarn.es\/ca\/"},{"@type":"ListItem","position":2,"name":"Shop","item":"https:\/\/www.sucarn.es\/?page_id=2354"},{"@type":"ListItem","position":3,"name":"CUBE ROLL ANGUS"}]},{"@type":"WebSite","@id":"https:\/\/www.sucarn.es\/#website","url":"https:\/\/www.sucarn.es\/","name":"Sucarn","description":"Sucarn","publisher":{"@id":"https:\/\/www.sucarn.es\/#organization"},"potentialAction":[{"@type":"SearchAction","target":{"@type":"EntryPoint","urlTemplate":"https:\/\/www.sucarn.es\/?s={search_term_string}"},"query-input":{"@type":"PropertyValueSpecification","valueRequired":true,"valueName":"search_term_string"}}],"inLanguage":"ca"},{"@type":"Organization","@id":"https:\/\/www.sucarn.es\/#organization","name":"Sucarn","url":"https:\/\/www.sucarn.es\/","logo":{"@type":"ImageObject","inLanguage":"ca","@id":"https:\/\/www.sucarn.es\/#\/schema\/logo\/image\/","url":"https:\/\/www.sucarn.es\/wp-content\/uploads\/2018\/03\/LOGO_SUCARN.png","contentUrl":"https:\/\/www.sucarn.es\/wp-content\/uploads\/2018\/03\/LOGO_SUCARN.png","width":300,"height":93,"caption":"Sucarn"},"image":{"@id":"https:\/\/www.sucarn.es\/#\/schema\/logo\/image\/"}}]}},"_links":{"self":[{"href":"https:\/\/www.sucarn.es\/ca\/wp-json\/wp\/v2\/product\/2656","targetHints":{"allow":["GET"]}}],"collection":[{"href":"https:\/\/www.sucarn.es\/ca\/wp-json\/wp\/v2\/product"}],"about":[{"href":"https:\/\/www.sucarn.es\/ca\/wp-json\/wp\/v2\/types\/product"}],"wp:featuredmedia":[{"embeddable":true,"href":"https:\/\/www.sucarn.es\/ca\/wp-json\/wp\/v2\/media\/2657"}],"wp:attachment":[{"href":"https:\/\/www.sucarn.es\/ca\/wp-json\/wp\/v2\/media?parent=2656"}],"wp:term":[{"taxonomy":"product_brand","embeddable":true,"href":"https:\/\/www.sucarn.es\/ca\/wp-json\/wp\/v2\/product_brand?post=2656"},{"taxonomy":"product_cat","embeddable":true,"href":"https:\/\/www.sucarn.es\/ca\/wp-json\/wp\/v2\/product_cat?post=2656"},{"taxonomy":"product_tag","embeddable":true,"href":"https:\/\/www.sucarn.es\/ca\/wp-json\/wp\/v2\/product_tag?post=2656"}],"curies":[{"name":"wp","href":"https:\/\/api.w.org\/{rel}","templated":true}]}}