{"id":2660,"date":"2018-08-12T09:11:12","date_gmt":"2018-08-12T09:11:12","guid":{"rendered":"https:\/\/www.sucarn.es\/product\/cap-de-mort-nebraska-2\/"},"modified":"2020-05-28T20:41:26","modified_gmt":"2020-05-28T20:41:26","slug":"cap-de-mort-nebraska","status":"publish","type":"product","link":"https:\/\/www.sucarn.es\/ca\/product\/cap-de-mort-nebraska\/","title":{"rendered":"CAP DE MORT NEBRASKA"},"content":{"rendered":"","protected":false},"excerpt":{"rendered":"<h5><u>DESCRIPCI\u00d3 T\u00c8CNICA<\/u><\/h5>\n<p>Es troba a la part lateral anterior de la cama. S&#8217;ha de separar de la culata i la cua de culata.<br \/>\n<strong>RA\u00c7A<\/strong>: Angus.<br \/>\n<strong>ORIGEN<\/strong>: Estats Units d\u2019Am\u00e8rica.<br \/>\n<strong>TIPUS D&#8217;ENVASAT<\/strong>: Al buit 1\u00d71.<br \/>\n<strong>CADUCITAT<\/strong>: 120 dies des de producci\u00f3.<br \/>\n<strong>UNITAT MIN. COMANDA<\/strong>: 1 Caixa \u2013 3 Peces. 15 a 18 kg.<br \/>\n<strong>TEMPERATURA<\/strong>: Conservar fresc: entre 0\u00baC i 2\u00baC. Congelat: a -18\u00baC.<\/p>\n<h5><u>CARACTER\u00cdSTIQUES<\/u><\/h5>\n<p>\u00c9s una pe\u00e7a de forma ovoide i es divideix en dues parts, la propera a la culata \u00e9s sucosa i tendra, mentre que la que est\u00e0 al costat de genoll presenta m\u00e9s tendons i \u00e9s m\u00e9s seca. En general les peces tenen bona pres\u00e8ncia, carn magra i tendra. Categoria 1\u00aa A.<\/p>\n<h5><u>UTILITATS<\/u><\/h5>\n<p>De la part m\u00e9s tendra del cap de mort s&#8217;aconsegueixen sucosos bistecs de carn magra. De la resta s&#8217;obtenen filets i medallons per fer a la planxa, a la graella o arrebossats. La pe\u00e7a sencera \u00e9s ideal per a rostits i tallada a daus per a fondue.<\/p>\n","protected":false},"featured_media":2661,"template":"","meta":[],"product_brand":[],"product_cat":[176],"product_tag":[],"class_list":{"0":"post-2660","1":"product","2":"type-product","3":"status-publish","4":"has-post-thumbnail","6":"product_cat-bovina-anoll","7":"align-left","8":"box-shadow-0","9":"box-shadow-0-hover","10":"ast-product-gallery-layout-horizontal","11":"ast-product-gallery-with-no-image","12":"ast-product-tabs-layout-horizontal","14":"first","15":"instock","16":"taxable","17":"shipping-taxable","18":"product-type-simple"},"yoast_head":"<!-- This site is optimized with the Yoast SEO plugin v27.3 - https:\/\/yoast.com\/product\/yoast-seo-wordpress\/ -->\n<title>CAP DE MORT NEBRASKA - Bienvenido<\/title>\n<meta name=\"robots\" content=\"index, follow, max-snippet:-1, max-image-preview:large, max-video-preview:-1\" \/>\n<link rel=\"canonical\" href=\"https:\/\/www.sucarn.es\/ca\/product\/babilla-nebraska\/\" \/>\n<meta property=\"og:locale\" content=\"ca_ES\" \/>\n<meta property=\"og:type\" content=\"article\" \/>\n<meta property=\"og:title\" content=\"CAP DE MORT NEBRASKA - Bienvenido\" \/>\n<meta property=\"og:description\" content=\"DESCRIPCI\u00d3 T\u00c8CNICA Es troba a la part lateral anterior de la cama. S&#039;ha de separar de la culata i la cua de culata. RA\u00c7A: Angus. ORIGEN: Estats Units d\u2019Am\u00e8rica. TIPUS D&#039;ENVASAT: Al buit 1\u00d71. CADUCITAT: 120 dies des de producci\u00f3. UNITAT MIN. COMANDA: 1 Caixa \u2013 3 Peces. 15 a 18 kg. TEMPERATURA: Conservar fresc: entre 0\u00baC i 2\u00baC. Congelat: a -18\u00baC. CARACTER\u00cdSTIQUES \u00c9s una pe\u00e7a de forma ovoide i es divideix en dues parts, la propera a la culata \u00e9s sucosa i tendra, mentre que la que est\u00e0 al costat de genoll presenta m\u00e9s tendons i \u00e9s m\u00e9s seca. En general les peces tenen bona pres\u00e8ncia, carn magra i tendra. Categoria 1\u00aa A. UTILITATS De la part m\u00e9s tendra del cap de mort s&#039;aconsegueixen sucosos bistecs de carn magra. De la resta s&#039;obtenen filets i medallons per fer a la planxa, a la graella o arrebossats. La pe\u00e7a sencera \u00e9s ideal per a rostits i tallada a daus per a fondue.\" \/>\n<meta property=\"og:url\" content=\"https:\/\/www.sucarn.es\/product\/babilla-nebraska\/\" \/>\n<meta property=\"og:site_name\" content=\"Bienvenido\" \/>\n<meta property=\"article:modified_time\" content=\"2020-05-28T20:41:26+00:00\" \/>\n<meta property=\"og:image\" content=\"https:\/\/www.sucarn.es\/wp-content\/uploads\/2018\/08\/image016.jpg\" \/>\n\t<meta property=\"og:image:width\" content=\"535\" \/>\n\t<meta property=\"og:image:height\" content=\"439\" \/>\n\t<meta property=\"og:image:type\" content=\"image\/jpeg\" \/>\n<meta name=\"twitter:card\" content=\"summary_large_image\" \/>\n<script type=\"application\/ld+json\" class=\"yoast-schema-graph\">{\"@context\":\"https:\\\/\\\/schema.org\",\"@graph\":[{\"@type\":\"WebPage\",\"@id\":\"https:\\\/\\\/www.sucarn.es\\\/product\\\/babilla-nebraska\\\/\",\"url\":\"https:\\\/\\\/www.sucarn.es\\\/product\\\/babilla-nebraska\\\/\",\"name\":\"CAP DE MORT NEBRASKA - Bienvenido\",\"isPartOf\":{\"@id\":\"https:\\\/\\\/www.sucarn.es\\\/#website\"},\"primaryImageOfPage\":{\"@id\":\"https:\\\/\\\/www.sucarn.es\\\/product\\\/babilla-nebraska\\\/#primaryimage\"},\"image\":{\"@id\":\"https:\\\/\\\/www.sucarn.es\\\/product\\\/babilla-nebraska\\\/#primaryimage\"},\"thumbnailUrl\":\"https:\\\/\\\/www.sucarn.es\\\/wp-content\\\/uploads\\\/2018\\\/08\\\/image016.jpg\",\"datePublished\":\"2018-08-12T09:11:12+00:00\",\"dateModified\":\"2020-05-28T20:41:26+00:00\",\"breadcrumb\":{\"@id\":\"https:\\\/\\\/www.sucarn.es\\\/product\\\/babilla-nebraska\\\/#breadcrumb\"},\"inLanguage\":\"ca\",\"potentialAction\":[{\"@type\":\"ReadAction\",\"target\":[\"https:\\\/\\\/www.sucarn.es\\\/product\\\/babilla-nebraska\\\/\"]}]},{\"@type\":\"ImageObject\",\"inLanguage\":\"ca\",\"@id\":\"https:\\\/\\\/www.sucarn.es\\\/product\\\/babilla-nebraska\\\/#primaryimage\",\"url\":\"https:\\\/\\\/www.sucarn.es\\\/wp-content\\\/uploads\\\/2018\\\/08\\\/image016.jpg\",\"contentUrl\":\"https:\\\/\\\/www.sucarn.es\\\/wp-content\\\/uploads\\\/2018\\\/08\\\/image016.jpg\",\"width\":535,\"height\":439},{\"@type\":\"BreadcrumbList\",\"@id\":\"https:\\\/\\\/www.sucarn.es\\\/product\\\/babilla-nebraska\\\/#breadcrumb\",\"itemListElement\":[{\"@type\":\"ListItem\",\"position\":1,\"name\":\"Home\",\"item\":\"https:\\\/\\\/www.sucarn.es\\\/ca\\\/\"},{\"@type\":\"ListItem\",\"position\":2,\"name\":\"Shop\",\"item\":\"https:\\\/\\\/www.sucarn.es\\\/?page_id=2354\"},{\"@type\":\"ListItem\",\"position\":3,\"name\":\"CAP DE MORT NEBRASKA\"}]},{\"@type\":\"WebSite\",\"@id\":\"https:\\\/\\\/www.sucarn.es\\\/#website\",\"url\":\"https:\\\/\\\/www.sucarn.es\\\/\",\"name\":\"Sucarn\",\"description\":\"Sucarn\",\"publisher\":{\"@id\":\"https:\\\/\\\/www.sucarn.es\\\/#organization\"},\"potentialAction\":[{\"@type\":\"SearchAction\",\"target\":{\"@type\":\"EntryPoint\",\"urlTemplate\":\"https:\\\/\\\/www.sucarn.es\\\/?s={search_term_string}\"},\"query-input\":{\"@type\":\"PropertyValueSpecification\",\"valueRequired\":true,\"valueName\":\"search_term_string\"}}],\"inLanguage\":\"ca\"},{\"@type\":\"Organization\",\"@id\":\"https:\\\/\\\/www.sucarn.es\\\/#organization\",\"name\":\"Sucarn\",\"url\":\"https:\\\/\\\/www.sucarn.es\\\/\",\"logo\":{\"@type\":\"ImageObject\",\"inLanguage\":\"ca\",\"@id\":\"https:\\\/\\\/www.sucarn.es\\\/#\\\/schema\\\/logo\\\/image\\\/\",\"url\":\"https:\\\/\\\/www.sucarn.es\\\/wp-content\\\/uploads\\\/2018\\\/03\\\/LOGO_SUCARN.png\",\"contentUrl\":\"https:\\\/\\\/www.sucarn.es\\\/wp-content\\\/uploads\\\/2018\\\/03\\\/LOGO_SUCARN.png\",\"width\":300,\"height\":93,\"caption\":\"Sucarn\"},\"image\":{\"@id\":\"https:\\\/\\\/www.sucarn.es\\\/#\\\/schema\\\/logo\\\/image\\\/\"}}]}<\/script>\n<!-- \/ Yoast SEO plugin. -->","yoast_head_json":{"title":"CAP DE MORT NEBRASKA - Bienvenido","robots":{"index":"index","follow":"follow","max-snippet":"max-snippet:-1","max-image-preview":"max-image-preview:large","max-video-preview":"max-video-preview:-1"},"canonical":"https:\/\/www.sucarn.es\/ca\/product\/babilla-nebraska\/","og_locale":"ca_ES","og_type":"article","og_title":"CAP DE MORT NEBRASKA - Bienvenido","og_description":"DESCRIPCI\u00d3 T\u00c8CNICA Es troba a la part lateral anterior de la cama. S'ha de separar de la culata i la cua de culata. RA\u00c7A: Angus. ORIGEN: Estats Units d\u2019Am\u00e8rica. TIPUS D'ENVASAT: Al buit 1\u00d71. CADUCITAT: 120 dies des de producci\u00f3. UNITAT MIN. COMANDA: 1 Caixa \u2013 3 Peces. 15 a 18 kg. TEMPERATURA: Conservar fresc: entre 0\u00baC i 2\u00baC. Congelat: a -18\u00baC. CARACTER\u00cdSTIQUES \u00c9s una pe\u00e7a de forma ovoide i es divideix en dues parts, la propera a la culata \u00e9s sucosa i tendra, mentre que la que est\u00e0 al costat de genoll presenta m\u00e9s tendons i \u00e9s m\u00e9s seca. En general les peces tenen bona pres\u00e8ncia, carn magra i tendra. Categoria 1\u00aa A. UTILITATS De la part m\u00e9s tendra del cap de mort s'aconsegueixen sucosos bistecs de carn magra. De la resta s'obtenen filets i medallons per fer a la planxa, a la graella o arrebossats. La pe\u00e7a sencera \u00e9s ideal per a rostits i tallada a daus per a fondue.","og_url":"https:\/\/www.sucarn.es\/product\/babilla-nebraska\/","og_site_name":"Bienvenido","article_modified_time":"2020-05-28T20:41:26+00:00","og_image":[{"width":535,"height":439,"url":"https:\/\/www.sucarn.es\/wp-content\/uploads\/2018\/08\/image016.jpg","type":"image\/jpeg"}],"twitter_card":"summary_large_image","schema":{"@context":"https:\/\/schema.org","@graph":[{"@type":"WebPage","@id":"https:\/\/www.sucarn.es\/product\/babilla-nebraska\/","url":"https:\/\/www.sucarn.es\/product\/babilla-nebraska\/","name":"CAP DE MORT NEBRASKA - Bienvenido","isPartOf":{"@id":"https:\/\/www.sucarn.es\/#website"},"primaryImageOfPage":{"@id":"https:\/\/www.sucarn.es\/product\/babilla-nebraska\/#primaryimage"},"image":{"@id":"https:\/\/www.sucarn.es\/product\/babilla-nebraska\/#primaryimage"},"thumbnailUrl":"https:\/\/www.sucarn.es\/wp-content\/uploads\/2018\/08\/image016.jpg","datePublished":"2018-08-12T09:11:12+00:00","dateModified":"2020-05-28T20:41:26+00:00","breadcrumb":{"@id":"https:\/\/www.sucarn.es\/product\/babilla-nebraska\/#breadcrumb"},"inLanguage":"ca","potentialAction":[{"@type":"ReadAction","target":["https:\/\/www.sucarn.es\/product\/babilla-nebraska\/"]}]},{"@type":"ImageObject","inLanguage":"ca","@id":"https:\/\/www.sucarn.es\/product\/babilla-nebraska\/#primaryimage","url":"https:\/\/www.sucarn.es\/wp-content\/uploads\/2018\/08\/image016.jpg","contentUrl":"https:\/\/www.sucarn.es\/wp-content\/uploads\/2018\/08\/image016.jpg","width":535,"height":439},{"@type":"BreadcrumbList","@id":"https:\/\/www.sucarn.es\/product\/babilla-nebraska\/#breadcrumb","itemListElement":[{"@type":"ListItem","position":1,"name":"Home","item":"https:\/\/www.sucarn.es\/ca\/"},{"@type":"ListItem","position":2,"name":"Shop","item":"https:\/\/www.sucarn.es\/?page_id=2354"},{"@type":"ListItem","position":3,"name":"CAP DE MORT NEBRASKA"}]},{"@type":"WebSite","@id":"https:\/\/www.sucarn.es\/#website","url":"https:\/\/www.sucarn.es\/","name":"Sucarn","description":"Sucarn","publisher":{"@id":"https:\/\/www.sucarn.es\/#organization"},"potentialAction":[{"@type":"SearchAction","target":{"@type":"EntryPoint","urlTemplate":"https:\/\/www.sucarn.es\/?s={search_term_string}"},"query-input":{"@type":"PropertyValueSpecification","valueRequired":true,"valueName":"search_term_string"}}],"inLanguage":"ca"},{"@type":"Organization","@id":"https:\/\/www.sucarn.es\/#organization","name":"Sucarn","url":"https:\/\/www.sucarn.es\/","logo":{"@type":"ImageObject","inLanguage":"ca","@id":"https:\/\/www.sucarn.es\/#\/schema\/logo\/image\/","url":"https:\/\/www.sucarn.es\/wp-content\/uploads\/2018\/03\/LOGO_SUCARN.png","contentUrl":"https:\/\/www.sucarn.es\/wp-content\/uploads\/2018\/03\/LOGO_SUCARN.png","width":300,"height":93,"caption":"Sucarn"},"image":{"@id":"https:\/\/www.sucarn.es\/#\/schema\/logo\/image\/"}}]}},"_links":{"self":[{"href":"https:\/\/www.sucarn.es\/ca\/wp-json\/wp\/v2\/product\/2660","targetHints":{"allow":["GET"]}}],"collection":[{"href":"https:\/\/www.sucarn.es\/ca\/wp-json\/wp\/v2\/product"}],"about":[{"href":"https:\/\/www.sucarn.es\/ca\/wp-json\/wp\/v2\/types\/product"}],"wp:featuredmedia":[{"embeddable":true,"href":"https:\/\/www.sucarn.es\/ca\/wp-json\/wp\/v2\/media\/2661"}],"wp:attachment":[{"href":"https:\/\/www.sucarn.es\/ca\/wp-json\/wp\/v2\/media?parent=2660"}],"wp:term":[{"taxonomy":"product_brand","embeddable":true,"href":"https:\/\/www.sucarn.es\/ca\/wp-json\/wp\/v2\/product_brand?post=2660"},{"taxonomy":"product_cat","embeddable":true,"href":"https:\/\/www.sucarn.es\/ca\/wp-json\/wp\/v2\/product_cat?post=2660"},{"taxonomy":"product_tag","embeddable":true,"href":"https:\/\/www.sucarn.es\/ca\/wp-json\/wp\/v2\/product_tag?post=2660"}],"curies":[{"name":"wp","href":"https:\/\/api.w.org\/{rel}","templated":true}]}}