{"id":2671,"date":"2018-08-12T08:40:57","date_gmt":"2018-08-12T08:40:57","guid":{"rendered":"https:\/\/www.sucarn.es\/product\/culati-2\/"},"modified":"2020-05-28T20:42:11","modified_gmt":"2020-05-28T20:42:11","slug":"culati","status":"publish","type":"product","link":"https:\/\/www.sucarn.es\/ca\/product\/culati\/","title":{"rendered":"CULAT\u00cd"},"content":{"rendered":"","protected":false},"excerpt":{"rendered":"<h5><u>DESCRIPCI\u00d3 T\u00c8CNICA<\/u><\/h5>\n<p>Pe\u00e7a que s\u2019extreu de la bola de l&#8217;animal. Pertany a la part superior de la culata. \u00c9s reconeix per la seva forma triangular.<br \/>\n<strong>RA\u00c7A<\/strong>: Frisona o Simental.<br \/>\n<strong>ORIGEN<\/strong>: Pol\u00f2nia, Alemanya, etc.<br \/>\n<strong>TIPUS D&#8217;ENVASAT<\/strong>: Al buit 1\u00d71.<br \/>\n<strong>CADUCITAT<\/strong>: 30 \u2013 34 dies des de producci\u00f3.<br \/>\n<strong>UNITAT MIN. COMANDA<\/strong>: 1 Caixa \u2013 15 kg, aproximadament.<br \/>\n<strong>TEMPERATURA<\/strong>: Conservar fresc: entre 0\u00baC i 3\u00baC. Congelat: a -18\u00baC.<\/p>\n<h5><u>CARACTER\u00cdSTIQUES<\/u><\/h5>\n<p>La carn del culat\u00ed es tendra i sucosa i no t\u00e9 teixit conjuntiu.<br \/>\nConsiderada de Categoria 1\u00aaA.<\/p>\n<h5><u>UTILITATS<\/u><\/h5>\n<p>Tallada en filets va b\u00e9 per arrebossats i planxa.<br \/>\nTamb\u00e9 \u00e9s ideal per fer &#8220;rump steak&#8221; i altres filets enrotllats i farcits.<br \/>\nCom a pe\u00e7a sencera \u00e9s ideal per fer rostits.<\/p>\n","protected":false},"featured_media":2672,"template":"","meta":[],"product_brand":[],"product_cat":[177],"product_tag":[],"class_list":{"0":"post-2671","1":"product","2":"type-product","3":"status-publish","4":"has-post-thumbnail","6":"product_cat-bovina-vaca-ca","7":"align-left","8":"box-shadow-0","9":"box-shadow-0-hover","10":"ast-product-gallery-layout-horizontal","11":"ast-product-gallery-with-no-image","12":"ast-product-tabs-layout-horizontal","14":"first","15":"instock","16":"taxable","17":"shipping-taxable","18":"product-type-simple"},"yoast_head":"<!-- This site is optimized with the Yoast SEO plugin v27.3 - https:\/\/yoast.com\/product\/yoast-seo-wordpress\/ -->\n<title>CULAT\u00cd - Bienvenido<\/title>\n<meta name=\"robots\" content=\"index, follow, max-snippet:-1, max-image-preview:large, max-video-preview:-1\" \/>\n<link rel=\"canonical\" href=\"https:\/\/www.sucarn.es\/ca\/product\/picana\/\" \/>\n<meta property=\"og:locale\" content=\"ca_ES\" \/>\n<meta property=\"og:type\" content=\"article\" \/>\n<meta property=\"og:title\" content=\"CULAT\u00cd - Bienvenido\" \/>\n<meta property=\"og:description\" content=\"DESCRIPCI\u00d3 T\u00c8CNICA Pe\u00e7a que s\u2019extreu de la bola de l&#039;animal. Pertany a la part superior de la culata. \u00c9s reconeix per la seva forma triangular. RA\u00c7A: Frisona o Simental. ORIGEN: Pol\u00f2nia, Alemanya, etc. TIPUS D&#039;ENVASAT: Al buit 1\u00d71. CADUCITAT: 30 \u2013 34 dies des de producci\u00f3. UNITAT MIN. COMANDA: 1 Caixa \u2013 15 kg, aproximadament. TEMPERATURA: Conservar fresc: entre 0\u00baC i 3\u00baC. Congelat: a -18\u00baC. CARACTER\u00cdSTIQUES La carn del culat\u00ed es tendra i sucosa i no t\u00e9 teixit conjuntiu. Considerada de Categoria 1\u00aaA. UTILITATS Tallada en filets va b\u00e9 per arrebossats i planxa. Tamb\u00e9 \u00e9s ideal per fer &quot;rump steak&quot; i altres filets enrotllats i farcits. Com a pe\u00e7a sencera \u00e9s ideal per fer rostits.\" \/>\n<meta property=\"og:url\" content=\"https:\/\/www.sucarn.es\/product\/picana\/\" \/>\n<meta property=\"og:site_name\" content=\"Bienvenido\" \/>\n<meta property=\"article:modified_time\" content=\"2020-05-28T20:42:11+00:00\" \/>\n<meta property=\"og:image\" content=\"https:\/\/www.sucarn.es\/wp-content\/uploads\/2018\/08\/image009.jpg\" \/>\n\t<meta property=\"og:image:width\" content=\"672\" \/>\n\t<meta property=\"og:image:height\" content=\"439\" \/>\n\t<meta property=\"og:image:type\" content=\"image\/jpeg\" \/>\n<meta name=\"twitter:card\" content=\"summary_large_image\" \/>\n<script type=\"application\/ld+json\" class=\"yoast-schema-graph\">{\"@context\":\"https:\\\/\\\/schema.org\",\"@graph\":[{\"@type\":\"WebPage\",\"@id\":\"https:\\\/\\\/www.sucarn.es\\\/product\\\/picana\\\/\",\"url\":\"https:\\\/\\\/www.sucarn.es\\\/product\\\/picana\\\/\",\"name\":\"CULAT\u00cd - Bienvenido\",\"isPartOf\":{\"@id\":\"https:\\\/\\\/www.sucarn.es\\\/#website\"},\"primaryImageOfPage\":{\"@id\":\"https:\\\/\\\/www.sucarn.es\\\/product\\\/picana\\\/#primaryimage\"},\"image\":{\"@id\":\"https:\\\/\\\/www.sucarn.es\\\/product\\\/picana\\\/#primaryimage\"},\"thumbnailUrl\":\"https:\\\/\\\/www.sucarn.es\\\/wp-content\\\/uploads\\\/2018\\\/08\\\/image009.jpg\",\"datePublished\":\"2018-08-12T08:40:57+00:00\",\"dateModified\":\"2020-05-28T20:42:11+00:00\",\"breadcrumb\":{\"@id\":\"https:\\\/\\\/www.sucarn.es\\\/product\\\/picana\\\/#breadcrumb\"},\"inLanguage\":\"ca\",\"potentialAction\":[{\"@type\":\"ReadAction\",\"target\":[\"https:\\\/\\\/www.sucarn.es\\\/product\\\/picana\\\/\"]}]},{\"@type\":\"ImageObject\",\"inLanguage\":\"ca\",\"@id\":\"https:\\\/\\\/www.sucarn.es\\\/product\\\/picana\\\/#primaryimage\",\"url\":\"https:\\\/\\\/www.sucarn.es\\\/wp-content\\\/uploads\\\/2018\\\/08\\\/image009.jpg\",\"contentUrl\":\"https:\\\/\\\/www.sucarn.es\\\/wp-content\\\/uploads\\\/2018\\\/08\\\/image009.jpg\",\"width\":672,\"height\":439},{\"@type\":\"BreadcrumbList\",\"@id\":\"https:\\\/\\\/www.sucarn.es\\\/product\\\/picana\\\/#breadcrumb\",\"itemListElement\":[{\"@type\":\"ListItem\",\"position\":1,\"name\":\"Home\",\"item\":\"https:\\\/\\\/www.sucarn.es\\\/ca\\\/\"},{\"@type\":\"ListItem\",\"position\":2,\"name\":\"Shop\",\"item\":\"https:\\\/\\\/www.sucarn.es\\\/?page_id=2354\"},{\"@type\":\"ListItem\",\"position\":3,\"name\":\"CULAT\u00cd\"}]},{\"@type\":\"WebSite\",\"@id\":\"https:\\\/\\\/www.sucarn.es\\\/#website\",\"url\":\"https:\\\/\\\/www.sucarn.es\\\/\",\"name\":\"Sucarn\",\"description\":\"Sucarn\",\"publisher\":{\"@id\":\"https:\\\/\\\/www.sucarn.es\\\/#organization\"},\"potentialAction\":[{\"@type\":\"SearchAction\",\"target\":{\"@type\":\"EntryPoint\",\"urlTemplate\":\"https:\\\/\\\/www.sucarn.es\\\/?s={search_term_string}\"},\"query-input\":{\"@type\":\"PropertyValueSpecification\",\"valueRequired\":true,\"valueName\":\"search_term_string\"}}],\"inLanguage\":\"ca\"},{\"@type\":\"Organization\",\"@id\":\"https:\\\/\\\/www.sucarn.es\\\/#organization\",\"name\":\"Sucarn\",\"url\":\"https:\\\/\\\/www.sucarn.es\\\/\",\"logo\":{\"@type\":\"ImageObject\",\"inLanguage\":\"ca\",\"@id\":\"https:\\\/\\\/www.sucarn.es\\\/#\\\/schema\\\/logo\\\/image\\\/\",\"url\":\"https:\\\/\\\/www.sucarn.es\\\/wp-content\\\/uploads\\\/2018\\\/03\\\/LOGO_SUCARN.png\",\"contentUrl\":\"https:\\\/\\\/www.sucarn.es\\\/wp-content\\\/uploads\\\/2018\\\/03\\\/LOGO_SUCARN.png\",\"width\":300,\"height\":93,\"caption\":\"Sucarn\"},\"image\":{\"@id\":\"https:\\\/\\\/www.sucarn.es\\\/#\\\/schema\\\/logo\\\/image\\\/\"}}]}<\/script>\n<!-- \/ Yoast SEO plugin. -->","yoast_head_json":{"title":"CULAT\u00cd - Bienvenido","robots":{"index":"index","follow":"follow","max-snippet":"max-snippet:-1","max-image-preview":"max-image-preview:large","max-video-preview":"max-video-preview:-1"},"canonical":"https:\/\/www.sucarn.es\/ca\/product\/picana\/","og_locale":"ca_ES","og_type":"article","og_title":"CULAT\u00cd - Bienvenido","og_description":"DESCRIPCI\u00d3 T\u00c8CNICA Pe\u00e7a que s\u2019extreu de la bola de l'animal. Pertany a la part superior de la culata. \u00c9s reconeix per la seva forma triangular. RA\u00c7A: Frisona o Simental. ORIGEN: Pol\u00f2nia, Alemanya, etc. TIPUS D'ENVASAT: Al buit 1\u00d71. CADUCITAT: 30 \u2013 34 dies des de producci\u00f3. UNITAT MIN. COMANDA: 1 Caixa \u2013 15 kg, aproximadament. TEMPERATURA: Conservar fresc: entre 0\u00baC i 3\u00baC. Congelat: a -18\u00baC. CARACTER\u00cdSTIQUES La carn del culat\u00ed es tendra i sucosa i no t\u00e9 teixit conjuntiu. Considerada de Categoria 1\u00aaA. UTILITATS Tallada en filets va b\u00e9 per arrebossats i planxa. Tamb\u00e9 \u00e9s ideal per fer \"rump steak\" i altres filets enrotllats i farcits. Com a pe\u00e7a sencera \u00e9s ideal per fer rostits.","og_url":"https:\/\/www.sucarn.es\/product\/picana\/","og_site_name":"Bienvenido","article_modified_time":"2020-05-28T20:42:11+00:00","og_image":[{"width":672,"height":439,"url":"https:\/\/www.sucarn.es\/wp-content\/uploads\/2018\/08\/image009.jpg","type":"image\/jpeg"}],"twitter_card":"summary_large_image","schema":{"@context":"https:\/\/schema.org","@graph":[{"@type":"WebPage","@id":"https:\/\/www.sucarn.es\/product\/picana\/","url":"https:\/\/www.sucarn.es\/product\/picana\/","name":"CULAT\u00cd - Bienvenido","isPartOf":{"@id":"https:\/\/www.sucarn.es\/#website"},"primaryImageOfPage":{"@id":"https:\/\/www.sucarn.es\/product\/picana\/#primaryimage"},"image":{"@id":"https:\/\/www.sucarn.es\/product\/picana\/#primaryimage"},"thumbnailUrl":"https:\/\/www.sucarn.es\/wp-content\/uploads\/2018\/08\/image009.jpg","datePublished":"2018-08-12T08:40:57+00:00","dateModified":"2020-05-28T20:42:11+00:00","breadcrumb":{"@id":"https:\/\/www.sucarn.es\/product\/picana\/#breadcrumb"},"inLanguage":"ca","potentialAction":[{"@type":"ReadAction","target":["https:\/\/www.sucarn.es\/product\/picana\/"]}]},{"@type":"ImageObject","inLanguage":"ca","@id":"https:\/\/www.sucarn.es\/product\/picana\/#primaryimage","url":"https:\/\/www.sucarn.es\/wp-content\/uploads\/2018\/08\/image009.jpg","contentUrl":"https:\/\/www.sucarn.es\/wp-content\/uploads\/2018\/08\/image009.jpg","width":672,"height":439},{"@type":"BreadcrumbList","@id":"https:\/\/www.sucarn.es\/product\/picana\/#breadcrumb","itemListElement":[{"@type":"ListItem","position":1,"name":"Home","item":"https:\/\/www.sucarn.es\/ca\/"},{"@type":"ListItem","position":2,"name":"Shop","item":"https:\/\/www.sucarn.es\/?page_id=2354"},{"@type":"ListItem","position":3,"name":"CULAT\u00cd"}]},{"@type":"WebSite","@id":"https:\/\/www.sucarn.es\/#website","url":"https:\/\/www.sucarn.es\/","name":"Sucarn","description":"Sucarn","publisher":{"@id":"https:\/\/www.sucarn.es\/#organization"},"potentialAction":[{"@type":"SearchAction","target":{"@type":"EntryPoint","urlTemplate":"https:\/\/www.sucarn.es\/?s={search_term_string}"},"query-input":{"@type":"PropertyValueSpecification","valueRequired":true,"valueName":"search_term_string"}}],"inLanguage":"ca"},{"@type":"Organization","@id":"https:\/\/www.sucarn.es\/#organization","name":"Sucarn","url":"https:\/\/www.sucarn.es\/","logo":{"@type":"ImageObject","inLanguage":"ca","@id":"https:\/\/www.sucarn.es\/#\/schema\/logo\/image\/","url":"https:\/\/www.sucarn.es\/wp-content\/uploads\/2018\/03\/LOGO_SUCARN.png","contentUrl":"https:\/\/www.sucarn.es\/wp-content\/uploads\/2018\/03\/LOGO_SUCARN.png","width":300,"height":93,"caption":"Sucarn"},"image":{"@id":"https:\/\/www.sucarn.es\/#\/schema\/logo\/image\/"}}]}},"_links":{"self":[{"href":"https:\/\/www.sucarn.es\/ca\/wp-json\/wp\/v2\/product\/2671","targetHints":{"allow":["GET"]}}],"collection":[{"href":"https:\/\/www.sucarn.es\/ca\/wp-json\/wp\/v2\/product"}],"about":[{"href":"https:\/\/www.sucarn.es\/ca\/wp-json\/wp\/v2\/types\/product"}],"wp:featuredmedia":[{"embeddable":true,"href":"https:\/\/www.sucarn.es\/ca\/wp-json\/wp\/v2\/media\/2672"}],"wp:attachment":[{"href":"https:\/\/www.sucarn.es\/ca\/wp-json\/wp\/v2\/media?parent=2671"}],"wp:term":[{"taxonomy":"product_brand","embeddable":true,"href":"https:\/\/www.sucarn.es\/ca\/wp-json\/wp\/v2\/product_brand?post=2671"},{"taxonomy":"product_cat","embeddable":true,"href":"https:\/\/www.sucarn.es\/ca\/wp-json\/wp\/v2\/product_cat?post=2671"},{"taxonomy":"product_tag","embeddable":true,"href":"https:\/\/www.sucarn.es\/ca\/wp-json\/wp\/v2\/product_tag?post=2671"}],"curies":[{"name":"wp","href":"https:\/\/api.w.org\/{rel}","templated":true}]}}