{"id":2675,"date":"2018-08-11T14:12:47","date_gmt":"2018-08-11T14:12:47","guid":{"rendered":"https:\/\/www.sucarn.es\/product\/llom-a-o-8cost-al-buit-2\/"},"modified":"2020-05-28T20:42:44","modified_gmt":"2020-05-28T20:42:44","slug":"llom-a-o-8cost-al-buit","status":"publish","type":"product","link":"https:\/\/www.sucarn.es\/ca\/product\/llom-a-o-8cost-al-buit\/","title":{"rendered":"LLOM A\/O. 8COST. AL BUIT"},"content":{"rendered":"","protected":false},"excerpt":{"rendered":"<h5><u>DESCRIPCI\u00d3 T\u00c8CNICA<\/u><\/h5>\n<p>Pe\u00e7a que s&#8217;extreu de la part alta del llom de la vaca. Encara que es deixen 8 costelles de l&#8217;animal, es retiren els cossos i ap\u00f2fisi\u00a0vertebrals.<br \/>\n<strong>RA\u00c7A<\/strong>: Frisona o Simental.<br \/>\n<strong>ORIGEN<\/strong>: Dinamarca, etc.<br \/>\n<strong>TIPUS D&#8217;ENVASAT<\/strong>: Al buit 1\u00d71.<br \/>\n<strong>CADUCITAT<\/strong>: 30 \u2013 34 dies des de producci\u00f3.<br \/>\n<strong>UNITAT\u00a0 MIN. COMANDA<\/strong>: 1 Caixa \u2013 20 kg, aproximadament.<br \/>\n<strong>TEMPERATURA<\/strong>: Conservar entre 0\u00baC i 3\u00baC.<\/p>\n<h5><u>CARACTER\u00cdSTIQUES<\/u><\/h5>\n<p>Pe\u00e7a recoberta per teixit conjuntiu i greix. Es tracta d&#8217;una carn tendra i sucosa. D&#8217;ella obtenim el tall anomenat \u201ctxulet\u00f3n\u201d, la mitjana.\u00a0Si la pe\u00e7a \u00e9s infiltrada de greix es considera de major qualitat, ja que \u00e9s un producte de major tendresa i m\u00e9s sabor\u00f3s.<br \/>\nEs considera Categoria Extra.<\/p>\n<h5><u>UTILITATS<\/u><\/h5>\n<p>Resulta una carn excel.lent per a la graella, s\u2019ha de fer a foc lent.<\/p>\n","protected":false},"featured_media":2676,"template":"","meta":[],"product_brand":[],"product_cat":[177],"product_tag":[],"class_list":{"0":"post-2675","1":"product","2":"type-product","3":"status-publish","4":"has-post-thumbnail","6":"product_cat-bovina-vaca-ca","7":"align-left","8":"box-shadow-0","9":"box-shadow-0-hover","10":"ast-product-gallery-layout-horizontal","11":"ast-product-gallery-with-no-image","12":"ast-product-tabs-layout-horizontal","14":"first","15":"instock","16":"taxable","17":"shipping-taxable","18":"product-type-simple"},"yoast_head":"<!-- This site is optimized with the Yoast SEO plugin v27.3 - https:\/\/yoast.com\/product\/yoast-seo-wordpress\/ -->\n<title>LLOM A\/O. 8COST. AL BUIT - Bienvenido<\/title>\n<meta name=\"robots\" content=\"index, follow, max-snippet:-1, max-image-preview:large, max-video-preview:-1\" \/>\n<link rel=\"canonical\" href=\"https:\/\/www.sucarn.es\/ca\/product\/lomo-c-h-8cost-vacio\/\" \/>\n<meta property=\"og:locale\" content=\"ca_ES\" \/>\n<meta property=\"og:type\" content=\"article\" \/>\n<meta property=\"og:title\" content=\"LLOM A\/O. 8COST. AL BUIT - Bienvenido\" \/>\n<meta property=\"og:description\" content=\"DESCRIPCI\u00d3 T\u00c8CNICA Pe\u00e7a que s&#039;extreu de la part alta del llom de la vaca. Encara que es deixen 8 costelles de l&#039;animal, es retiren els cossos i ap\u00f2fisi\u00a0vertebrals. RA\u00c7A: Frisona o Simental. ORIGEN: Dinamarca, etc. TIPUS D&#039;ENVASAT: Al buit 1\u00d71. CADUCITAT: 30 \u2013 34 dies des de producci\u00f3. UNITAT\u00a0 MIN. COMANDA: 1 Caixa \u2013 20 kg, aproximadament. TEMPERATURA: Conservar entre 0\u00baC i 3\u00baC. CARACTER\u00cdSTIQUES Pe\u00e7a recoberta per teixit conjuntiu i greix. Es tracta d&#039;una carn tendra i sucosa. D&#039;ella obtenim el tall anomenat \u201ctxulet\u00f3n\u201d, la mitjana.\u00a0Si la pe\u00e7a \u00e9s infiltrada de greix es considera de major qualitat, ja que \u00e9s un producte de major tendresa i m\u00e9s sabor\u00f3s. Es considera Categoria Extra. UTILITATS Resulta una carn excel.lent per a la graella, s\u2019ha de fer a foc lent.\" \/>\n<meta property=\"og:url\" content=\"https:\/\/www.sucarn.es\/product\/lomo-c-h-8cost-vacio\/\" \/>\n<meta property=\"og:site_name\" content=\"Bienvenido\" \/>\n<meta property=\"article:modified_time\" content=\"2020-05-28T20:42:44+00:00\" \/>\n<meta property=\"og:image\" content=\"https:\/\/www.sucarn.es\/wp-content\/uploads\/2018\/08\/image003.jpg\" \/>\n\t<meta property=\"og:image:width\" content=\"609\" \/>\n\t<meta property=\"og:image:height\" content=\"465\" \/>\n\t<meta property=\"og:image:type\" content=\"image\/jpeg\" \/>\n<meta name=\"twitter:card\" content=\"summary_large_image\" \/>\n<script type=\"application\/ld+json\" class=\"yoast-schema-graph\">{\"@context\":\"https:\\\/\\\/schema.org\",\"@graph\":[{\"@type\":\"WebPage\",\"@id\":\"https:\\\/\\\/www.sucarn.es\\\/product\\\/lomo-c-h-8cost-vacio\\\/\",\"url\":\"https:\\\/\\\/www.sucarn.es\\\/product\\\/lomo-c-h-8cost-vacio\\\/\",\"name\":\"LLOM A\\\/O. 8COST. AL BUIT - Bienvenido\",\"isPartOf\":{\"@id\":\"https:\\\/\\\/www.sucarn.es\\\/#website\"},\"primaryImageOfPage\":{\"@id\":\"https:\\\/\\\/www.sucarn.es\\\/product\\\/lomo-c-h-8cost-vacio\\\/#primaryimage\"},\"image\":{\"@id\":\"https:\\\/\\\/www.sucarn.es\\\/product\\\/lomo-c-h-8cost-vacio\\\/#primaryimage\"},\"thumbnailUrl\":\"https:\\\/\\\/www.sucarn.es\\\/wp-content\\\/uploads\\\/2018\\\/08\\\/image003.jpg\",\"datePublished\":\"2018-08-11T14:12:47+00:00\",\"dateModified\":\"2020-05-28T20:42:44+00:00\",\"breadcrumb\":{\"@id\":\"https:\\\/\\\/www.sucarn.es\\\/product\\\/lomo-c-h-8cost-vacio\\\/#breadcrumb\"},\"inLanguage\":\"ca\",\"potentialAction\":[{\"@type\":\"ReadAction\",\"target\":[\"https:\\\/\\\/www.sucarn.es\\\/product\\\/lomo-c-h-8cost-vacio\\\/\"]}]},{\"@type\":\"ImageObject\",\"inLanguage\":\"ca\",\"@id\":\"https:\\\/\\\/www.sucarn.es\\\/product\\\/lomo-c-h-8cost-vacio\\\/#primaryimage\",\"url\":\"https:\\\/\\\/www.sucarn.es\\\/wp-content\\\/uploads\\\/2018\\\/08\\\/image003.jpg\",\"contentUrl\":\"https:\\\/\\\/www.sucarn.es\\\/wp-content\\\/uploads\\\/2018\\\/08\\\/image003.jpg\",\"width\":609,\"height\":465},{\"@type\":\"BreadcrumbList\",\"@id\":\"https:\\\/\\\/www.sucarn.es\\\/product\\\/lomo-c-h-8cost-vacio\\\/#breadcrumb\",\"itemListElement\":[{\"@type\":\"ListItem\",\"position\":1,\"name\":\"Home\",\"item\":\"https:\\\/\\\/www.sucarn.es\\\/ca\\\/\"},{\"@type\":\"ListItem\",\"position\":2,\"name\":\"Shop\",\"item\":\"https:\\\/\\\/www.sucarn.es\\\/?page_id=2354\"},{\"@type\":\"ListItem\",\"position\":3,\"name\":\"LLOM A\\\/O. 8COST. AL BUIT\"}]},{\"@type\":\"WebSite\",\"@id\":\"https:\\\/\\\/www.sucarn.es\\\/#website\",\"url\":\"https:\\\/\\\/www.sucarn.es\\\/\",\"name\":\"Sucarn\",\"description\":\"Sucarn\",\"publisher\":{\"@id\":\"https:\\\/\\\/www.sucarn.es\\\/#organization\"},\"potentialAction\":[{\"@type\":\"SearchAction\",\"target\":{\"@type\":\"EntryPoint\",\"urlTemplate\":\"https:\\\/\\\/www.sucarn.es\\\/?s={search_term_string}\"},\"query-input\":{\"@type\":\"PropertyValueSpecification\",\"valueRequired\":true,\"valueName\":\"search_term_string\"}}],\"inLanguage\":\"ca\"},{\"@type\":\"Organization\",\"@id\":\"https:\\\/\\\/www.sucarn.es\\\/#organization\",\"name\":\"Sucarn\",\"url\":\"https:\\\/\\\/www.sucarn.es\\\/\",\"logo\":{\"@type\":\"ImageObject\",\"inLanguage\":\"ca\",\"@id\":\"https:\\\/\\\/www.sucarn.es\\\/#\\\/schema\\\/logo\\\/image\\\/\",\"url\":\"https:\\\/\\\/www.sucarn.es\\\/wp-content\\\/uploads\\\/2018\\\/03\\\/LOGO_SUCARN.png\",\"contentUrl\":\"https:\\\/\\\/www.sucarn.es\\\/wp-content\\\/uploads\\\/2018\\\/03\\\/LOGO_SUCARN.png\",\"width\":300,\"height\":93,\"caption\":\"Sucarn\"},\"image\":{\"@id\":\"https:\\\/\\\/www.sucarn.es\\\/#\\\/schema\\\/logo\\\/image\\\/\"}}]}<\/script>\n<!-- \/ Yoast SEO plugin. -->","yoast_head_json":{"title":"LLOM A\/O. 8COST. AL BUIT - Bienvenido","robots":{"index":"index","follow":"follow","max-snippet":"max-snippet:-1","max-image-preview":"max-image-preview:large","max-video-preview":"max-video-preview:-1"},"canonical":"https:\/\/www.sucarn.es\/ca\/product\/lomo-c-h-8cost-vacio\/","og_locale":"ca_ES","og_type":"article","og_title":"LLOM A\/O. 8COST. AL BUIT - Bienvenido","og_description":"DESCRIPCI\u00d3 T\u00c8CNICA Pe\u00e7a que s'extreu de la part alta del llom de la vaca. Encara que es deixen 8 costelles de l'animal, es retiren els cossos i ap\u00f2fisi\u00a0vertebrals. RA\u00c7A: Frisona o Simental. ORIGEN: Dinamarca, etc. TIPUS D'ENVASAT: Al buit 1\u00d71. CADUCITAT: 30 \u2013 34 dies des de producci\u00f3. UNITAT\u00a0 MIN. COMANDA: 1 Caixa \u2013 20 kg, aproximadament. TEMPERATURA: Conservar entre 0\u00baC i 3\u00baC. CARACTER\u00cdSTIQUES Pe\u00e7a recoberta per teixit conjuntiu i greix. Es tracta d'una carn tendra i sucosa. D'ella obtenim el tall anomenat \u201ctxulet\u00f3n\u201d, la mitjana.\u00a0Si la pe\u00e7a \u00e9s infiltrada de greix es considera de major qualitat, ja que \u00e9s un producte de major tendresa i m\u00e9s sabor\u00f3s. Es considera Categoria Extra. UTILITATS Resulta una carn excel.lent per a la graella, s\u2019ha de fer a foc lent.","og_url":"https:\/\/www.sucarn.es\/product\/lomo-c-h-8cost-vacio\/","og_site_name":"Bienvenido","article_modified_time":"2020-05-28T20:42:44+00:00","og_image":[{"width":609,"height":465,"url":"https:\/\/www.sucarn.es\/wp-content\/uploads\/2018\/08\/image003.jpg","type":"image\/jpeg"}],"twitter_card":"summary_large_image","schema":{"@context":"https:\/\/schema.org","@graph":[{"@type":"WebPage","@id":"https:\/\/www.sucarn.es\/product\/lomo-c-h-8cost-vacio\/","url":"https:\/\/www.sucarn.es\/product\/lomo-c-h-8cost-vacio\/","name":"LLOM A\/O. 8COST. AL BUIT - Bienvenido","isPartOf":{"@id":"https:\/\/www.sucarn.es\/#website"},"primaryImageOfPage":{"@id":"https:\/\/www.sucarn.es\/product\/lomo-c-h-8cost-vacio\/#primaryimage"},"image":{"@id":"https:\/\/www.sucarn.es\/product\/lomo-c-h-8cost-vacio\/#primaryimage"},"thumbnailUrl":"https:\/\/www.sucarn.es\/wp-content\/uploads\/2018\/08\/image003.jpg","datePublished":"2018-08-11T14:12:47+00:00","dateModified":"2020-05-28T20:42:44+00:00","breadcrumb":{"@id":"https:\/\/www.sucarn.es\/product\/lomo-c-h-8cost-vacio\/#breadcrumb"},"inLanguage":"ca","potentialAction":[{"@type":"ReadAction","target":["https:\/\/www.sucarn.es\/product\/lomo-c-h-8cost-vacio\/"]}]},{"@type":"ImageObject","inLanguage":"ca","@id":"https:\/\/www.sucarn.es\/product\/lomo-c-h-8cost-vacio\/#primaryimage","url":"https:\/\/www.sucarn.es\/wp-content\/uploads\/2018\/08\/image003.jpg","contentUrl":"https:\/\/www.sucarn.es\/wp-content\/uploads\/2018\/08\/image003.jpg","width":609,"height":465},{"@type":"BreadcrumbList","@id":"https:\/\/www.sucarn.es\/product\/lomo-c-h-8cost-vacio\/#breadcrumb","itemListElement":[{"@type":"ListItem","position":1,"name":"Home","item":"https:\/\/www.sucarn.es\/ca\/"},{"@type":"ListItem","position":2,"name":"Shop","item":"https:\/\/www.sucarn.es\/?page_id=2354"},{"@type":"ListItem","position":3,"name":"LLOM A\/O. 8COST. AL BUIT"}]},{"@type":"WebSite","@id":"https:\/\/www.sucarn.es\/#website","url":"https:\/\/www.sucarn.es\/","name":"Sucarn","description":"Sucarn","publisher":{"@id":"https:\/\/www.sucarn.es\/#organization"},"potentialAction":[{"@type":"SearchAction","target":{"@type":"EntryPoint","urlTemplate":"https:\/\/www.sucarn.es\/?s={search_term_string}"},"query-input":{"@type":"PropertyValueSpecification","valueRequired":true,"valueName":"search_term_string"}}],"inLanguage":"ca"},{"@type":"Organization","@id":"https:\/\/www.sucarn.es\/#organization","name":"Sucarn","url":"https:\/\/www.sucarn.es\/","logo":{"@type":"ImageObject","inLanguage":"ca","@id":"https:\/\/www.sucarn.es\/#\/schema\/logo\/image\/","url":"https:\/\/www.sucarn.es\/wp-content\/uploads\/2018\/03\/LOGO_SUCARN.png","contentUrl":"https:\/\/www.sucarn.es\/wp-content\/uploads\/2018\/03\/LOGO_SUCARN.png","width":300,"height":93,"caption":"Sucarn"},"image":{"@id":"https:\/\/www.sucarn.es\/#\/schema\/logo\/image\/"}}]}},"_links":{"self":[{"href":"https:\/\/www.sucarn.es\/ca\/wp-json\/wp\/v2\/product\/2675","targetHints":{"allow":["GET"]}}],"collection":[{"href":"https:\/\/www.sucarn.es\/ca\/wp-json\/wp\/v2\/product"}],"about":[{"href":"https:\/\/www.sucarn.es\/ca\/wp-json\/wp\/v2\/types\/product"}],"wp:featuredmedia":[{"embeddable":true,"href":"https:\/\/www.sucarn.es\/ca\/wp-json\/wp\/v2\/media\/2676"}],"wp:attachment":[{"href":"https:\/\/www.sucarn.es\/ca\/wp-json\/wp\/v2\/media?parent=2675"}],"wp:term":[{"taxonomy":"product_brand","embeddable":true,"href":"https:\/\/www.sucarn.es\/ca\/wp-json\/wp\/v2\/product_brand?post=2675"},{"taxonomy":"product_cat","embeddable":true,"href":"https:\/\/www.sucarn.es\/ca\/wp-json\/wp\/v2\/product_cat?post=2675"},{"taxonomy":"product_tag","embeddable":true,"href":"https:\/\/www.sucarn.es\/ca\/wp-json\/wp\/v2\/product_tag?post=2675"}],"curies":[{"name":"wp","href":"https:\/\/api.w.org\/{rel}","templated":true}]}}