{"id":2677,"date":"2018-08-11T14:17:08","date_gmt":"2018-08-11T14:17:08","guid":{"rendered":"https:\/\/www.sucarn.es\/product\/filet-2-5kg-2\/"},"modified":"2020-05-28T20:42:37","modified_gmt":"2020-05-28T20:42:37","slug":"filet-2-5kg","status":"publish","type":"product","link":"https:\/\/www.sucarn.es\/ca\/product\/filet-2-5kg\/","title":{"rendered":"FILET +2.5KG"},"content":{"rendered":"","protected":false},"excerpt":{"rendered":"<h5><u>DESCRIPCI\u00d3 T\u00c8CNICA<\/u><\/h5>\n<p>Pe\u00e7a que es troba a la cara interna del llom baix.<br \/>\n\u00c9s allargada i amb un cap en la seva part posterior m\u00e9s ampla, una zona central i la punta (m\u00e9s estreta). No t\u00e9 os.<br \/>\n<strong>RA\u00c7A<\/strong>: Frisona o Simental.<br \/>\n<strong>ORIGEN<\/strong>: Holanda, Alemanya, It\u00e0lia, Pol\u00f2nia, etc.<br \/>\n<strong>TIPUS D&#8217;ENVASAT<\/strong>: Al buit 1\u00d71.<br \/>\n<strong>CADUCITAT<\/strong>: 30 \u2013 34 dies des de producci\u00f3.<br \/>\n<strong>UNITAT\u00a0 MIN. COMANDA<\/strong>: 1 Caixa \u2013 10 a 20 kg, segons prove\u00efdor.<br \/>\n<strong>TEMPERATURA<\/strong>: Conservar fresc: entre 0\u00baC i 3\u00baC. Congelat: a -18\u00baC.<\/p>\n<h5><u>CARACTER\u00cdSTIQUES<\/u><\/h5>\n<p>\u00c9s la pe\u00e7a m\u00e9s apreciada del bestiar bov\u00ed.<br \/>\nEl filet est\u00e0 recobert per greix que ha de ser eliminat i pot deixar-se o no el cord\u00f3 que \u00e9s la zona a trav\u00e9s de la qual s&#8217;adhereix al llom.<br \/>\nLa carn \u00e9s magra i sense greix.<br \/>\nConsiderada de Categoria Extra.<\/p>\n<h5><u>UTILITATS<\/u><\/h5>\n<p>Ideal per a fer a la graella, a la planxa o la paella. Tamb\u00e9 es pot fer servir per a rosbif, bistec t\u00e0rtar i carpaccio. Sempre amb coccions curtes.<\/p>\n","protected":false},"featured_media":2678,"template":"","meta":[],"product_brand":[],"product_cat":[177],"product_tag":[],"class_list":{"0":"post-2677","1":"product","2":"type-product","3":"status-publish","4":"has-post-thumbnail","6":"product_cat-bovina-vaca-ca","7":"align-left","8":"box-shadow-0","9":"box-shadow-0-hover","10":"ast-product-gallery-layout-horizontal","11":"ast-product-gallery-with-no-image","12":"ast-product-tabs-layout-horizontal","14":"first","15":"instock","16":"taxable","17":"shipping-taxable","18":"product-type-simple"},"yoast_head":"<!-- This site is optimized with the Yoast SEO plugin v27.3 - https:\/\/yoast.com\/product\/yoast-seo-wordpress\/ -->\n<title>FILET +2.5KG - Bienvenido<\/title>\n<meta name=\"robots\" content=\"index, follow, max-snippet:-1, max-image-preview:large, max-video-preview:-1\" \/>\n<link rel=\"canonical\" href=\"https:\/\/www.sucarn.es\/ca\/product\/solomillo-2-5kg\/\" \/>\n<meta property=\"og:locale\" content=\"ca_ES\" \/>\n<meta property=\"og:type\" content=\"article\" \/>\n<meta property=\"og:title\" content=\"FILET +2.5KG - Bienvenido\" \/>\n<meta property=\"og:description\" content=\"DESCRIPCI\u00d3 T\u00c8CNICA Pe\u00e7a que es troba a la cara interna del llom baix. \u00c9s allargada i amb un cap en la seva part posterior m\u00e9s ampla, una zona central i la punta (m\u00e9s estreta). No t\u00e9 os. RA\u00c7A: Frisona o Simental. ORIGEN: Holanda, Alemanya, It\u00e0lia, Pol\u00f2nia, etc. TIPUS D&#039;ENVASAT: Al buit 1\u00d71. CADUCITAT: 30 \u2013 34 dies des de producci\u00f3. UNITAT\u00a0 MIN. COMANDA: 1 Caixa \u2013 10 a 20 kg, segons prove\u00efdor. TEMPERATURA: Conservar fresc: entre 0\u00baC i 3\u00baC. Congelat: a -18\u00baC. CARACTER\u00cdSTIQUES \u00c9s la pe\u00e7a m\u00e9s apreciada del bestiar bov\u00ed. El filet est\u00e0 recobert per greix que ha de ser eliminat i pot deixar-se o no el cord\u00f3 que \u00e9s la zona a trav\u00e9s de la qual s&#039;adhereix al llom. La carn \u00e9s magra i sense greix. Considerada de Categoria Extra. UTILITATS Ideal per a fer a la graella, a la planxa o la paella. Tamb\u00e9 es pot fer servir per a rosbif, bistec t\u00e0rtar i carpaccio. Sempre amb coccions curtes.\" \/>\n<meta property=\"og:url\" content=\"https:\/\/www.sucarn.es\/product\/solomillo-2-5kg\/\" \/>\n<meta property=\"og:site_name\" content=\"Bienvenido\" \/>\n<meta property=\"article:modified_time\" content=\"2020-05-28T20:42:37+00:00\" \/>\n<meta property=\"og:image\" content=\"https:\/\/www.sucarn.es\/wp-content\/uploads\/2018\/08\/image004.jpg\" \/>\n\t<meta property=\"og:image:width\" content=\"521\" \/>\n\t<meta property=\"og:image:height\" content=\"410\" \/>\n\t<meta property=\"og:image:type\" content=\"image\/jpeg\" \/>\n<meta name=\"twitter:card\" content=\"summary_large_image\" \/>\n<script type=\"application\/ld+json\" class=\"yoast-schema-graph\">{\"@context\":\"https:\\\/\\\/schema.org\",\"@graph\":[{\"@type\":\"WebPage\",\"@id\":\"https:\\\/\\\/www.sucarn.es\\\/product\\\/solomillo-2-5kg\\\/\",\"url\":\"https:\\\/\\\/www.sucarn.es\\\/product\\\/solomillo-2-5kg\\\/\",\"name\":\"FILET +2.5KG - Bienvenido\",\"isPartOf\":{\"@id\":\"https:\\\/\\\/www.sucarn.es\\\/#website\"},\"primaryImageOfPage\":{\"@id\":\"https:\\\/\\\/www.sucarn.es\\\/product\\\/solomillo-2-5kg\\\/#primaryimage\"},\"image\":{\"@id\":\"https:\\\/\\\/www.sucarn.es\\\/product\\\/solomillo-2-5kg\\\/#primaryimage\"},\"thumbnailUrl\":\"https:\\\/\\\/www.sucarn.es\\\/wp-content\\\/uploads\\\/2018\\\/08\\\/image004.jpg\",\"datePublished\":\"2018-08-11T14:17:08+00:00\",\"dateModified\":\"2020-05-28T20:42:37+00:00\",\"breadcrumb\":{\"@id\":\"https:\\\/\\\/www.sucarn.es\\\/product\\\/solomillo-2-5kg\\\/#breadcrumb\"},\"inLanguage\":\"ca\",\"potentialAction\":[{\"@type\":\"ReadAction\",\"target\":[\"https:\\\/\\\/www.sucarn.es\\\/product\\\/solomillo-2-5kg\\\/\"]}]},{\"@type\":\"ImageObject\",\"inLanguage\":\"ca\",\"@id\":\"https:\\\/\\\/www.sucarn.es\\\/product\\\/solomillo-2-5kg\\\/#primaryimage\",\"url\":\"https:\\\/\\\/www.sucarn.es\\\/wp-content\\\/uploads\\\/2018\\\/08\\\/image004.jpg\",\"contentUrl\":\"https:\\\/\\\/www.sucarn.es\\\/wp-content\\\/uploads\\\/2018\\\/08\\\/image004.jpg\",\"width\":521,\"height\":410},{\"@type\":\"BreadcrumbList\",\"@id\":\"https:\\\/\\\/www.sucarn.es\\\/product\\\/solomillo-2-5kg\\\/#breadcrumb\",\"itemListElement\":[{\"@type\":\"ListItem\",\"position\":1,\"name\":\"Home\",\"item\":\"https:\\\/\\\/www.sucarn.es\\\/ca\\\/\"},{\"@type\":\"ListItem\",\"position\":2,\"name\":\"Shop\",\"item\":\"https:\\\/\\\/www.sucarn.es\\\/?page_id=2354\"},{\"@type\":\"ListItem\",\"position\":3,\"name\":\"FILET +2.5KG\"}]},{\"@type\":\"WebSite\",\"@id\":\"https:\\\/\\\/www.sucarn.es\\\/#website\",\"url\":\"https:\\\/\\\/www.sucarn.es\\\/\",\"name\":\"Sucarn\",\"description\":\"Sucarn\",\"publisher\":{\"@id\":\"https:\\\/\\\/www.sucarn.es\\\/#organization\"},\"potentialAction\":[{\"@type\":\"SearchAction\",\"target\":{\"@type\":\"EntryPoint\",\"urlTemplate\":\"https:\\\/\\\/www.sucarn.es\\\/?s={search_term_string}\"},\"query-input\":{\"@type\":\"PropertyValueSpecification\",\"valueRequired\":true,\"valueName\":\"search_term_string\"}}],\"inLanguage\":\"ca\"},{\"@type\":\"Organization\",\"@id\":\"https:\\\/\\\/www.sucarn.es\\\/#organization\",\"name\":\"Sucarn\",\"url\":\"https:\\\/\\\/www.sucarn.es\\\/\",\"logo\":{\"@type\":\"ImageObject\",\"inLanguage\":\"ca\",\"@id\":\"https:\\\/\\\/www.sucarn.es\\\/#\\\/schema\\\/logo\\\/image\\\/\",\"url\":\"https:\\\/\\\/www.sucarn.es\\\/wp-content\\\/uploads\\\/2018\\\/03\\\/LOGO_SUCARN.png\",\"contentUrl\":\"https:\\\/\\\/www.sucarn.es\\\/wp-content\\\/uploads\\\/2018\\\/03\\\/LOGO_SUCARN.png\",\"width\":300,\"height\":93,\"caption\":\"Sucarn\"},\"image\":{\"@id\":\"https:\\\/\\\/www.sucarn.es\\\/#\\\/schema\\\/logo\\\/image\\\/\"}}]}<\/script>\n<!-- \/ Yoast SEO plugin. -->","yoast_head_json":{"title":"FILET +2.5KG - Bienvenido","robots":{"index":"index","follow":"follow","max-snippet":"max-snippet:-1","max-image-preview":"max-image-preview:large","max-video-preview":"max-video-preview:-1"},"canonical":"https:\/\/www.sucarn.es\/ca\/product\/solomillo-2-5kg\/","og_locale":"ca_ES","og_type":"article","og_title":"FILET +2.5KG - Bienvenido","og_description":"DESCRIPCI\u00d3 T\u00c8CNICA Pe\u00e7a que es troba a la cara interna del llom baix. \u00c9s allargada i amb un cap en la seva part posterior m\u00e9s ampla, una zona central i la punta (m\u00e9s estreta). No t\u00e9 os. RA\u00c7A: Frisona o Simental. ORIGEN: Holanda, Alemanya, It\u00e0lia, Pol\u00f2nia, etc. TIPUS D'ENVASAT: Al buit 1\u00d71. CADUCITAT: 30 \u2013 34 dies des de producci\u00f3. UNITAT\u00a0 MIN. COMANDA: 1 Caixa \u2013 10 a 20 kg, segons prove\u00efdor. TEMPERATURA: Conservar fresc: entre 0\u00baC i 3\u00baC. Congelat: a -18\u00baC. CARACTER\u00cdSTIQUES \u00c9s la pe\u00e7a m\u00e9s apreciada del bestiar bov\u00ed. El filet est\u00e0 recobert per greix que ha de ser eliminat i pot deixar-se o no el cord\u00f3 que \u00e9s la zona a trav\u00e9s de la qual s'adhereix al llom. La carn \u00e9s magra i sense greix. Considerada de Categoria Extra. UTILITATS Ideal per a fer a la graella, a la planxa o la paella. Tamb\u00e9 es pot fer servir per a rosbif, bistec t\u00e0rtar i carpaccio. Sempre amb coccions curtes.","og_url":"https:\/\/www.sucarn.es\/product\/solomillo-2-5kg\/","og_site_name":"Bienvenido","article_modified_time":"2020-05-28T20:42:37+00:00","og_image":[{"width":521,"height":410,"url":"https:\/\/www.sucarn.es\/wp-content\/uploads\/2018\/08\/image004.jpg","type":"image\/jpeg"}],"twitter_card":"summary_large_image","schema":{"@context":"https:\/\/schema.org","@graph":[{"@type":"WebPage","@id":"https:\/\/www.sucarn.es\/product\/solomillo-2-5kg\/","url":"https:\/\/www.sucarn.es\/product\/solomillo-2-5kg\/","name":"FILET +2.5KG - Bienvenido","isPartOf":{"@id":"https:\/\/www.sucarn.es\/#website"},"primaryImageOfPage":{"@id":"https:\/\/www.sucarn.es\/product\/solomillo-2-5kg\/#primaryimage"},"image":{"@id":"https:\/\/www.sucarn.es\/product\/solomillo-2-5kg\/#primaryimage"},"thumbnailUrl":"https:\/\/www.sucarn.es\/wp-content\/uploads\/2018\/08\/image004.jpg","datePublished":"2018-08-11T14:17:08+00:00","dateModified":"2020-05-28T20:42:37+00:00","breadcrumb":{"@id":"https:\/\/www.sucarn.es\/product\/solomillo-2-5kg\/#breadcrumb"},"inLanguage":"ca","potentialAction":[{"@type":"ReadAction","target":["https:\/\/www.sucarn.es\/product\/solomillo-2-5kg\/"]}]},{"@type":"ImageObject","inLanguage":"ca","@id":"https:\/\/www.sucarn.es\/product\/solomillo-2-5kg\/#primaryimage","url":"https:\/\/www.sucarn.es\/wp-content\/uploads\/2018\/08\/image004.jpg","contentUrl":"https:\/\/www.sucarn.es\/wp-content\/uploads\/2018\/08\/image004.jpg","width":521,"height":410},{"@type":"BreadcrumbList","@id":"https:\/\/www.sucarn.es\/product\/solomillo-2-5kg\/#breadcrumb","itemListElement":[{"@type":"ListItem","position":1,"name":"Home","item":"https:\/\/www.sucarn.es\/ca\/"},{"@type":"ListItem","position":2,"name":"Shop","item":"https:\/\/www.sucarn.es\/?page_id=2354"},{"@type":"ListItem","position":3,"name":"FILET +2.5KG"}]},{"@type":"WebSite","@id":"https:\/\/www.sucarn.es\/#website","url":"https:\/\/www.sucarn.es\/","name":"Sucarn","description":"Sucarn","publisher":{"@id":"https:\/\/www.sucarn.es\/#organization"},"potentialAction":[{"@type":"SearchAction","target":{"@type":"EntryPoint","urlTemplate":"https:\/\/www.sucarn.es\/?s={search_term_string}"},"query-input":{"@type":"PropertyValueSpecification","valueRequired":true,"valueName":"search_term_string"}}],"inLanguage":"ca"},{"@type":"Organization","@id":"https:\/\/www.sucarn.es\/#organization","name":"Sucarn","url":"https:\/\/www.sucarn.es\/","logo":{"@type":"ImageObject","inLanguage":"ca","@id":"https:\/\/www.sucarn.es\/#\/schema\/logo\/image\/","url":"https:\/\/www.sucarn.es\/wp-content\/uploads\/2018\/03\/LOGO_SUCARN.png","contentUrl":"https:\/\/www.sucarn.es\/wp-content\/uploads\/2018\/03\/LOGO_SUCARN.png","width":300,"height":93,"caption":"Sucarn"},"image":{"@id":"https:\/\/www.sucarn.es\/#\/schema\/logo\/image\/"}}]}},"_links":{"self":[{"href":"https:\/\/www.sucarn.es\/ca\/wp-json\/wp\/v2\/product\/2677","targetHints":{"allow":["GET"]}}],"collection":[{"href":"https:\/\/www.sucarn.es\/ca\/wp-json\/wp\/v2\/product"}],"about":[{"href":"https:\/\/www.sucarn.es\/ca\/wp-json\/wp\/v2\/types\/product"}],"wp:featuredmedia":[{"embeddable":true,"href":"https:\/\/www.sucarn.es\/ca\/wp-json\/wp\/v2\/media\/2678"}],"wp:attachment":[{"href":"https:\/\/www.sucarn.es\/ca\/wp-json\/wp\/v2\/media?parent=2677"}],"wp:term":[{"taxonomy":"product_brand","embeddable":true,"href":"https:\/\/www.sucarn.es\/ca\/wp-json\/wp\/v2\/product_brand?post=2677"},{"taxonomy":"product_cat","embeddable":true,"href":"https:\/\/www.sucarn.es\/ca\/wp-json\/wp\/v2\/product_cat?post=2677"},{"taxonomy":"product_tag","embeddable":true,"href":"https:\/\/www.sucarn.es\/ca\/wp-json\/wp\/v2\/product_tag?post=2677"}],"curies":[{"name":"wp","href":"https:\/\/api.w.org\/{rel}","templated":true}]}}