{"id":2747,"date":"2020-06-08T09:10:38","date_gmt":"2020-06-08T09:10:38","guid":{"rendered":"https:\/\/www.sucarn.es\/?post_type=product&#038;p=2747"},"modified":"2020-06-08T09:48:10","modified_gmt":"2020-06-08T09:48:10","slug":"maluc-congelat","status":"publish","type":"product","link":"https:\/\/www.sucarn.es\/ca\/product\/maluc-congelat\/","title":{"rendered":"MALUC CONGELAT"},"content":{"rendered":"","protected":false},"excerpt":{"rendered":"<h5><u>DESCRIPCI\u00d3 T\u00c8CNICA<\/u><\/h5>\n<p>Es troba en la part lateral anterior de la cama. Est\u00e0 formada pels diferents m\u00fasculs del gluti.<br \/>\n<strong>ESP\u00c8CIE<\/strong>: Cangur.<br \/>\n<strong>ORIGEN<\/strong>: Austr\u00e0lia.<br \/>\n<strong>TIPUS D&#8217;ENVASAT<\/strong>: Al buit.<br \/>\n<strong>CADUCITAT<\/strong>: 2\u00a0anys des de producci\u00f3.<br \/>\n<strong>UNITAT MIN. COMANDA<\/strong>: 1 Caixa \u2013 10 kg, aproximadament.<br \/>\n<strong>TEMPERATURA<\/strong>: Conservar a -18\u00baC.<\/p>\n<h5><u>CARACTER\u00cdSTIQUES<\/u><\/h5>\n<p>La carn del maluc \u00e9s gustosa i tendra. A m\u00e9s de la connotaci\u00f3 d&#8217;ex\u00f2tic, la carn de cangur posseeix una gran quantitat de propietats que fan que el seu consum sigui saludable: rica en ferro, zinc, \u00e0cid linoleic, \u00e0cids omega 3 i 6, i amb molt poc greix.<\/p>\n<h5><u>UTILITATS<\/u><\/h5>\n<p>El maluc \u00e9s una pe\u00e7a molt vers\u00e0til. En filets resulta excel\u00b7lent fregida, a la planxa, a la graella o trossejada. Resulta una carn excel\u00b7lent per a fondues.<\/p>\n","protected":false},"featured_media":2738,"template":"","meta":[],"product_brand":[],"product_cat":[183],"product_tag":[],"class_list":{"0":"post-2747","1":"product","2":"type-product","3":"status-publish","4":"has-post-thumbnail","6":"product_cat-marsupial-cangur","7":"align-left","8":"box-shadow-0","9":"box-shadow-0-hover","10":"ast-product-gallery-layout-horizontal","11":"ast-product-gallery-with-no-image","12":"ast-product-tabs-layout-horizontal","14":"first","15":"instock","16":"taxable","17":"shipping-taxable","18":"product-type-simple"},"yoast_head":"<!-- This site is optimized with the Yoast SEO plugin v27.3 - https:\/\/yoast.com\/product\/yoast-seo-wordpress\/ -->\n<title>MALUC CONGELAT - Bienvenido<\/title>\n<meta name=\"robots\" content=\"index, follow, max-snippet:-1, max-image-preview:large, max-video-preview:-1\" \/>\n<link rel=\"canonical\" href=\"https:\/\/www.sucarn.es\/ca\/product\/cadera-congelada\/\" \/>\n<meta property=\"og:locale\" content=\"ca_ES\" \/>\n<meta property=\"og:type\" content=\"article\" \/>\n<meta property=\"og:title\" content=\"MALUC CONGELAT - Bienvenido\" \/>\n<meta property=\"og:description\" content=\"DESCRIPCI\u00d3 T\u00c8CNICA Es troba en la part lateral anterior de la cama. Est\u00e0 formada pels diferents m\u00fasculs del gluti. ESP\u00c8CIE: Cangur. ORIGEN: Austr\u00e0lia. TIPUS D&#039;ENVASAT: Al buit. CADUCITAT: 2\u00a0anys des de producci\u00f3. UNITAT MIN. COMANDA: 1 Caixa \u2013 10 kg, aproximadament. TEMPERATURA: Conservar a -18\u00baC. CARACTER\u00cdSTIQUES La carn del maluc \u00e9s gustosa i tendra. A m\u00e9s de la connotaci\u00f3 d&#039;ex\u00f2tic, la carn de cangur posseeix una gran quantitat de propietats que fan que el seu consum sigui saludable: rica en ferro, zinc, \u00e0cid linoleic, \u00e0cids omega 3 i 6, i amb molt poc greix. UTILITATS El maluc \u00e9s una pe\u00e7a molt vers\u00e0til. En filets resulta excel\u00b7lent fregida, a la planxa, a la graella o trossejada. Resulta una carn excel\u00b7lent per a fondues.\" \/>\n<meta property=\"og:url\" content=\"https:\/\/www.sucarn.es\/product\/cadera-congelada\/\" \/>\n<meta property=\"og:site_name\" content=\"Bienvenido\" \/>\n<meta property=\"article:modified_time\" content=\"2020-06-08T09:48:10+00:00\" \/>\n<meta property=\"og:image\" content=\"https:\/\/www.sucarn.es\/wp-content\/uploads\/2020\/06\/cadera-de-canguro.jpg\" \/>\n\t<meta property=\"og:image:width\" content=\"666\" \/>\n\t<meta property=\"og:image:height\" content=\"459\" \/>\n\t<meta property=\"og:image:type\" content=\"image\/jpeg\" \/>\n<meta name=\"twitter:card\" content=\"summary_large_image\" \/>\n<script type=\"application\/ld+json\" class=\"yoast-schema-graph\">{\"@context\":\"https:\\\/\\\/schema.org\",\"@graph\":[{\"@type\":\"WebPage\",\"@id\":\"https:\\\/\\\/www.sucarn.es\\\/product\\\/cadera-congelada\\\/\",\"url\":\"https:\\\/\\\/www.sucarn.es\\\/product\\\/cadera-congelada\\\/\",\"name\":\"MALUC CONGELAT - Bienvenido\",\"isPartOf\":{\"@id\":\"https:\\\/\\\/www.sucarn.es\\\/#website\"},\"primaryImageOfPage\":{\"@id\":\"https:\\\/\\\/www.sucarn.es\\\/product\\\/cadera-congelada\\\/#primaryimage\"},\"image\":{\"@id\":\"https:\\\/\\\/www.sucarn.es\\\/product\\\/cadera-congelada\\\/#primaryimage\"},\"thumbnailUrl\":\"https:\\\/\\\/www.sucarn.es\\\/wp-content\\\/uploads\\\/2020\\\/06\\\/cadera-de-canguro.jpg\",\"datePublished\":\"2020-06-08T09:10:38+00:00\",\"dateModified\":\"2020-06-08T09:48:10+00:00\",\"breadcrumb\":{\"@id\":\"https:\\\/\\\/www.sucarn.es\\\/product\\\/cadera-congelada\\\/#breadcrumb\"},\"inLanguage\":\"ca\",\"potentialAction\":[{\"@type\":\"ReadAction\",\"target\":[\"https:\\\/\\\/www.sucarn.es\\\/product\\\/cadera-congelada\\\/\"]}]},{\"@type\":\"ImageObject\",\"inLanguage\":\"ca\",\"@id\":\"https:\\\/\\\/www.sucarn.es\\\/product\\\/cadera-congelada\\\/#primaryimage\",\"url\":\"https:\\\/\\\/www.sucarn.es\\\/wp-content\\\/uploads\\\/2020\\\/06\\\/cadera-de-canguro.jpg\",\"contentUrl\":\"https:\\\/\\\/www.sucarn.es\\\/wp-content\\\/uploads\\\/2020\\\/06\\\/cadera-de-canguro.jpg\",\"width\":666,\"height\":459,\"caption\":\"Maluc de cangur\"},{\"@type\":\"BreadcrumbList\",\"@id\":\"https:\\\/\\\/www.sucarn.es\\\/product\\\/cadera-congelada\\\/#breadcrumb\",\"itemListElement\":[{\"@type\":\"ListItem\",\"position\":1,\"name\":\"Home\",\"item\":\"https:\\\/\\\/www.sucarn.es\\\/ca\\\/\"},{\"@type\":\"ListItem\",\"position\":2,\"name\":\"Shop\",\"item\":\"https:\\\/\\\/www.sucarn.es\\\/?page_id=2354\"},{\"@type\":\"ListItem\",\"position\":3,\"name\":\"MALUC CONGELAT\"}]},{\"@type\":\"WebSite\",\"@id\":\"https:\\\/\\\/www.sucarn.es\\\/#website\",\"url\":\"https:\\\/\\\/www.sucarn.es\\\/\",\"name\":\"Sucarn\",\"description\":\"Sucarn\",\"publisher\":{\"@id\":\"https:\\\/\\\/www.sucarn.es\\\/#organization\"},\"potentialAction\":[{\"@type\":\"SearchAction\",\"target\":{\"@type\":\"EntryPoint\",\"urlTemplate\":\"https:\\\/\\\/www.sucarn.es\\\/?s={search_term_string}\"},\"query-input\":{\"@type\":\"PropertyValueSpecification\",\"valueRequired\":true,\"valueName\":\"search_term_string\"}}],\"inLanguage\":\"ca\"},{\"@type\":\"Organization\",\"@id\":\"https:\\\/\\\/www.sucarn.es\\\/#organization\",\"name\":\"Sucarn\",\"url\":\"https:\\\/\\\/www.sucarn.es\\\/\",\"logo\":{\"@type\":\"ImageObject\",\"inLanguage\":\"ca\",\"@id\":\"https:\\\/\\\/www.sucarn.es\\\/#\\\/schema\\\/logo\\\/image\\\/\",\"url\":\"https:\\\/\\\/www.sucarn.es\\\/wp-content\\\/uploads\\\/2018\\\/03\\\/LOGO_SUCARN.png\",\"contentUrl\":\"https:\\\/\\\/www.sucarn.es\\\/wp-content\\\/uploads\\\/2018\\\/03\\\/LOGO_SUCARN.png\",\"width\":300,\"height\":93,\"caption\":\"Sucarn\"},\"image\":{\"@id\":\"https:\\\/\\\/www.sucarn.es\\\/#\\\/schema\\\/logo\\\/image\\\/\"}}]}<\/script>\n<!-- \/ Yoast SEO plugin. -->","yoast_head_json":{"title":"MALUC CONGELAT - Bienvenido","robots":{"index":"index","follow":"follow","max-snippet":"max-snippet:-1","max-image-preview":"max-image-preview:large","max-video-preview":"max-video-preview:-1"},"canonical":"https:\/\/www.sucarn.es\/ca\/product\/cadera-congelada\/","og_locale":"ca_ES","og_type":"article","og_title":"MALUC CONGELAT - Bienvenido","og_description":"DESCRIPCI\u00d3 T\u00c8CNICA Es troba en la part lateral anterior de la cama. Est\u00e0 formada pels diferents m\u00fasculs del gluti. ESP\u00c8CIE: Cangur. ORIGEN: Austr\u00e0lia. TIPUS D'ENVASAT: Al buit. CADUCITAT: 2\u00a0anys des de producci\u00f3. UNITAT MIN. COMANDA: 1 Caixa \u2013 10 kg, aproximadament. TEMPERATURA: Conservar a -18\u00baC. CARACTER\u00cdSTIQUES La carn del maluc \u00e9s gustosa i tendra. A m\u00e9s de la connotaci\u00f3 d'ex\u00f2tic, la carn de cangur posseeix una gran quantitat de propietats que fan que el seu consum sigui saludable: rica en ferro, zinc, \u00e0cid linoleic, \u00e0cids omega 3 i 6, i amb molt poc greix. UTILITATS El maluc \u00e9s una pe\u00e7a molt vers\u00e0til. En filets resulta excel\u00b7lent fregida, a la planxa, a la graella o trossejada. Resulta una carn excel\u00b7lent per a fondues.","og_url":"https:\/\/www.sucarn.es\/product\/cadera-congelada\/","og_site_name":"Bienvenido","article_modified_time":"2020-06-08T09:48:10+00:00","og_image":[{"width":666,"height":459,"url":"https:\/\/www.sucarn.es\/wp-content\/uploads\/2020\/06\/cadera-de-canguro.jpg","type":"image\/jpeg"}],"twitter_card":"summary_large_image","schema":{"@context":"https:\/\/schema.org","@graph":[{"@type":"WebPage","@id":"https:\/\/www.sucarn.es\/product\/cadera-congelada\/","url":"https:\/\/www.sucarn.es\/product\/cadera-congelada\/","name":"MALUC CONGELAT - Bienvenido","isPartOf":{"@id":"https:\/\/www.sucarn.es\/#website"},"primaryImageOfPage":{"@id":"https:\/\/www.sucarn.es\/product\/cadera-congelada\/#primaryimage"},"image":{"@id":"https:\/\/www.sucarn.es\/product\/cadera-congelada\/#primaryimage"},"thumbnailUrl":"https:\/\/www.sucarn.es\/wp-content\/uploads\/2020\/06\/cadera-de-canguro.jpg","datePublished":"2020-06-08T09:10:38+00:00","dateModified":"2020-06-08T09:48:10+00:00","breadcrumb":{"@id":"https:\/\/www.sucarn.es\/product\/cadera-congelada\/#breadcrumb"},"inLanguage":"ca","potentialAction":[{"@type":"ReadAction","target":["https:\/\/www.sucarn.es\/product\/cadera-congelada\/"]}]},{"@type":"ImageObject","inLanguage":"ca","@id":"https:\/\/www.sucarn.es\/product\/cadera-congelada\/#primaryimage","url":"https:\/\/www.sucarn.es\/wp-content\/uploads\/2020\/06\/cadera-de-canguro.jpg","contentUrl":"https:\/\/www.sucarn.es\/wp-content\/uploads\/2020\/06\/cadera-de-canguro.jpg","width":666,"height":459,"caption":"Maluc de cangur"},{"@type":"BreadcrumbList","@id":"https:\/\/www.sucarn.es\/product\/cadera-congelada\/#breadcrumb","itemListElement":[{"@type":"ListItem","position":1,"name":"Home","item":"https:\/\/www.sucarn.es\/ca\/"},{"@type":"ListItem","position":2,"name":"Shop","item":"https:\/\/www.sucarn.es\/?page_id=2354"},{"@type":"ListItem","position":3,"name":"MALUC CONGELAT"}]},{"@type":"WebSite","@id":"https:\/\/www.sucarn.es\/#website","url":"https:\/\/www.sucarn.es\/","name":"Sucarn","description":"Sucarn","publisher":{"@id":"https:\/\/www.sucarn.es\/#organization"},"potentialAction":[{"@type":"SearchAction","target":{"@type":"EntryPoint","urlTemplate":"https:\/\/www.sucarn.es\/?s={search_term_string}"},"query-input":{"@type":"PropertyValueSpecification","valueRequired":true,"valueName":"search_term_string"}}],"inLanguage":"ca"},{"@type":"Organization","@id":"https:\/\/www.sucarn.es\/#organization","name":"Sucarn","url":"https:\/\/www.sucarn.es\/","logo":{"@type":"ImageObject","inLanguage":"ca","@id":"https:\/\/www.sucarn.es\/#\/schema\/logo\/image\/","url":"https:\/\/www.sucarn.es\/wp-content\/uploads\/2018\/03\/LOGO_SUCARN.png","contentUrl":"https:\/\/www.sucarn.es\/wp-content\/uploads\/2018\/03\/LOGO_SUCARN.png","width":300,"height":93,"caption":"Sucarn"},"image":{"@id":"https:\/\/www.sucarn.es\/#\/schema\/logo\/image\/"}}]}},"_links":{"self":[{"href":"https:\/\/www.sucarn.es\/ca\/wp-json\/wp\/v2\/product\/2747","targetHints":{"allow":["GET"]}}],"collection":[{"href":"https:\/\/www.sucarn.es\/ca\/wp-json\/wp\/v2\/product"}],"about":[{"href":"https:\/\/www.sucarn.es\/ca\/wp-json\/wp\/v2\/types\/product"}],"wp:featuredmedia":[{"embeddable":true,"href":"https:\/\/www.sucarn.es\/ca\/wp-json\/wp\/v2\/media\/2738"}],"wp:attachment":[{"href":"https:\/\/www.sucarn.es\/ca\/wp-json\/wp\/v2\/media?parent=2747"}],"wp:term":[{"taxonomy":"product_brand","embeddable":true,"href":"https:\/\/www.sucarn.es\/ca\/wp-json\/wp\/v2\/product_brand?post=2747"},{"taxonomy":"product_cat","embeddable":true,"href":"https:\/\/www.sucarn.es\/ca\/wp-json\/wp\/v2\/product_cat?post=2747"},{"taxonomy":"product_tag","embeddable":true,"href":"https:\/\/www.sucarn.es\/ca\/wp-json\/wp\/v2\/product_tag?post=2747"}],"curies":[{"name":"wp","href":"https:\/\/api.w.org\/{rel}","templated":true}]}}